{"id":2035,"date":"2020-09-24T17:16:46","date_gmt":"2020-09-24T15:16:46","guid":{"rendered":"http:\/\/laurencekahn.be\/?page_id=2035"},"modified":"2020-10-05T21:15:33","modified_gmt":"2020-10-05T19:15:33","slug":"ecrits","status":"publish","type":"page","link":"https:\/\/laurencekahn.be\/index.php\/ecrits\/","title":{"rendered":"\u00c9crits"},"content":{"rendered":"\n<p>J&rsquo;\u00e9cris de diff\u00e9rentes fa\u00e7ons selon les contextes. Pour simplifier, disons qu&rsquo;il y a d&rsquo;une part, les <strong>cr\u00e9ations<\/strong> telles que<strong> <\/strong>textes de th\u00e9\u00e2tre, po\u00e8mes, chansons, aphorismes, \u00e9crits m\u00eal\u00e9s \u00e0 des dessins\u2026 et d&rsquo;autre part, la <strong>r\u00e9daction<\/strong> qui concerne les articles et les dossiers p\u00e9dagogiques.<\/p>\n\n\n\n<div style=\"height:20px\" aria-hidden=\"true\" class=\"wp-block-spacer\"><\/div>\n\n\n<div class=\"kb-gallery-wrap-id-_f2cd26-bb alignnone wp-block-kadence-advancedgallery\"><ul class=\"kb-gallery-ul kb-gallery-non-static kb-gallery-type-grid kb-gallery-id-_f2cd26-bb kb-gallery-caption-style-cover-hover kb-gallery-filter-none\" data-image-filter=\"none\" data-item-selector=\".kadence-blocks-gallery-item\" data-lightbox-caption=\"true\" data-columns-xxl=\"2\" data-columns-xl=\"2\" data-columns-md=\"2\" data-columns-sm=\"2\" data-columns-xs=\"1\" data-columns-ss=\"1\"><li class=\"kadence-blocks-gallery-item\"><div class=\"kadence-blocks-gallery-item-inner\"><figure class=\"kb-gallery-figure kb-gallery-item-has-link kadence-blocks-gallery-item-has-caption\"><a href=\"http:\/\/laurencekahn.be\/?page_id=2320&#038;preview=true\" class=\"kb-gallery-item-link\" target=\"_blank\" rel=\"noopener noreferrer\"><div class=\"kb-gal-image-radius\"><div class=\"kb-gallery-image-contain kadence-blocks-gallery-intrinsic kb-gallery-image-ratio-land32 kb-has-image-ratio-land32\" ><img loading=\"lazy\" decoding=\"async\" src=\"http:\/\/laurencekahn.be\/wp-content\/uploads\/2020\/07\/16.03.11-8.2-1024x768.jpg\" width=\"1024\" height=\"768\" alt=\"\" data-full-image=\"http:\/\/laurencekahn.be\/wp-content\/uploads\/2020\/07\/16.03.11-8.2-scaled.jpg\" data-light-image=\"http:\/\/laurencekahn.be\/wp-content\/uploads\/2020\/07\/16.03.11-8.2-scaled.jpg\" data-id=\"2387\" class=\"wp-image-2387\" srcset=\"https:\/\/laurencekahn.be\/wp-content\/uploads\/2020\/07\/16.03.11-8.2-1024x768.jpg 1024w, https:\/\/laurencekahn.be\/wp-content\/uploads\/2020\/07\/16.03.11-8.2-300x225.jpg 300w, https:\/\/laurencekahn.be\/wp-content\/uploads\/2020\/07\/16.03.11-8.2-768x576.jpg 768w, https:\/\/laurencekahn.be\/wp-content\/uploads\/2020\/07\/16.03.11-8.2-500x375.jpg 500w, https:\/\/laurencekahn.be\/wp-content\/uploads\/2020\/07\/16.03.11-8.2-800x600.jpg 800w, https:\/\/laurencekahn.be\/wp-content\/uploads\/2020\/07\/16.03.11-8.2-1280x960.jpg 1280w, https:\/\/laurencekahn.be\/wp-content\/uploads\/2020\/07\/16.03.11-8.2-1920x1440.jpg 1920w, https:\/\/laurencekahn.be\/wp-content\/uploads\/2020\/07\/16.03.11-8.2-1536x1152.jpg 1536w, https:\/\/laurencekahn.be\/wp-content\/uploads\/2020\/07\/16.03.11-8.2-2048x1536.jpg 2048w\" sizes=\"(max-width: 1024px) 100vw, 1024px\" \/><\/div><div class=\"kadence-blocks-gallery-item__caption\"><strong>Th\u00e9\u00e2tre<\/strong><\/div><\/div><\/a><\/figure><\/div><\/li><li class=\"kadence-blocks-gallery-item\"><div class=\"kadence-blocks-gallery-item-inner\"><figure class=\"kb-gallery-figure kb-gallery-item-has-link kadence-blocks-gallery-item-has-caption\"><a href=\"http:\/\/laurencekahn.be\/?page_id=2322&#038;preview=true\" class=\"kb-gallery-item-link\" target=\"_blank\" rel=\"noopener noreferrer\"><div class=\"kb-gal-image-radius\"><div class=\"kb-gallery-image-contain kadence-blocks-gallery-intrinsic kb-gallery-image-ratio-land32 kb-has-image-ratio-land32\" ><img loading=\"lazy\" decoding=\"async\" src=\"http:\/\/laurencekahn.be\/wp-content\/uploads\/2020\/03\/26.01.20-copie-1024x682.jpg\" width=\"1024\" height=\"682\" alt=\"\" data-full-image=\"http:\/\/laurencekahn.be\/wp-content\/uploads\/2020\/03\/26.01.20-copie-scaled.jpg\" data-light-image=\"http:\/\/laurencekahn.be\/wp-content\/uploads\/2020\/03\/26.01.20-copie-scaled.jpg\" data-id=\"2114\" class=\"wp-image-2114\" srcset=\"https:\/\/laurencekahn.be\/wp-content\/uploads\/2020\/03\/26.01.20-copie-1024x682.jpg 1024w, https:\/\/laurencekahn.be\/wp-content\/uploads\/2020\/03\/26.01.20-copie-300x200.jpg 300w, https:\/\/laurencekahn.be\/wp-content\/uploads\/2020\/03\/26.01.20-copie-768x511.jpg 768w, https:\/\/laurencekahn.be\/wp-content\/uploads\/2020\/03\/26.01.20-copie-500x333.jpg 500w, https:\/\/laurencekahn.be\/wp-content\/uploads\/2020\/03\/26.01.20-copie-800x533.jpg 800w, https:\/\/laurencekahn.be\/wp-content\/uploads\/2020\/03\/26.01.20-copie-1280x852.jpg 1280w, https:\/\/laurencekahn.be\/wp-content\/uploads\/2020\/03\/26.01.20-copie-1920x1279.jpg 1920w, https:\/\/laurencekahn.be\/wp-content\/uploads\/2020\/03\/26.01.20-copie-1536x1023.jpg 1536w, https:\/\/laurencekahn.be\/wp-content\/uploads\/2020\/03\/26.01.20-copie-2048x1364.jpg 2048w, https:\/\/laurencekahn.be\/wp-content\/uploads\/2020\/03\/26.01.20-copie-930x620.jpg 930w\" sizes=\"(max-width: 1024px) 100vw, 1024px\" \/><\/div><div class=\"kadence-blocks-gallery-item__caption\"><strong>Po\u00e8mes, chansons\u2026<\/strong><\/div><\/div><\/a><\/figure><\/div><\/li><li class=\"kadence-blocks-gallery-item\"><div class=\"kadence-blocks-gallery-item-inner\"><figure class=\"kb-gallery-figure kb-gallery-item-has-link kadence-blocks-gallery-item-has-caption\"><a href=\"http:\/\/laurencekahn.be\/?page_id=2075&#038;preview=true\" class=\"kb-gallery-item-link\" target=\"_blank\" rel=\"noopener noreferrer\"><div class=\"kb-gal-image-radius\"><div class=\"kb-gallery-image-contain kadence-blocks-gallery-intrinsic kb-gallery-image-ratio-land32 kb-has-image-ratio-land32\" ><img loading=\"lazy\" decoding=\"async\" src=\"http:\/\/laurencekahn.be\/wp-content\/uploads\/2020\/08\/28.12.14-4-1024x682.jpg\" width=\"1024\" height=\"682\" alt=\"\" data-full-image=\"http:\/\/laurencekahn.be\/wp-content\/uploads\/2020\/08\/28.12.14-4-scaled.jpg\" data-light-image=\"http:\/\/laurencekahn.be\/wp-content\/uploads\/2020\/08\/28.12.14-4-scaled.jpg\" data-id=\"2679\" class=\"wp-image-2679\" srcset=\"https:\/\/laurencekahn.be\/wp-content\/uploads\/2020\/08\/28.12.14-4-1024x682.jpg 1024w, https:\/\/laurencekahn.be\/wp-content\/uploads\/2020\/08\/28.12.14-4-300x200.jpg 300w, https:\/\/laurencekahn.be\/wp-content\/uploads\/2020\/08\/28.12.14-4-768x511.jpg 768w, https:\/\/laurencekahn.be\/wp-content\/uploads\/2020\/08\/28.12.14-4-500x333.jpg 500w, https:\/\/laurencekahn.be\/wp-content\/uploads\/2020\/08\/28.12.14-4-800x533.jpg 800w, https:\/\/laurencekahn.be\/wp-content\/uploads\/2020\/08\/28.12.14-4-1280x852.jpg 1280w, https:\/\/laurencekahn.be\/wp-content\/uploads\/2020\/08\/28.12.14-4-1920x1279.jpg 1920w, https:\/\/laurencekahn.be\/wp-content\/uploads\/2020\/08\/28.12.14-4-1536x1023.jpg 1536w, https:\/\/laurencekahn.be\/wp-content\/uploads\/2020\/08\/28.12.14-4-2048x1364.jpg 2048w, https:\/\/laurencekahn.be\/wp-content\/uploads\/2020\/08\/28.12.14-4-930x620.jpg 930w\" sizes=\"(max-width: 1024px) 100vw, 1024px\" \/><\/div><div class=\"kadence-blocks-gallery-item__caption\"><strong>R\u00e9daction<\/strong><\/div><\/div><\/a><\/figure><\/div><\/li><\/ul><\/div>\n\n\n<p><\/p>\n<style class=\"advgb-styles-renderer\">.wp-block-kadence-advancedgallery .kb-gallery-type-grid.kb-gallery-id-_f2cd26-bb{margin:-23px;}.kb-gallery-type-grid.kb-gallery-id-_f2cd26-bb .kadence-blocks-gallery-item{padding:23px;}.kb-gallery-id-_f2cd26-bb .kadence-blocks-gallery-item .kb-gal-image-radius, .kb-gallery-id-_f2cd26-bb .kb-slide-item .kb-gal-image-radius img{border-radius:27px 27px 27px 27px;;}.kb-gallery-id-_f2cd26-bb .kadence-blocks-gallery-item .kadence-blocks-gallery-item-inner .kadence-blocks-gallery-item__caption{font-size:26px;letter-spacing:5.5px;text-transform:none;}.kb-gallery-caption-style-cover-hover.kb-gallery-id-_f2cd26-bb .kadence-blocks-gallery-item .kadence-blocks-gallery-item-inner .kadence-blocks-gallery-item__caption, .kb-gallery-caption-style-below.kb-gallery-id-_f2cd26-bb .kadence-blocks-gallery-item .kadence-blocks-gallery-item-inner .kadence-blocks-gallery-item__caption{background:rgba(243, 105, 14, 0.85);}<\/style>","protected":false},"excerpt":{"rendered":"<p>J&rsquo;\u00e9cris de diff\u00e9rentes fa\u00e7ons selon les contextes. Pour simplifier, disons qu&rsquo;il y a d&rsquo;une part, les cr\u00e9ations telles que textes de th\u00e9\u00e2tre, po\u00e8mes, chansons, aphorismes, \u00e9crits m\u00eal\u00e9s \u00e0 des dessins\u2026 et d&rsquo;autre part, la r\u00e9daction qui concerne les articles et les dossiers p\u00e9dagogiques.<\/p>\n","protected":false},"author":1,"featured_media":0,"parent":0,"menu_order":0,"comment_status":"closed","ping_status":"closed","template":"","meta":{"advgb_blocks_editor_width":"","advgb_blocks_columns_visual_guide":"","neve_meta_sidebar":"full-width","neve_meta_container":"default","neve_meta_enable_content_width":"off","neve_meta_content_width":70,"neve_meta_title_alignment":"center","neve_meta_author_avatar":"","neve_post_elements_order":"","neve_meta_disable_header":"off","neve_meta_disable_footer":"off","neve_meta_disable_title":"off","_themeisle_gutenberg_block_has_review":false,"_vp_format_video_url":"","_vp_image_focal_point":[],"footnotes":""},"class_list":["post-2035","page","type-page","status-publish","hentry"],"coauthors":[],"author_meta":{"author_link":"https:\/\/laurencekahn.be\/index.php\/author\/admin8756\/","display_name":"admin8756"},"relative_dates":{"created":"Publi\u00e9 6 ans il y a","modified":"Mis \u00e0 jour 6 ans il y a"},"absolute_dates":{"created":"Publi\u00e9 le 24 septembre 2020","modified":"Mise \u00e0 jour le 5 octobre 2020"},"absolute_dates_time":{"created":"Publi\u00e9 le 24 septembre 2020 17 h 16 min","modified":"Mise \u00e0 jour le 5 octobre 2020 21 h 15 min"},"featured_img_caption":"","featured_img":false,"series_order":"","_links":{"self":[{"href":"https:\/\/laurencekahn.be\/index.php\/wp-json\/wp\/v2\/pages\/2035"}],"collection":[{"href":"https:\/\/laurencekahn.be\/index.php\/wp-json\/wp\/v2\/pages"}],"about":[{"href":"https:\/\/laurencekahn.be\/index.php\/wp-json\/wp\/v2\/types\/page"}],"author":[{"embeddable":true,"href":"https:\/\/laurencekahn.be\/index.php\/wp-json\/wp\/v2\/users\/1"}],"replies":[{"embeddable":true,"href":"https:\/\/laurencekahn.be\/index.php\/wp-json\/wp\/v2\/comments?post=2035"}],"version-history":[{"count":0,"href":"https:\/\/laurencekahn.be\/index.php\/wp-json\/wp\/v2\/pages\/2035\/revisions"}],"wp:attachment":[{"href":"https:\/\/laurencekahn.be\/index.php\/wp-json\/wp\/v2\/media?parent=2035"}],"curies":[{"name":"wp","href":"https:\/\/api.w.org\/{rel}","templated":true}]}}