{"id":2,"date":"2019-10-04T16:33:12","date_gmt":"2019-10-04T14:33:12","guid":{"rendered":"http:\/\/laurencekahn.be\/?page_id=2"},"modified":"2020-11-02T12:24:24","modified_gmt":"2020-11-02T11:24:24","slug":"accueil","status":"publish","type":"page","link":"https:\/\/laurencekahn.be\/","title":{"rendered":"accueil"},"content":{"rendered":"\n<div style=\"height:446px\" aria-hidden=\"true\" class=\"wp-block-spacer\"><\/div>\n\n\n\n<div class=\"wp-block-columns is-layout-flex wp-container-core-columns-is-layout-1 wp-block-columns-is-layout-flex\">\n<div class=\"wp-block-column is-layout-flow wp-block-column-is-layout-flow\" style=\"flex-basis:15%\">\n<p>  <\/p>\n<\/div>\n\n\n\n<div class=\"wp-block-column is-layout-flow wp-block-column-is-layout-flow\" style=\"flex-basis:73.79%\">\n<h1 class=\"has-white-color has-text-color wp-block-heading\">Laurence Kahn<\/h1>\n<\/div>\n<\/div>\n","protected":false},"excerpt":{"rendered":"<p>Laurence Kahn<\/p>\n","protected":false},"author":1,"featured_media":0,"parent":0,"menu_order":1,"comment_status":"closed","ping_status":"closed","template":"templates\/builder-fullwidth-std.php","meta":{"advgb_blocks_editor_width":"default","advgb_blocks_columns_visual_guide":"","neve_meta_sidebar":"full-width","neve_meta_container":"default","neve_meta_enable_content_width":"off","neve_meta_content_width":70,"neve_meta_title_alignment":"","neve_meta_author_avatar":"","neve_post_elements_order":"","neve_meta_disable_header":"off","neve_meta_disable_footer":"on","neve_meta_disable_title":"on","_themeisle_gutenberg_block_has_review":false,"_vp_format_video_url":"","_vp_image_focal_point":{"x":0.45,"y":0.36},"footnotes":""},"class_list":["post-2","page","type-page","status-publish","hentry"],"coauthors":[],"author_meta":{"author_link":"https:\/\/laurencekahn.be\/index.php\/author\/admin8756\/","display_name":"admin8756"},"relative_dates":{"created":"Publi\u00e9 7 ans il y a","modified":"Mis \u00e0 jour 5 ans il y a"},"absolute_dates":{"created":"Publi\u00e9 le 4 octobre 2019","modified":"Mise \u00e0 jour le 2 novembre 2020"},"absolute_dates_time":{"created":"Publi\u00e9 le 4 octobre 2019 16 h 33 min","modified":"Mise \u00e0 jour le 2 novembre 2020 12 h 24 min"},"featured_img_caption":"","featured_img":false,"series_order":"","_links":{"self":[{"href":"https:\/\/laurencekahn.be\/index.php\/wp-json\/wp\/v2\/pages\/2"}],"collection":[{"href":"https:\/\/laurencekahn.be\/index.php\/wp-json\/wp\/v2\/pages"}],"about":[{"href":"https:\/\/laurencekahn.be\/index.php\/wp-json\/wp\/v2\/types\/page"}],"author":[{"embeddable":true,"href":"https:\/\/laurencekahn.be\/index.php\/wp-json\/wp\/v2\/users\/1"}],"replies":[{"embeddable":true,"href":"https:\/\/laurencekahn.be\/index.php\/wp-json\/wp\/v2\/comments?post=2"}],"version-history":[{"count":0,"href":"https:\/\/laurencekahn.be\/index.php\/wp-json\/wp\/v2\/pages\/2\/revisions"}],"wp:attachment":[{"href":"https:\/\/laurencekahn.be\/index.php\/wp-json\/wp\/v2\/media?parent=2"}],"curies":[{"name":"wp","href":"https:\/\/api.w.org\/{rel}","templated":true}]}}