{"id":595,"date":"2020-09-17T10:45:24","date_gmt":"2020-09-17T08:45:24","guid":{"rendered":"http:\/\/laurencekahn.be\/?page_id=595"},"modified":"2022-04-04T16:40:34","modified_gmt":"2022-04-04T14:40:34","slug":"saint-gilles-ile-des-mots","status":"publish","type":"page","link":"http:\/\/laurencekahn.be\/index.php\/saint-gilles-ile-des-mots\/","title":{"rendered":"Saint-Gilles, \u00eele des mots"},"content":{"rendered":"\n<p>Dans le cadre de \u00ab\u00a0Saint-Gilles, Ville des Mots 2015\u00a0\u00bb, l\u2019atelier  \u00ab&nbsp;Saint-Gilles, \u00eele des mots&nbsp;\u00bb s\u2019est d\u00e9roul\u00e9 sur 8 s\u00e9ances tous les samedis entre le 31 janvier et le 21 mars.<\/p>\n\n\n\n<div class=\"wp-block-themeisle-blocks-advanced-columns has-2-columns has-desktop-equal-layout has-tablet-equal-layout has-mobile-collapsedRows-layout has-default-gap has-vertical-unset\" id=\"wp-block-themeisle-blocks-advanced-columns-5bbe82d6\"><div class=\"wp-block-themeisle-blocks-advanced-columns-overlay\"><\/div><div class=\"innerblocks-wrap\">\n<div class=\"wp-block-themeisle-blocks-advanced-column\" id=\"wp-block-themeisle-blocks-advanced-column-78b25a19\">\n<figure class=\"wp-block-image size-large\"><img loading=\"lazy\" decoding=\"async\" width=\"682\" height=\"1024\" src=\"http:\/\/laurencekahn.be\/wp-content\/uploads\/2019\/12\/StGilles-6.12.14-1-682x1024.jpg\" alt=\"\" class=\"wp-image-611\" srcset=\"http:\/\/laurencekahn.be\/wp-content\/uploads\/2019\/12\/StGilles-6.12.14-1-682x1024.jpg 682w, http:\/\/laurencekahn.be\/wp-content\/uploads\/2019\/12\/StGilles-6.12.14-1-200x300.jpg 200w, http:\/\/laurencekahn.be\/wp-content\/uploads\/2019\/12\/StGilles-6.12.14-1-768x1153.jpg 768w, http:\/\/laurencekahn.be\/wp-content\/uploads\/2019\/12\/StGilles-6.12.14-1-1023x1536.jpg 1023w, http:\/\/laurencekahn.be\/wp-content\/uploads\/2019\/12\/StGilles-6.12.14-1-1364x2048.jpg 1364w, http:\/\/laurencekahn.be\/wp-content\/uploads\/2019\/12\/StGilles-6.12.14-1-scaled.jpg 1705w\" sizes=\"(max-width: 682px) 100vw, 682px\" \/><\/figure>\n<\/div>\n\n\n\n<div class=\"wp-block-themeisle-blocks-advanced-column\" id=\"wp-block-themeisle-blocks-advanced-column-480ac561\">\n<p><strong>Les quatre premi\u00e8res s\u00e9ances ont consist\u00e9 \u00e0 explorer Saint-Gilles<\/strong> \u00e0 travers des exercices d&rsquo;\u00e9criture \u00e0 La Maison du Livre ainsi que dans les rues de la commune. Ont \u00e9t\u00e9 propos\u00e9, entre autres : des observations, des lectures, des documents photographiques, des jeux sur la sonorit\u00e9 des mots, des cr\u00e9ations de textes individuels et collectifs, des exercices vocaux et une initiation aux techniques d\u2019improvisation (dans l\u2019\u00e9criture comme dans la lecture).<\/p>\n<\/div>\n<\/div><\/div>\n\n\n\n<p>Au cours de ce processus est n\u00e9e une mati\u00e8re \u00e9crite et certaines phrases en ont \u00e9t\u00e9 extraites avec l&rsquo;id\u00e9e de les d\u00e9ployer sous une forme graphique. Ce fut le cas lors de <strong>la cinqui\u00e8me s\u00e9ance<\/strong>, une journ\u00e9e encadr\u00e9e par Axel Claes \u00e0 l\u2019imprimerie Chez Rosi, au cours de laquelle <strong>chaque participant\u00b7e a r\u00e9alis\u00e9 au moins une affiche <\/strong>en utilisant la technique de la risographie. 50 exemplaires de chaque affiche ont ainsi \u00e9t\u00e9 imprim\u00e9s.<\/p>\n\n\n\n<div class=\"wp-block-themeisle-blocks-advanced-columns has-2-columns has-desktop-equal-layout has-tablet-equal-layout has-mobile-collapsedRows-layout has-default-gap has-vertical-unset\" id=\"wp-block-themeisle-blocks-advanced-columns-7c1caf8a\"><div class=\"wp-block-themeisle-blocks-advanced-columns-overlay\"><\/div><div class=\"innerblocks-wrap\">\n<div class=\"wp-block-themeisle-blocks-advanced-column\" id=\"wp-block-themeisle-blocks-advanced-column-0faa4de7\">\n<p class=\"has-text-align-left\">La s\u00e9ance suivante, le groupe s\u2019est divis\u00e9 en \u00e9quipes de deux afin d\u2019aller <strong>accrocher les affiches sur les vitres et vitrines de la commune<\/strong> (chez les particuliers et dans les commerces). Des photos ont \u00e9t\u00e9 prises afin de garder des souvenirs de la pr\u00e9sence des affiches in situ.<\/p>\n<\/div>\n\n\n\n<div class=\"wp-block-themeisle-blocks-advanced-column\" id=\"wp-block-themeisle-blocks-advanced-column-8df6e3eb\">\n<figure class=\"wp-block-image size-large\"><img loading=\"lazy\" decoding=\"async\" width=\"682\" height=\"1024\" src=\"http:\/\/laurencekahn.be\/wp-content\/uploads\/2019\/12\/StGilles-6.12.14-2-682x1024.jpg\" alt=\"\" class=\"wp-image-621\" srcset=\"http:\/\/laurencekahn.be\/wp-content\/uploads\/2019\/12\/StGilles-6.12.14-2-682x1024.jpg 682w, http:\/\/laurencekahn.be\/wp-content\/uploads\/2019\/12\/StGilles-6.12.14-2-200x300.jpg 200w, http:\/\/laurencekahn.be\/wp-content\/uploads\/2019\/12\/StGilles-6.12.14-2-768x1153.jpg 768w, http:\/\/laurencekahn.be\/wp-content\/uploads\/2019\/12\/StGilles-6.12.14-2-1023x1536.jpg 1023w, http:\/\/laurencekahn.be\/wp-content\/uploads\/2019\/12\/StGilles-6.12.14-2-1364x2048.jpg 1364w, http:\/\/laurencekahn.be\/wp-content\/uploads\/2019\/12\/StGilles-6.12.14-2-scaled.jpg 1705w\" sizes=\"(max-width: 682px) 100vw, 682px\" \/><\/figure>\n<\/div>\n<\/div><\/div>\n\n\n\n<p><strong>La septi\u00e8me s\u00e9ance visait \u00e0 organiser la lecture publique<\/strong>&nbsp;: chaque participant\u00b7e est arriv\u00e9\u00b7e avec une s\u00e9lection de textes dont il\u00b7elle souhaitait la lecture et nous avons \u00e9tabli un ordre de passage, une structure.<\/p>\n\n\n\n<div class=\"wp-block-themeisle-blocks-advanced-columns has-2-columns has-desktop-equal-layout has-tablet-equal-layout has-mobile-collapsedRows-layout has-default-gap has-vertical-unset\" id=\"wp-block-themeisle-blocks-advanced-columns-a3370a32\"><div class=\"wp-block-themeisle-blocks-advanced-columns-overlay\"><\/div><div class=\"innerblocks-wrap\">\n<div class=\"wp-block-themeisle-blocks-advanced-column\" id=\"wp-block-themeisle-blocks-advanced-column-242c7cab\">\n<figure class=\"wp-block-image size-large\"><img loading=\"lazy\" decoding=\"async\" width=\"682\" height=\"1024\" src=\"http:\/\/laurencekahn.be\/wp-content\/uploads\/2019\/12\/4.01.15-3-682x1024.jpg\" alt=\"\" class=\"wp-image-915\" srcset=\"http:\/\/laurencekahn.be\/wp-content\/uploads\/2019\/12\/4.01.15-3-682x1024.jpg 682w, http:\/\/laurencekahn.be\/wp-content\/uploads\/2019\/12\/4.01.15-3-200x300.jpg 200w, http:\/\/laurencekahn.be\/wp-content\/uploads\/2019\/12\/4.01.15-3-768x1153.jpg 768w, http:\/\/laurencekahn.be\/wp-content\/uploads\/2019\/12\/4.01.15-3-1023x1536.jpg 1023w, http:\/\/laurencekahn.be\/wp-content\/uploads\/2019\/12\/4.01.15-3-1364x2048.jpg 1364w, http:\/\/laurencekahn.be\/wp-content\/uploads\/2019\/12\/4.01.15-3-scaled.jpg 1705w\" sizes=\"(max-width: 682px) 100vw, 682px\" \/><\/figure>\n<\/div>\n\n\n\n<div class=\"wp-block-themeisle-blocks-advanced-column\" id=\"wp-block-themeisle-blocks-advanced-column-1cde0fd0\">\n<p><strong>La huiti\u00e8me et derni\u00e8re s\u00e9ance s\u2019est d\u00e9roul\u00e9e \u00e0 C\u00e9pages<\/strong>, commerce de la rue Jean Volders&nbsp;alliant maison d\u2019\u00e9dition et vente de vins : <strong>les affiches y ont \u00e9t\u00e9 suspendues et une lecture a \u00e9t\u00e9 propos\u00e9e au public pr\u00e9sent<\/strong>.  Suite \u00e0 la lecture, des \u00e9changes ont eu lieu, des questions ont \u00e9t\u00e9  pos\u00e9es au groupe sur la d\u00e9marche qui avait \u00e9t\u00e9 suivie et des affiches  ont \u00e9t\u00e9 distribu\u00e9es.<\/p>\n<\/div>\n<\/div><\/div>\n\n\n\n<div style=\"height:20px\" aria-hidden=\"true\" class=\"wp-block-spacer\"><\/div>\n\n\n\n<div class=\"wp-block-columns is-layout-flex wp-container-core-columns-is-layout-1 wp-block-columns-is-layout-flex\">\n<div class=\"wp-block-column is-layout-flow wp-block-column-is-layout-flow\">\n<p class=\"has-text-align-center\"><strong><a href=\"https:\/\/stgillesvilledesmots.wordpress.com\/medias\/photos\/photos-des-ateliers\/saint-gilles-ile-des-mots-photos-de-latelier\/\" target=\"_blank\" rel=\"noreferrer noopener\">Voir des photos de l&rsquo;atelier<\/a><\/strong><\/p>\n<\/div>\n\n\n\n<div class=\"wp-block-column is-layout-flow wp-block-column-is-layout-flow\">\n<p class=\"has-text-align-center\"><strong><a href=\"https:\/\/chezrosi.wordpress.com\/2015\/03\/09\/atelier-decriture-atelier-daffiches\/\" target=\"_blank\" rel=\"noreferrer noopener\">Voir les affiches<\/a><\/strong><\/p>\n<\/div>\n\n\n\n<div class=\"wp-block-column is-layout-flow wp-block-column-is-layout-flow\">\n<p class=\"has-text-align-center\"><a rel=\"noreferrer noopener\" href=\"http:\/\/laurencekahn.be\/wp-content\/uploads\/2019\/12\/lecture-cepages.mp3\" target=\"_blank\"><strong>\u00c9couter la lecture publique<\/strong><\/a><\/p>\n<\/div>\n<\/div>\n\n\n<div class=\"kb-gallery-wrap-id-_6b8b8b-43 alignnone wp-block-kadence-advancedgallery\"><ul class=\"kb-gallery-ul kb-gallery-non-static kb-gallery-type-grid kb-gallery-id-_6b8b8b-43 kb-gallery-caption-style-cover-hover kb-gallery-filter-none\" data-image-filter=\"none\" data-item-selector=\".kadence-blocks-gallery-item\" data-lightbox-caption=\"true\" data-columns-xxl=\"3\" data-columns-xl=\"3\" data-columns-md=\"3\" data-columns-sm=\"2\" data-columns-xs=\"1\" data-columns-ss=\"1\"><li class=\"kadence-blocks-gallery-item\"><div class=\"kadence-blocks-gallery-item-inner\"><figure class=\"kb-gallery-figure kb-gallery-item-has-link kadence-blocks-gallery-item-has-caption\"><a href=\"https:\/\/stgillesvilledesmots.wordpress.com\/medias\/photos\/photos-des-ateliers\/saint-gilles-ile-des-mots-photos-de-latelier\/\" class=\"kb-gallery-item-link\" target=\"_blank\" rel=\"noopener noreferrer\"><div class=\"kb-gal-image-radius\"><div class=\"kb-gallery-image-contain kadence-blocks-gallery-intrinsic kb-gallery-image-ratio-land32 kb-has-image-ratio-land32\" ><img loading=\"lazy\" decoding=\"async\" src=\"http:\/\/laurencekahn.be\/wp-content\/uploads\/2019\/12\/StGilles-6.12.14-1024x682.jpg\" width=\"1024\" height=\"682\" alt=\"\" data-full-image=\"http:\/\/laurencekahn.be\/wp-content\/uploads\/2019\/12\/StGilles-6.12.14-scaled.jpg\" data-light-image=\"http:\/\/laurencekahn.be\/wp-content\/uploads\/2019\/12\/StGilles-6.12.14-scaled.jpg\" data-id=\"605\" class=\"wp-image-605\" srcset=\"http:\/\/laurencekahn.be\/wp-content\/uploads\/2019\/12\/StGilles-6.12.14-1024x682.jpg 1024w, http:\/\/laurencekahn.be\/wp-content\/uploads\/2019\/12\/StGilles-6.12.14-300x200.jpg 300w, http:\/\/laurencekahn.be\/wp-content\/uploads\/2019\/12\/StGilles-6.12.14-768x511.jpg 768w, http:\/\/laurencekahn.be\/wp-content\/uploads\/2019\/12\/StGilles-6.12.14-1536x1023.jpg 1536w, http:\/\/laurencekahn.be\/wp-content\/uploads\/2019\/12\/StGilles-6.12.14-2048x1364.jpg 2048w, http:\/\/laurencekahn.be\/wp-content\/uploads\/2019\/12\/StGilles-6.12.14-930x620.jpg 930w\" sizes=\"(max-width: 1024px) 100vw, 1024px\" \/><\/div><div class=\"kadence-blocks-gallery-item__caption\"><strong>Photos<\/strong><\/div><\/div><\/a><\/figure><\/div><\/li><li class=\"kadence-blocks-gallery-item\"><div class=\"kadence-blocks-gallery-item-inner\"><figure class=\"kb-gallery-figure kb-gallery-item-has-link kadence-blocks-gallery-item-has-caption\"><a href=\"https:\/\/chezrosi.wordpress.com\/2015\/03\/09\/atelier-decriture-atelier-daffiches\/\" class=\"kb-gallery-item-link\" target=\"_blank\" rel=\"noopener noreferrer\"><div class=\"kb-gal-image-radius\"><div class=\"kb-gallery-image-contain kadence-blocks-gallery-intrinsic kb-gallery-image-ratio-land32 kb-has-image-ratio-land32\" ><img loading=\"lazy\" decoding=\"async\" src=\"http:\/\/laurencekahn.be\/wp-content\/uploads\/2019\/12\/7.12.14-2-1024x682.jpg\" width=\"1024\" height=\"682\" alt=\"\" data-full-image=\"http:\/\/laurencekahn.be\/wp-content\/uploads\/2019\/12\/7.12.14-2-scaled.jpg\" data-light-image=\"http:\/\/laurencekahn.be\/wp-content\/uploads\/2019\/12\/7.12.14-2-scaled.jpg\" data-id=\"613\" class=\"wp-image-613\" srcset=\"http:\/\/laurencekahn.be\/wp-content\/uploads\/2019\/12\/7.12.14-2-1024x682.jpg 1024w, http:\/\/laurencekahn.be\/wp-content\/uploads\/2019\/12\/7.12.14-2-300x200.jpg 300w, http:\/\/laurencekahn.be\/wp-content\/uploads\/2019\/12\/7.12.14-2-768x511.jpg 768w, http:\/\/laurencekahn.be\/wp-content\/uploads\/2019\/12\/7.12.14-2-1536x1023.jpg 1536w, http:\/\/laurencekahn.be\/wp-content\/uploads\/2019\/12\/7.12.14-2-2048x1364.jpg 2048w, http:\/\/laurencekahn.be\/wp-content\/uploads\/2019\/12\/7.12.14-2-930x620.jpg 930w\" sizes=\"(max-width: 1024px) 100vw, 1024px\" \/><\/div><div class=\"kadence-blocks-gallery-item__caption\"><strong>Affiches<\/strong><\/div><\/div><\/a><\/figure><\/div><\/li><li class=\"kadence-blocks-gallery-item\"><div class=\"kadence-blocks-gallery-item-inner\"><figure class=\"kb-gallery-figure kb-gallery-item-has-link kadence-blocks-gallery-item-has-caption\"><a href=\"http:\/\/laurencekahn.be\/wp-content\/uploads\/2019\/12\/lecture-cepages.mp3\" class=\"kb-gallery-item-link\" target=\"_blank\" rel=\"noopener noreferrer\"><div class=\"kb-gal-image-radius\"><div class=\"kb-gallery-image-contain kadence-blocks-gallery-intrinsic kb-gallery-image-ratio-land32 kb-has-image-ratio-land32\" ><img loading=\"lazy\" decoding=\"async\" src=\"http:\/\/laurencekahn.be\/wp-content\/uploads\/2019\/11\/2.02.14-2-1024x683.jpg\" width=\"1024\" height=\"683\" alt=\"\" data-full-image=\"http:\/\/laurencekahn.be\/wp-content\/uploads\/2019\/11\/2.02.14-2-scaled.jpg\" data-light-image=\"http:\/\/laurencekahn.be\/wp-content\/uploads\/2019\/11\/2.02.14-2-scaled.jpg\" data-id=\"474\" class=\"wp-image-474\" srcset=\"http:\/\/laurencekahn.be\/wp-content\/uploads\/2019\/11\/2.02.14-2-1024x683.jpg 1024w, http:\/\/laurencekahn.be\/wp-content\/uploads\/2019\/11\/2.02.14-2-300x200.jpg 300w, http:\/\/laurencekahn.be\/wp-content\/uploads\/2019\/11\/2.02.14-2-768x512.jpg 768w, http:\/\/laurencekahn.be\/wp-content\/uploads\/2019\/11\/2.02.14-2-1536x1024.jpg 1536w, http:\/\/laurencekahn.be\/wp-content\/uploads\/2019\/11\/2.02.14-2-2048x1365.jpg 2048w, http:\/\/laurencekahn.be\/wp-content\/uploads\/2019\/11\/2.02.14-2-930x620.jpg 930w\" sizes=\"(max-width: 1024px) 100vw, 1024px\" \/><\/div><div class=\"kadence-blocks-gallery-item__caption\"><strong>Lecture<\/strong><\/div><\/div><\/a><\/figure><\/div><\/li><\/ul><\/div>\n\n\n<p><\/p>\n\n\n\n<p><\/p>\n\n\n\n<div style=\"height:20px\" aria-hidden=\"true\" class=\"wp-block-spacer\"><\/div>\n\n\n\n<div class=\"wp-block-image\"><figure class=\"aligncenter size-large\"><img loading=\"lazy\" decoding=\"async\" width=\"1024\" height=\"768\" src=\"http:\/\/laurencekahn.be\/wp-content\/uploads\/2019\/12\/Paris-5.05.14-1024x768.jpg\" alt=\"\" class=\"wp-image-616\" srcset=\"http:\/\/laurencekahn.be\/wp-content\/uploads\/2019\/12\/Paris-5.05.14-1024x768.jpg 1024w, http:\/\/laurencekahn.be\/wp-content\/uploads\/2019\/12\/Paris-5.05.14-300x225.jpg 300w, http:\/\/laurencekahn.be\/wp-content\/uploads\/2019\/12\/Paris-5.05.14-768x576.jpg 768w, http:\/\/laurencekahn.be\/wp-content\/uploads\/2019\/12\/Paris-5.05.14-1536x1152.jpg 1536w, http:\/\/laurencekahn.be\/wp-content\/uploads\/2019\/12\/Paris-5.05.14-2048x1536.jpg 2048w\" sizes=\"(max-width: 1024px) 100vw, 1024px\" \/><\/figure><\/div>\n\n\n\n<div style=\"height:20px\" aria-hidden=\"true\" class=\"wp-block-spacer\"><\/div>\n<style class=\"advgb-styles-renderer\">.wp-block-kadence-advancedgallery .kb-gallery-type-grid.kb-gallery-id-_6b8b8b-43{margin:-8px;}.kb-gallery-type-grid.kb-gallery-id-_6b8b8b-43 .kadence-blocks-gallery-item{padding:8px;}.kb-gallery-id-_6b8b8b-43 .kadence-blocks-gallery-item .kb-gal-image-radius, .kb-gallery-id-_6b8b8b-43 .kb-slide-item .kb-gal-image-radius img{border-radius:0px 0px 0px 0px;;}.kb-gallery-id-_6b8b8b-43 .kadence-blocks-gallery-item .kadence-blocks-gallery-item-inner .kadence-blocks-gallery-item__caption{font-size:18px;letter-spacing:5.5px;font-weight:400;}.kb-gallery-caption-style-cover-hover.kb-gallery-id-_6b8b8b-43 .kadence-blocks-gallery-item .kadence-blocks-gallery-item-inner .kadence-blocks-gallery-item__caption, .kb-gallery-caption-style-below.kb-gallery-id-_6b8b8b-43 .kadence-blocks-gallery-item .kadence-blocks-gallery-item-inner .kadence-blocks-gallery-item__caption{background:rgba(243, 105, 14, 0.85);}<\/style>","protected":false},"excerpt":{"rendered":"<p>Dans le cadre de \u00ab\u00a0Saint-Gilles, Ville des Mots 2015\u00a0\u00bb, l\u2019atelier \u00ab&nbsp;Saint-Gilles, \u00eele des mots&nbsp;\u00bb s\u2019est d\u00e9roul\u00e9 sur 8 s\u00e9ances tous les samedis entre le 31 janvier et le 21 mars. Au cours de ce processus est n\u00e9e une mati\u00e8re \u00e9crite et certaines phrases en ont \u00e9t\u00e9 extraites avec l&rsquo;id\u00e9e de les d\u00e9ployer sous une forme&hellip;&nbsp;<a href=\"http:\/\/laurencekahn.be\/index.php\/saint-gilles-ile-des-mots\/\" class=\"\" rel=\"bookmark\">Lire la suite &raquo;<span class=\"screen-reader-text\">Saint-Gilles, \u00eele des mots<\/span><\/a><\/p>\n","protected":false},"author":1,"featured_media":0,"parent":0,"menu_order":0,"comment_status":"closed","ping_status":"closed","template":"","meta":{"advgb_blocks_editor_width":"","advgb_blocks_columns_visual_guide":"","neve_meta_sidebar":"default","neve_meta_container":"default","neve_meta_enable_content_width":"off","neve_meta_content_width":100,"neve_meta_title_alignment":"","neve_meta_author_avatar":"","neve_post_elements_order":"","neve_meta_disable_header":"off","neve_meta_disable_footer":"off","neve_meta_disable_title":"off","_themeisle_gutenberg_block_has_review":false,"_vp_format_video_url":"","_vp_image_focal_point":[],"footnotes":""},"class_list":["post-595","page","type-page","status-publish","hentry"],"coauthors":[],"author_meta":{"author_link":"http:\/\/laurencekahn.be\/index.php\/author\/admin8756\/","display_name":"admin8756"},"relative_dates":{"created":"Publi\u00e9 6 ans il y a","modified":"Mis \u00e0 jour 4 ans il y a"},"absolute_dates":{"created":"Publi\u00e9 le 17 septembre 2020","modified":"Mise \u00e0 jour le 4 avril 2022"},"absolute_dates_time":{"created":"Publi\u00e9 le 17 septembre 2020 10 h 45 min","modified":"Mise \u00e0 jour le 4 avril 2022 16 h 40 min"},"featured_img_caption":"","featured_img":false,"series_order":"","_links":{"self":[{"href":"http:\/\/laurencekahn.be\/index.php\/wp-json\/wp\/v2\/pages\/595"}],"collection":[{"href":"http:\/\/laurencekahn.be\/index.php\/wp-json\/wp\/v2\/pages"}],"about":[{"href":"http:\/\/laurencekahn.be\/index.php\/wp-json\/wp\/v2\/types\/page"}],"author":[{"embeddable":true,"href":"http:\/\/laurencekahn.be\/index.php\/wp-json\/wp\/v2\/users\/1"}],"replies":[{"embeddable":true,"href":"http:\/\/laurencekahn.be\/index.php\/wp-json\/wp\/v2\/comments?post=595"}],"version-history":[{"count":0,"href":"http:\/\/laurencekahn.be\/index.php\/wp-json\/wp\/v2\/pages\/595\/revisions"}],"wp:attachment":[{"href":"http:\/\/laurencekahn.be\/index.php\/wp-json\/wp\/v2\/media?parent=595"}],"curies":[{"name":"wp","href":"https:\/\/api.w.org\/{rel}","templated":true}]}}