{"id":3852,"date":"2020-10-26T11:35:29","date_gmt":"2020-10-26T10:35:29","guid":{"rendered":"http:\/\/laurencekahn.be\/?page_id=3852"},"modified":"2020-11-03T21:33:13","modified_gmt":"2020-11-03T20:33:13","slug":"carte-du-site","status":"publish","type":"page","link":"http:\/\/laurencekahn.be\/index.php\/carte-du-site\/","title":{"rendered":"Carte du site"},"content":{"rendered":"\n<p class=\"has-text-align-center has-medium-font-size\"><strong><a href=\"http:\/\/laurencekahn.be\/index.php\/ecrits\/\" target=\"_blank\" rel=\"noreferrer noopener\">\u00c9crits<\/a><\/strong><\/p>\n\n\n\n<div class=\"wp-block-themeisle-blocks-advanced-columns has-3-columns has-desktop-equal-layout has-tablet-equal-layout has-mobile-collapsedRows-layout has-default-gap has-vertical-unset\" id=\"wp-block-themeisle-blocks-advanced-columns-fd1c7e89\"><div class=\"wp-block-themeisle-blocks-advanced-columns-overlay\"><\/div><div class=\"innerblocks-wrap\">\n<div class=\"wp-block-themeisle-blocks-advanced-column\" id=\"wp-block-themeisle-blocks-advanced-column-83b6b5e9\">\n<p class=\"has-text-align-center\" style=\"font-size:18px\"><strong><a href=\"http:\/\/laurencekahn.be\/index.php\/theatre\/\" target=\"_blank\" rel=\"noreferrer noopener\">Th\u00e9\u00e2tre<\/a><\/strong><\/p>\n<\/div>\n\n\n\n<div class=\"wp-block-themeisle-blocks-advanced-column\" id=\"wp-block-themeisle-blocks-advanced-column-85401d8a\">\n<p class=\"has-text-align-center\" style=\"font-size:18px\"><strong><a href=\"http:\/\/laurencekahn.be\/index.php\/poemes-chansons\/\" target=\"_blank\" rel=\"noreferrer noopener\">Po\u00e8mes, chansons\u2026<\/a><\/strong><\/p>\n<\/div>\n\n\n\n<div class=\"wp-block-themeisle-blocks-advanced-column\" id=\"wp-block-themeisle-blocks-advanced-column-8ec4fd98\">\n<p class=\"has-text-align-center\" style=\"font-size:18px\"><strong><a href=\"http:\/\/laurencekahn.be\/index.php\/redaction\/\" target=\"_blank\" rel=\"noreferrer noopener\">R\u00e9daction<\/a><\/strong><\/p>\n<\/div>\n<\/div><\/div>\n\n\n\n<p class=\"has-text-align-center has-medium-font-size\"><strong><a href=\"http:\/\/laurencekahn.be\/index.php\/ateliers-decriture\/\" target=\"_blank\" rel=\"noreferrer noopener\">Ateliers d&rsquo;\u00e9criture<\/a><\/strong><\/p>\n\n\n\n<div class=\"wp-block-themeisle-blocks-advanced-columns has-2-columns has-desktop-equal-layout has-tablet-equal-layout has-mobile-collapsedRows-layout has-default-gap has-vertical-unset\" id=\"wp-block-themeisle-blocks-advanced-columns-127d7bb0\"><div class=\"wp-block-themeisle-blocks-advanced-columns-overlay\"><\/div><div class=\"innerblocks-wrap\">\n<div class=\"wp-block-themeisle-blocks-advanced-column\" id=\"wp-block-themeisle-blocks-advanced-column-584d5856\">\n<p class=\"has-text-align-center\" style=\"font-size:18px\"><strong><a href=\"http:\/\/laurencekahn.be\/index.php\/ateliers-thematiques\/\" target=\"_blank\" rel=\"noreferrer noopener\">Ateliers th\u00e9matiques<\/a><\/strong><\/p>\n\n\n\n<p><br><strong>\u25cf<\/strong> <a href=\"http:\/\/laurencekahn.be\/index.php\/le-spectacle-tout-le-monde-sappelle-martine\/\" target=\"_blank\" rel=\"noreferrer noopener\">Le spectacle \u00ab\u00a0Tout le monde s&rsquo;appelle Martine\u00a0\u00bb<\/a><br><br><strong>\u25cf<\/strong> <a href=\"http:\/\/laurencekahn.be\/index.php\/saint-gilles-ile-des-mots\/\" target=\"_blank\" rel=\"noreferrer noopener\">Saint-Gilles, \u00eele des mots<\/a><br><br><strong>\u25cf<\/strong> <a href=\"http:\/\/laurencekahn.be\/index.php\/la-foret-se-raconte\/\">La for\u00eat se raconte<\/a><br><br><\/p>\n<\/div>\n\n\n\n<div class=\"wp-block-themeisle-blocks-advanced-column\" id=\"wp-block-themeisle-blocks-advanced-column-878f0db8\">\n<p class=\"has-text-align-center\" style=\"font-size:18px\"><strong><a href=\"http:\/\/laurencekahn.be\/index.php\/ateliers-dimprovisation-ecrite\/\" target=\"_blank\" rel=\"noreferrer noopener\">Ateliers d&rsquo;improvisation \u00e9crite<\/a><\/strong><\/p>\n\n\n\n<p><br><strong>\u25cf<\/strong> <a rel=\"noreferrer noopener\" href=\"http:\/\/laurencekahn.be\/index.php\/en-italie\/\" target=\"_blank\">En Italie<\/a><br>&gt; <a rel=\"noreferrer noopener\" href=\"http:\/\/laurencekahn.be\/index.php\/ateliers-pour-la-par-tot-parata\/\" target=\"_blank\">Ateliers pour la Par T\u00f2t Parata<\/a><br>&gt; <a href=\"http:\/\/laurencekahn.be\/index.php\/parole-sciolte-improvvisazione-scritta\/\" target=\"_blank\" rel=\"noreferrer noopener\">PAROLE SCIOLTE &#8211; Improvvisazione scritta<\/a><\/p>\n\n\n\n<p><strong>\u25cf<\/strong> <a href=\"http:\/\/laurencekahn.be\/index.php\/impro-mots\/\" target=\"_blank\" rel=\"noreferrer noopener\">IMPRO MOTS<\/a><\/p>\n\n\n\n<p><strong>\u25cf<\/strong> <a rel=\"noreferrer noopener\" href=\"http:\/\/laurencekahn.be\/index.php\/page-1\/\" target=\"_blank\">Jeux d&rsquo;\u00e9criture<\/a><br>> <a rel=\"noreferrer noopener\" href=\"http:\/\/laurencekahn.be\/index.php\/avec-les-enfants\/\" target=\"_blank\">Avec les enfants<\/a><br>> <a href=\"http:\/\/laurencekahn.be\/index.php\/ricochets-a-ursulines-et-pacheco\/\">Ricochets \u00e0 Ursulines et Pacheco<\/a><br>> <a rel=\"noreferrer noopener\" href=\"http:\/\/laurencekahn.be\/index.php\/le-livre-jeux-decriture\/\" target=\"_blank\">Le livre \u00ab\u00a0Jeux d&rsquo;\u00e9criture\u00a0\u00bb<\/a><br>> <a rel=\"noreferrer noopener\" href=\"http:\/\/laurencekahn.be\/index.php\/les-lectures-publiques\/\" target=\"_blank\">Les lectures publiques<\/a><br>> <a href=\"http:\/\/laurencekahn.be\/index.php\/la-piece-boules-de-lyser\/\" target=\"_blank\" rel=\"noreferrer noopener\">La pi\u00e8ce \u00ab\u00a0Boules de l&rsquo;Yser\u00a0\u00bb<\/a><br>> <a rel=\"noreferrer noopener\" href=\"http:\/\/laurencekahn.be\/index.php\/en-train-decrire\/\" target=\"_blank\">En train &#8211; D\u00e9crire<\/a><br><\/p>\n<\/div>\n<\/div><\/div>\n\n\n\n<p class=\"has-text-align-center has-medium-font-size\"><strong><a href=\"http:\/\/laurencekahn.be\/index.php\/dessins-photos\/\" target=\"_blank\" rel=\"noreferrer noopener\">Dessins &amp; Photos<\/a><\/strong><\/p>\n\n\n\n<div class=\"wp-block-themeisle-blocks-advanced-columns has-2-columns has-desktop-equal-layout has-tablet-equal-layout has-mobile-collapsedRows-layout has-default-gap has-vertical-unset\" id=\"wp-block-themeisle-blocks-advanced-columns-e210f7b0\"><div class=\"wp-block-themeisle-blocks-advanced-columns-overlay\"><\/div><div class=\"innerblocks-wrap\">\n<div class=\"wp-block-themeisle-blocks-advanced-column\" id=\"wp-block-themeisle-blocks-advanced-column-a5406fdf\">\n<p class=\"has-text-align-center\" style=\"font-size:18px\"><strong><a href=\"http:\/\/laurencekahn.be\/index.php\/dessins\/\" target=\"_blank\" rel=\"noreferrer noopener\">Dessins<\/a><\/strong><\/p>\n<\/div>\n\n\n\n<div class=\"wp-block-themeisle-blocks-advanced-column\" id=\"wp-block-themeisle-blocks-advanced-column-dea23475\">\n<p class=\"has-text-align-center\" style=\"font-size:18px\"><strong><a href=\"http:\/\/laurencekahn.be\/index.php\/photos\/\" target=\"_blank\" rel=\"noreferrer noopener\">Photos<\/a><\/strong><\/p>\n\n\n\n<p><strong>\u25cf<\/strong> <a rel=\"noreferrer noopener\" href=\"http:\/\/laurencekahn.be\/index.php\/murmures-de-rome\/\" target=\"_blank\">Murmures de Rome<\/a><br><strong>\u25cf<\/strong> <a rel=\"noreferrer noopener\" href=\"http:\/\/laurencekahn.be\/index.php\/et-trapani-et-cetara\/\" target=\"_blank\">Et Trapani et Cetera<\/a><br><strong>\u25cf<\/strong> <a rel=\"noreferrer noopener\" href=\"http:\/\/laurencekahn.be\/index.php\/ostende-a-la-parr\/\" target=\"_blank\">Ostende \u00e0 la Parr<\/a><br><strong>\u25cf<\/strong> <a rel=\"noreferrer noopener\" href=\"http:\/\/laurencekahn.be\/index.php\/des-pouilles\/\" target=\"_blank\">Des Pouilles<\/a><br><strong>\u25cf<\/strong> <a rel=\"noreferrer noopener\" href=\"http:\/\/laurencekahn.be\/index.php\/puces-du-vieux\/\" target=\"_blank\">Puces du Vieux<\/a><br><strong>\u25cf<\/strong> <a rel=\"noreferrer noopener\" href=\"http:\/\/laurencekahn.be\/index.php\/hiver-dans-le-quartier\/\" target=\"_blank\">Hiver dans le quartier<\/a><br><strong>\u25cf<\/strong> <a rel=\"noreferrer noopener\" href=\"http:\/\/laurencekahn.be\/index.php\/cest-a-sete\/\" target=\"_blank\">C&rsquo;est \u00e0 S\u00e8te<\/a><br><strong>\u25cf<\/strong> <a rel=\"noreferrer noopener\" href=\"http:\/\/laurencekahn.be\/index.php\/nieuport-dattache-et-abords-de-mer\/\" target=\"_blank\">Nieuport d&rsquo;attache et abords de mer<\/a><br><strong>\u25cf<\/strong> <a href=\"http:\/\/laurencekahn.be\/index.php\/corotidien\/\" target=\"_blank\" rel=\"noreferrer noopener\">CoRoTidien<\/a><\/p>\n<\/div>\n<\/div><\/div>\n","protected":false},"excerpt":{"rendered":"<p>\u00c9crits Ateliers d&rsquo;\u00e9criture Dessins &amp; Photos<\/p>\n","protected":false},"author":1,"featured_media":0,"parent":0,"menu_order":0,"comment_status":"closed","ping_status":"closed","template":"","meta":{"advgb_blocks_editor_width":"","advgb_blocks_columns_visual_guide":"","neve_meta_sidebar":"full-width","neve_meta_container":"","neve_meta_enable_content_width":"on","neve_meta_content_width":100,"neve_meta_title_alignment":"","neve_meta_author_avatar":"","neve_post_elements_order":"","neve_meta_disable_header":"","neve_meta_disable_footer":"","neve_meta_disable_title":"","_themeisle_gutenberg_block_has_review":false,"_vp_format_video_url":"","_vp_image_focal_point":[],"footnotes":""},"class_list":["post-3852","page","type-page","status-publish","hentry"],"coauthors":[],"author_meta":{"author_link":"http:\/\/laurencekahn.be\/index.php\/author\/admin8756\/","display_name":"admin8756"},"relative_dates":{"created":"Publi\u00e9 5 ans il y a","modified":"Mis \u00e0 jour 5 ans il y a"},"absolute_dates":{"created":"Publi\u00e9 le 26 octobre 2020","modified":"Mise \u00e0 jour le 3 novembre 2020"},"absolute_dates_time":{"created":"Publi\u00e9 le 26 octobre 2020 11 h 35 min","modified":"Mise \u00e0 jour le 3 novembre 2020 21 h 33 min"},"featured_img_caption":"","featured_img":false,"series_order":"","_links":{"self":[{"href":"http:\/\/laurencekahn.be\/index.php\/wp-json\/wp\/v2\/pages\/3852"}],"collection":[{"href":"http:\/\/laurencekahn.be\/index.php\/wp-json\/wp\/v2\/pages"}],"about":[{"href":"http:\/\/laurencekahn.be\/index.php\/wp-json\/wp\/v2\/types\/page"}],"author":[{"embeddable":true,"href":"http:\/\/laurencekahn.be\/index.php\/wp-json\/wp\/v2\/users\/1"}],"replies":[{"embeddable":true,"href":"http:\/\/laurencekahn.be\/index.php\/wp-json\/wp\/v2\/comments?post=3852"}],"version-history":[{"count":0,"href":"http:\/\/laurencekahn.be\/index.php\/wp-json\/wp\/v2\/pages\/3852\/revisions"}],"wp:attachment":[{"href":"http:\/\/laurencekahn.be\/index.php\/wp-json\/wp\/v2\/media?parent=3852"}],"curies":[{"name":"wp","href":"https:\/\/api.w.org\/{rel}","templated":true}]}}