{"id":381,"date":"2020-09-19T13:55:07","date_gmt":"2020-09-19T11:55:07","guid":{"rendered":"http:\/\/laurencekahn.be\/?page_id=381"},"modified":"2025-06-27T17:54:13","modified_gmt":"2025-06-27T15:54:13","slug":"impro-mots","status":"publish","type":"page","link":"http:\/\/laurencekahn.be\/index.php\/impro-mots\/","title":{"rendered":"IMPRO MOTS"},"content":{"rendered":"\n<p>N\u00e9s suite \u00e0 <a rel=\"noreferrer noopener\" aria-label=\"l'exp\u00e9rience italienne (s\u2019ouvre dans un nouvel onglet)\" href=\"http:\/\/laurencekahn.be\/?page_id=134&amp;preview=true\" target=\"_blank\">l&rsquo;exp\u00e9rience italienne<\/a>, les ateliers IMPRO MOTS se pr\u00e9sentent sous la <strong>forme minimale de 2 s\u00e9ances de 3 heures <\/strong>r\u00e9parties sur deux journ\u00e9es cons\u00e9cutives. Il s&rsquo;agit d&rsquo;un cheminement progressif dans l&rsquo;univers de <a rel=\"noreferrer noopener\" aria-label=\"l'improvisation \u00e9crite (s\u2019ouvre dans un nouvel onglet)\" href=\"http:\/\/laurencekahn.be\/?page_id=129&amp;preview=true\" target=\"_blank\">l&rsquo;improvisation \u00e9crite<\/a>, <strong>une avanc\u00e9e par petits pas loin des territoires connus<\/strong>, les consignes guidant et soutenant l&rsquo;audace et la curiosit\u00e9.<\/p>\n\n\n\n<div style=\"height:20px\" aria-hidden=\"true\" class=\"wp-block-spacer\"><\/div>\n\n\n\n<figure class=\"wp-block-image size-large\"><img loading=\"lazy\" decoding=\"async\" width=\"768\" height=\"1024\" src=\"http:\/\/laurencekahn.be\/wp-content\/uploads\/2019\/11\/Ostende-23.07.13-3-768x1024.jpg\" alt=\"\" class=\"wp-image-355\" srcset=\"http:\/\/laurencekahn.be\/wp-content\/uploads\/2019\/11\/Ostende-23.07.13-3-768x1024.jpg 768w, http:\/\/laurencekahn.be\/wp-content\/uploads\/2019\/11\/Ostende-23.07.13-3-225x300.jpg 225w\" sizes=\"(max-width: 768px) 100vw, 768px\" \/><\/figure>\n\n\n\n<div style=\"height:30px\" aria-hidden=\"true\" class=\"wp-block-spacer\"><\/div>\n\n\n\n<p class=\"has-text-align-center has-text-color has-medium-font-size\" style=\"color:#0077aa\"> &#8211; <strong>Pr\u00e9sentation de l&rsquo;atelier<\/strong> &#8211;<\/p>\n\n\n\n<p>D\u2019habitude le mot \u00ab&nbsp;improvisation&nbsp;\u00bb est utilis\u00e9 en th\u00e9\u00e2tre, en danse, en musique. <strong>Quel rapport avec l\u2019\u00e9criture&nbsp;?<\/strong><\/p>\n\n\n\n<p>Improviser en \u00e9criture c\u2019est <strong>ouvrir la possibilit\u00e9 aux mots de surgir<\/strong>, de nous guider et de nous surprendre\u2026 d\u00e9velopper sa capacit\u00e9 \u00e0 les laisser \u00e9merger plut\u00f4t que de les chercher\u2026 se rendre disponible aux associations, aux sons, aux images et les suivre\u2026 approcher des fa\u00e7ons de cr\u00e9er qui n\u2019ont rien \u00e0 voir avec le contr\u00f4le et la volont\u00e9.<\/p>\n\n\n\n<p>Il sera propos\u00e9 d\u2019exp\u00e9rimenter <strong>l\u2019\u00e9criture automatique<\/strong> et <strong>le rapport \u00e0 diff\u00e9rentes sources<\/strong> (la musique, la peinture, la voix\u2026), d\u2019explorer <strong>plusieurs fa\u00e7ons d\u2019aborder les mots<\/strong> (le son, la couleur, l\u2019odeur\u2026) et de profiter de l\u2019exp\u00e9rience en commun pour <strong>\u00e9changer ses impressions<\/strong>. <\/p>\n\n\n\n<div id=\"wp-block-themeisle-blocks-advanced-columns-0ddaab76\" class=\"wp-block-themeisle-blocks-advanced-columns has-1-columns has-desktop-equal-layout has-tablet-equal-layout has-mobile-equal-layout has-vertical-unset animated swing\"><div class=\"wp-block-themeisle-blocks-advanced-columns-overlay\"><\/div><div class=\"innerblocks-wrap\">\n<div id=\"wp-block-themeisle-blocks-advanced-column-e027f438\" class=\"wp-block-themeisle-blocks-advanced-column animated swing\">\n<p class=\"has-text-align-center has-medium-font-size\"><strong>La raison est une b\u00e9quille qui se prend pour une jambe.<\/strong><br><br>Louis Scutenaire<\/p>\n<\/div>\n<\/div><\/div>\n\n\n\n<p>Outre les propositions centr\u00e9es uniquement sur l&rsquo;\u00e9criture, des variantes ont vu le jour telles que :<\/p>\n\n\n\n<p class=\"has-text-align-left\"><strong>\u00b7&nbsp;<\/strong>un <strong><a rel=\"noreferrer noopener\" aria-label=\"atelier d'improvisation \u00e9crite et dans\u00e9e (s\u2019ouvre dans un nouvel onglet)\" href=\"https:\/\/lamaisondulivre.be\/spip.php?rubrique63\" target=\"_blank\">atelier d&rsquo;improvisation \u00e9crite et dans\u00e9e<\/a><\/strong> pendant un week-end avec la danseuse Aude Cartoux \u00e0 La Maison du Livre.<\/p>\n\n\n\n<p class=\"has-text-align-left\"><strong>\u00b7&nbsp;<\/strong>un <strong>atelier d&rsquo;improvisation \u00e9crite et lecture<\/strong> <strong>NO POETRY&nbsp;? NO PARTY&nbsp;!<\/strong> se d\u00e9roulant sur 4 s\u00e9ances \u00e0 la Biblioth\u00e8que Herg\u00e9 en collaboration avec les \u00c9ditions maelstr\u00d6m, se concluant par une lecture publique festive en compagnie des musiciens de la Troupe Po\u00e9tique Nomade sur la sc\u00e8ne de l\u2019Espace Senghor.<\/p>\n\n\n\n<div style=\"height:30px\" aria-hidden=\"true\" class=\"wp-block-spacer\"><\/div>\n\n\n\n<p class=\"has-text-align-center has-text-color has-medium-font-size\" style=\"color:#0077aa\">&#8211; <strong>Ont organis\u00e9 les ateliers IMPRO MOTS<\/strong> &#8211;<\/p>\n\n\n\n<p class=\"has-text-align-center has-text-color\" style=\"color:#f3690e\">\u2022  <\/p>\n\n\n\n<p class=\"has-text-align-center\">la Biblioth\u00e8que communale Herg\u00e9 \u00e0 Etterbeek<\/p>\n\n\n\n<p class=\"has-text-align-center has-text-color\" style=\"color:#f3690e\">\u2022  <\/p>\n\n\n\n<p class=\"has-text-align-center\">la Biblioth\u00e8que de l\u2019Espace Maurice Car\u00eame \u00e0 Anderlecht<\/p>\n\n\n\n<p class=\"has-text-align-center has-text-color\" style=\"color:#f3690e\">\u2022  <\/p>\n\n\n\n<p class=\"has-text-align-center\">l\u2019association Bouillon de Cultures \u00e0 Schaerbeek<\/p>\n\n\n\n<p class=\"has-text-align-center has-text-color\" style=\"color:#f3690e\">\u2022  <\/p>\n\n\n\n<p class=\"has-text-align-center\">l\u2019association Bruxelles La\u00efque \u00e0 Bruxelles<\/p>\n\n\n\n<p class=\"has-text-align-center has-text-color\" style=\"color:#f3690e\">\u2022  <\/p>\n\n\n\n<p class=\"has-text-align-center\">la Mission locale d\u2019Etterbeek<\/p>\n\n\n\n<p class=\"has-text-align-center has-text-color\" style=\"color:#f3690e\">\u2022  <\/p>\n\n\n\n<p class=\"has-text-align-center\">le CHU Brugmann \u00e0 Bruxelles<\/p>\n\n\n\n<p class=\"has-text-align-center has-text-color\" style=\"color:#f3690e\">\u2022  <\/p>\n\n\n\n<p class=\"has-text-align-center\">l\u2019Institut Sainte-Marie \u00e0 Saint-Gilles<\/p>\n\n\n\n<p class=\"has-text-align-center has-text-color\" style=\"color:#f3690e\">\u2022  <\/p>\n\n\n\n<p class=\"has-text-align-center\">la Maison des Cultures et de la Coh\u00e9sion Sociale de Molenbeek<\/p>\n\n\n\n<p class=\"has-text-align-center has-text-color\" style=\"color:#f3690e\">\u2022  <\/p>\n\n\n\n<p class=\"has-text-align-center\">la Biblioth\u00e8que des Riches Claires \u00e0 Bruxelles  <\/p>\n\n\n\n<p class=\"has-text-align-center has-text-color\" style=\"color:#f3690e\">\u2022  <\/p>\n\n\n\n<div style=\"height:20px\" aria-hidden=\"true\" class=\"wp-block-spacer\"><\/div>\n\n\n\n<figure class=\"wp-block-image size-large\"><img loading=\"lazy\" decoding=\"async\" width=\"768\" height=\"1024\" src=\"http:\/\/laurencekahn.be\/wp-content\/uploads\/2019\/11\/08.03.11-7-768x1024.jpg\" alt=\"\" class=\"wp-image-562\" srcset=\"http:\/\/laurencekahn.be\/wp-content\/uploads\/2019\/11\/08.03.11-7-768x1024.jpg 768w, http:\/\/laurencekahn.be\/wp-content\/uploads\/2019\/11\/08.03.11-7-225x300.jpg 225w, http:\/\/laurencekahn.be\/wp-content\/uploads\/2019\/11\/08.03.11-7-1152x1536.jpg 1152w, http:\/\/laurencekahn.be\/wp-content\/uploads\/2019\/11\/08.03.11-7-1536x2048.jpg 1536w, http:\/\/laurencekahn.be\/wp-content\/uploads\/2019\/11\/08.03.11-7-scaled.jpg 1920w\" sizes=\"(max-width: 768px) 100vw, 768px\" \/><\/figure>\n","protected":false},"excerpt":{"rendered":"<p>N\u00e9s suite \u00e0 l&rsquo;exp\u00e9rience italienne, les ateliers IMPRO MOTS se pr\u00e9sentent sous la forme minimale de 2 s\u00e9ances de 3 heures r\u00e9parties sur deux journ\u00e9es cons\u00e9cutives. Il s&rsquo;agit d&rsquo;un cheminement progressif dans l&rsquo;univers de l&rsquo;improvisation \u00e9crite, une avanc\u00e9e par petits pas loin des territoires connus, les consignes guidant et soutenant l&rsquo;audace et la curiosit\u00e9. &#8211;&hellip;&nbsp;<a href=\"http:\/\/laurencekahn.be\/index.php\/impro-mots\/\" class=\"\" rel=\"bookmark\">Lire la suite &raquo;<span class=\"screen-reader-text\">IMPRO MOTS<\/span><\/a><\/p>\n","protected":false},"author":1,"featured_media":0,"parent":0,"menu_order":0,"comment_status":"closed","ping_status":"closed","template":"","meta":{"advgb_blocks_editor_width":"","advgb_blocks_columns_visual_guide":"","neve_meta_sidebar":"default","neve_meta_container":"default","neve_meta_enable_content_width":"off","neve_meta_content_width":100,"neve_meta_title_alignment":"","neve_meta_author_avatar":"","neve_post_elements_order":"","neve_meta_disable_header":"off","neve_meta_disable_footer":"off","neve_meta_disable_title":"off","_themeisle_gutenberg_block_has_review":false,"_vp_format_video_url":"","_vp_image_focal_point":[],"footnotes":""},"class_list":["post-381","page","type-page","status-publish","hentry"],"coauthors":[],"author_meta":{"author_link":"http:\/\/laurencekahn.be\/index.php\/author\/admin8756\/","display_name":"admin8756"},"relative_dates":{"created":"Publi\u00e9 6 ans il y a","modified":"Mis \u00e0 jour 10 mois il y a"},"absolute_dates":{"created":"Publi\u00e9 le 19 septembre 2020","modified":"Mise \u00e0 jour le 27 juin 2025"},"absolute_dates_time":{"created":"Publi\u00e9 le 19 septembre 2020 13 h 55 min","modified":"Mise \u00e0 jour le 27 juin 2025 17 h 54 min"},"featured_img_caption":"","featured_img":false,"series_order":"","_links":{"self":[{"href":"http:\/\/laurencekahn.be\/index.php\/wp-json\/wp\/v2\/pages\/381"}],"collection":[{"href":"http:\/\/laurencekahn.be\/index.php\/wp-json\/wp\/v2\/pages"}],"about":[{"href":"http:\/\/laurencekahn.be\/index.php\/wp-json\/wp\/v2\/types\/page"}],"author":[{"embeddable":true,"href":"http:\/\/laurencekahn.be\/index.php\/wp-json\/wp\/v2\/users\/1"}],"replies":[{"embeddable":true,"href":"http:\/\/laurencekahn.be\/index.php\/wp-json\/wp\/v2\/comments?post=381"}],"version-history":[{"count":1,"href":"http:\/\/laurencekahn.be\/index.php\/wp-json\/wp\/v2\/pages\/381\/revisions"}],"predecessor-version":[{"id":4456,"href":"http:\/\/laurencekahn.be\/index.php\/wp-json\/wp\/v2\/pages\/381\/revisions\/4456"}],"wp:attachment":[{"href":"http:\/\/laurencekahn.be\/index.php\/wp-json\/wp\/v2\/media?parent=381"}],"curies":[{"name":"wp","href":"https:\/\/api.w.org\/{rel}","templated":true}]}}