{"id":3098,"date":"2020-09-24T21:14:44","date_gmt":"2020-09-24T19:14:44","guid":{"rendered":"http:\/\/laurencekahn.be\/?page_id=3098"},"modified":"2025-09-12T11:28:03","modified_gmt":"2025-09-12T09:28:03","slug":"dessins","status":"publish","type":"page","link":"http:\/\/laurencekahn.be\/index.php\/dessins\/","title":{"rendered":"Dessins"},"content":{"rendered":"\n<figure class=\"wp-block-image size-large\"><img loading=\"lazy\" decoding=\"async\" width=\"1024\" height=\"1022\" src=\"http:\/\/laurencekahn.be\/wp-content\/uploads\/2022\/04\/6-LAngoisse\u0301e-22.01.08-1024x1022.jpg\" alt=\"\" class=\"wp-image-4286\" srcset=\"http:\/\/laurencekahn.be\/wp-content\/uploads\/2022\/04\/6-LAngoisse\u0301e-22.01.08-1024x1022.jpg 1024w, http:\/\/laurencekahn.be\/wp-content\/uploads\/2022\/04\/6-LAngoisse\u0301e-22.01.08-300x300.jpg 300w, http:\/\/laurencekahn.be\/wp-content\/uploads\/2022\/04\/6-LAngoisse\u0301e-22.01.08-150x150.jpg 150w, http:\/\/laurencekahn.be\/wp-content\/uploads\/2022\/04\/6-LAngoisse\u0301e-22.01.08-768x767.jpg 768w, http:\/\/laurencekahn.be\/wp-content\/uploads\/2022\/04\/6-LAngoisse\u0301e-22.01.08-1536x1533.jpg 1536w, http:\/\/laurencekahn.be\/wp-content\/uploads\/2022\/04\/6-LAngoisse\u0301e-22.01.08-2048x2045.jpg 2048w, http:\/\/laurencekahn.be\/wp-content\/uploads\/2022\/04\/6-LAngoisse\u0301e-22.01.08-500x499.jpg 500w, http:\/\/laurencekahn.be\/wp-content\/uploads\/2022\/04\/6-LAngoisse\u0301e-22.01.08-800x799.jpg 800w, http:\/\/laurencekahn.be\/wp-content\/uploads\/2022\/04\/6-LAngoisse\u0301e-22.01.08-1280x1278.jpg 1280w, http:\/\/laurencekahn.be\/wp-content\/uploads\/2022\/04\/6-LAngoisse\u0301e-22.01.08-1920x1917.jpg 1920w\" sizes=\"(max-width: 1024px) 100vw, 1024px\" \/><\/figure>\n\n\n\n<div style=\"height:20px\" aria-hidden=\"true\" class=\"wp-block-spacer\"><\/div>\n\n\n\n<p><br><\/p>\n\n\n\n<div class=\"wp-block-kadence-accordion alignnone\"><div class=\"kt-accordion-wrap kt-accordion-id3098_6ec6d6-90 kt-accordion-has-3-panes kt-active-pane-0 kt-accordion-block kt-pane-header-alignment-left kt-accodion-icon-style-basic kt-accodion-icon-side-right\" style=\"max-width:none\"><div class=\"kt-accordion-inner-wrap\" data-allow-multiple-open=\"true\" data-start-open=\"none\">\n<div class=\"wp-block-kadence-pane kt-accordion-pane kt-accordion-pane-1 kt-pane3098_f5c43c-9d\"><div class=\"kt-accordion-header-wrap\"><button class=\"kt-blocks-accordion-header kt-acccordion-button-label-show\" type=\"button\"><span class=\"kt-blocks-accordion-title-wrap\"><span class=\"kt-blocks-accordion-title\"><strong>Aux origines : la lutte contre le pi\u00e8ge du VOULOIR FAIRE BEAU<\/strong><\/span><\/span><span class=\"kt-blocks-accordion-icon-trigger\"><\/span><\/button><\/div><div class=\"kt-accordion-panel kt-accordion-panel-hidden\"><div class=\"kt-accordion-panel-inner\">\n<p>D&rsquo;octobre 2006 \u00e0 mai 2007 se sont tenus des LABOS, rendez-vous r\u00e9guliers centr\u00e9s sur le processus d&rsquo;\u00e9criture. \u00c0 la fin du parcours, des photos de textes, mots, exp\u00e9riences graphiques\u2026 ont \u00e9t\u00e9 prises et <strong>j&rsquo;ai d\u00e9cid\u00e9 de r\u00e9aliser un album<\/strong> \u00e0 partir de ces photos.<\/p>\n\n\n\n<p>J&rsquo;ai commenc\u00e9 \u00e0 les coller dans un carnet XL CANSON 30 cm x 30 cm en octobre 2007.<\/p>\n\n\n\n<p>Au deuxi\u00e8me jour, le terrorisme mental de la critique \u00e9tait d\u00e9cha\u00een\u00e9. J&rsquo;\u00e9tais face \u00e0 la 12\u00e8me photo sur laquelle apparaissait le mot \u00ab\u00a0tsunami\u00a0\u00bb \u00e9crit en majuscules. Bloqu\u00e9e par le flot ininterrompu et violent des critiques int\u00e9rieures : \u00ab\u00a0Ce n&rsquo;est pas du tout original ta mani\u00e8re de coller ces photos, c&rsquo;est trop simple ! Tu pourrais \u00eatre plus cr\u00e9ative ! C&rsquo;est nul ! Qu&rsquo;est-ce que c&rsquo;est banal comme mani\u00e8re de faire ! D&rsquo;autres feraient beaucoup mieux que toi !\u00a0\u00bb etc. etc. etc. <strong>Plus aucun plaisir, blocage complet.<\/strong><\/p>\n\n\n\n<p>J&rsquo;ai pris un bic vert et sur la page o\u00f9 \u00e9tait cens\u00e9e \u00eatre coll\u00e9e la photo j&rsquo;ai commenc\u00e9 \u00e0 \u00e9crire : \u00ab\u00a0Le TSUNAMI c&rsquo;est reprendre sa putain de libert\u00e9, c&rsquo;est sortir de l&rsquo;\u00e9crasement, de l&rsquo;\u00e9touffement, du \u00ab\u00a0beau\u00a0\u00bb, du \u00ab\u00a0joli\u00a0\u00bb, du para\u00eetre, du r\u00e9sultat, du regard de l&rsquo;autre, des autres, de \u00ab\u00a0l&rsquo;autre\u00a0\u00bb en soi \u2014 <strong>Le TSUNAMI c&rsquo;est dire NON c&rsquo;est dire merde<\/strong> c&rsquo;est cracher ne pas accepter s&rsquo;insurger sortir des sentiers battus des sentiers balis\u00e9s du propre du bien choisi de toutes ces voix mortelles qui contrarient notre besoin pulsionnel spontan\u00e9 cr\u00e9atif \u2014 Le TSUNAMI c&rsquo;est \u2026\u00a0\u00bb et j&rsquo;ai continu\u00e9 \u00e0 \u00e9crire, \u00e9crire, \u00e9crire, j&rsquo;ai rempli toute la page, puis la suivante et celle d&rsquo;apr\u00e8s, j&rsquo;ai cri\u00e9 NON, j&rsquo;ai hurl\u00e9 sur le papier puis \u00e0 la quatri\u00e8me page est arriv\u00e9 \u00ab\u00a0Maintenant, voil\u00e0, maintenant voil\u00e0 venu le temps de coller la photo du TSUNAMI et je la colle ici\u00a0\u00bb avec une fl\u00e8che vers la photo coll\u00e9e.<\/p>\n\n\n\n<p>C&rsquo;\u00e9tait le premier pas. J&rsquo;ai continu\u00e9 \u00e0 coller et commenter, \u00e0 dire MERDE ! et VOS GUEULES !!!!!, \u00e0 mettre de la distance, de l&rsquo;humour, de l&rsquo;\u00e9lan, du brut, du souffle, des feux d&rsquo;artifices. Je me suis amus\u00e9e. J&rsquo;ai retrouv\u00e9 de l&rsquo;air. J&rsquo;ai coll\u00e9 comme \u00e7a me plaisait. J&rsquo;ai \u00e9crit entre autres \u00ab\u00a0<strong>Se m\u00e9fier du beau de la recherche du beau du \u00ab\u00a0vouloir BIEN FAIRE\u00a0\u00bb<\/strong> virus envahisseur qui an\u00e9antit les forces cr\u00e9atives, qui emp\u00eache d&rsquo;\u00eatre\u00a0\u00bb. J&rsquo;ai coll\u00e9 \u00e9crit coll\u00e9 \u00e9crit coll\u00e9 \u00e9crit dans un combat pour respirer. Je suis pass\u00e9e du vert au rouge, du bic au gros marqueur \u00e0 l&rsquo;alcool.<\/p>\n\n\n\n<p>Apr\u00e8s deux jours, la centaine de photos \u00e9tait coll\u00e9e. J&rsquo;ai \u00e9crit et dessin\u00e9 le jour suivant. Exprim\u00e9 la duret\u00e9 de cette lutte contre l&rsquo;\u00e9crasement. J&rsquo;ai arrach\u00e9 la page d&rsquo;un dessin jug\u00e9 \u00ab\u00a0moche\u00a0\u00bb, l&rsquo;ai froiss\u00e9e et mise \u00e0 la poubelle. Puis je suis all\u00e9e la rechercher. L&rsquo;ai d\u00e9froiss\u00e9e. L&rsquo;ai replac\u00e9e dans le carnet en d\u00e9cidant qu&rsquo;aucune page ne serait jet\u00e9e. Que <strong>tout ce qui allait se d\u00e9poser sur ces feuilles aurait le droit d&rsquo;exister<\/strong>.<\/p>\n\n\n\n<p>J&rsquo;ai continu\u00e9 le jour suivant, puis le suivant. J&rsquo;ai constat\u00e9 que la lutte contre le pi\u00e8ge du VOULOIR FAIRE BEAU demande certaines ruses. J&rsquo;ai mis en place des \u00e9l\u00e9ments essentiels :<\/p>\n\n\n\n<ol class=\"wp-block-list\">\n<li><strong>Attirer l&rsquo;attention sur des objectifs pr\u00e9cis avec des consignes qui n&rsquo;ont rien \u00e0 voir avec le r\u00e9sultat<\/strong>. Par exemple, en ce qui concerne les carnets, je me suis propos\u00e9 un cadre simple :<br>\u2013 y laisser une trace chaque jour (que cela dure 1 minute ou 10 heures peu importe)<br>\u2013 commencer par indiquer le lieu et la date pour signifier \u00ab\u00a0ici, aujourd&rsquo;hui, voil\u00e0 ce qui est\u00a0\u00bb, loin, tr\u00e8s loin de la d\u00e9marche qui consiste \u00e0 dire \u00ab\u00a0attention, je dois produire une \u0153uvre d&rsquo;art\u00a0\u00bb<br>\u2013 ne jamais arracher de page : tout ce qui est d\u00e9pos\u00e9 sur la feuille est le bienvenu, est accueilli et c&rsquo;est mon regard qui s&rsquo;adapte \u00e0 ce qui \u00e9chappe \u00e0 ma volont\u00e9.<\/li>\n\n\n\n<li><strong>Utiliser un mat\u00e9riel qui ne mette aucune pression<\/strong>. Par exemple, j&rsquo;\u00e9vite les beaux carnets qui cr\u00e9ent la sensation que le r\u00e9sultat doit \u00eatre \u00e0 leur hauteur.<br><\/li>\n<\/ol>\n\n\n\n<p><br>La visite quotidienne des carnets a dur\u00e9 4 ans et 5 mois sans interruption. Je m&rsquo;\u00e9tais dit que <strong>le jour o\u00f9 j&rsquo;oublierais d&rsquo;y aller le fil serait cass\u00e9<\/strong>, la continuit\u00e9 rompue et j&rsquo;arr\u00eaterais. Ce serait la fin d&rsquo;une r\u00e8gle et peut-\u00eatre le temps venu d&rsquo;en inventer une nouvelle.<\/p>\n<\/div><\/div><\/div>\n<\/div><\/div><\/div>\n\n\n\n<div style=\"height:40px\" aria-hidden=\"true\" class=\"wp-block-spacer\"><\/div>\n\n\n\n<p class=\"has-black-color has-text-color\">Parmi les dessins r\u00e9alis\u00e9s chaque jour pendant 4 ans et 5 mois, j&rsquo;en ai s\u00e9lectionn\u00e9 100. Si vous souhaitez en voir davantage, n&rsquo;h\u00e9sitez pas \u00e0 m&rsquo;en faire la demande via la page <a rel=\"noreferrer noopener\" href=\"http:\/\/laurencekahn.be\/index.php\/contact\/\" target=\"_blank\">contact<\/a>.<br><\/p>\n\n\n\n<p><\/p>\n\n\n<style class=\"advgb-styles-renderer\">.kt-accordion-id3098_6ec6d6-90 .kt-accordion-inner-wrap{column-gap:var(--global-kb-gap-md, 2rem);row-gap:10px;}.kt-accordion-id3098_6ec6d6-90 .kt-accordion-panel-inner{border-top:0px solid transparent;border-right:0px solid transparent;border-bottom:0px solid transparent;border-left:0px solid transparent;background:#ffffff;padding-top:var(--global-kb-spacing-sm, 1.5rem);padding-right:var(--global-kb-spacing-sm, 1.5rem);padding-bottom:var(--global-kb-spacing-sm, 1.5rem);padding-left:var(--global-kb-spacing-sm, 1.5rem);}.kt-accordion-id3098_6ec6d6-90 > .kt-accordion-inner-wrap > .wp-block-kadence-pane > .kt-accordion-header-wrap > .kt-blocks-accordion-header{border-top-color:#555555;border-top-style:solid;border-right-color:#555555;border-right-style:solid;border-bottom-color:#555555;border-bottom-style:solid;border-left-color:#555555;border-left-style:solid;border-top-left-radius:6px;border-top-right-radius:6px;border-bottom-right-radius:6px;border-bottom-left-radius:6px;background:#f3690e;font-size:24px;line-height:24px;letter-spacing:0.3px;text-transform:none;color:#ffffff;padding-top:14px;padding-right:16px;padding-bottom:14px;padding-left:16px;}.kt-accordion-id3098_6ec6d6-90:not( .kt-accodion-icon-style-basiccircle ):not( .kt-accodion-icon-style-xclosecircle ):not( .kt-accodion-icon-style-arrowcircle )  > .kt-accordion-inner-wrap > .wp-block-kadence-pane > .kt-accordion-header-wrap .kt-blocks-accordion-icon-trigger:after, .kt-accordion-id3098_6ec6d6-90:not( .kt-accodion-icon-style-basiccircle ):not( .kt-accodion-icon-style-xclosecircle ):not( .kt-accodion-icon-style-arrowcircle )  > .kt-accordion-inner-wrap > .wp-block-kadence-pane > .kt-accordion-header-wrap .kt-blocks-accordion-icon-trigger:before{background:#ffffff;}.kt-accordion-id3098_6ec6d6-90:not( .kt-accodion-icon-style-basic ):not( .kt-accodion-icon-style-xclose ):not( .kt-accodion-icon-style-arrow ) .kt-blocks-accordion-icon-trigger{background:#ffffff;}.kt-accordion-id3098_6ec6d6-90:not( .kt-accodion-icon-style-basic ):not( .kt-accodion-icon-style-xclose ):not( .kt-accodion-icon-style-arrow ) .kt-blocks-accordion-icon-trigger:after, .kt-accordion-id3098_6ec6d6-90:not( .kt-accodion-icon-style-basic ):not( .kt-accodion-icon-style-xclose ):not( .kt-accodion-icon-style-arrow ) .kt-blocks-accordion-icon-trigger:before{background:#f3690e;}.kt-accordion-id3098_6ec6d6-90 > .kt-accordion-inner-wrap > .wp-block-kadence-pane > .kt-accordion-header-wrap > .kt-blocks-accordion-header:hover, \n\t\t\t\tbody:not(.hide-focus-outline) .kt-accordion-id3098_6ec6d6-90 .kt-blocks-accordion-header:focus-visible{color:#404248;background:#f2f2f2;border-top-color:#eeeeee;border-top-style:solid;border-right-color:#eeeeee;border-right-style:solid;border-bottom-color:#eeeeee;border-bottom-style:solid;border-left-color:#eeeeee;border-left-style:solid;}.kt-accordion-id3098_6ec6d6-90:not( .kt-accodion-icon-style-basiccircle ):not( .kt-accodion-icon-style-xclosecircle ):not( .kt-accodion-icon-style-arrowcircle ) .kt-accordion-header-wrap .kt-blocks-accordion-header:hover .kt-blocks-accordion-icon-trigger:after, .kt-accordion-id3098_6ec6d6-90:not( .kt-accodion-icon-style-basiccircle ):not( .kt-accodion-icon-style-xclosecircle ):not( .kt-accodion-icon-style-arrowcircle ) .kt-accordion-header-wrap .kt-blocks-accordion-header:hover .kt-blocks-accordion-icon-trigger:before, body:not(.hide-focus-outline) .kt-accordion-id3098_6ec6d6-90:not( .kt-accodion-icon-style-basiccircle ):not( .kt-accodion-icon-style-xclosecircle ):not( .kt-accodion-icon-style-arrowcircle ) .kt-blocks-accordion--visible .kt-blocks-accordion-icon-trigger:after, body:not(.hide-focus-outline) .kt-accordion-id3098_6ec6d6-90:not( .kt-accodion-icon-style-basiccircle ):not( .kt-accodion-icon-style-xclosecircle ):not( .kt-accodion-icon-style-arrowcircle ) .kt-blocks-accordion-header:focus-visible .kt-blocks-accordion-icon-trigger:before{background:#404248;}.kt-accordion-id3098_6ec6d6-90:not( .kt-accodion-icon-style-basic ):not( .kt-accodion-icon-style-xclose ):not( .kt-accodion-icon-style-arrow ) .kt-accordion-header-wrap .kt-blocks-accordion-header:hover .kt-blocks-accordion-icon-trigger, body:not(.hide-focus-outline) .kt-accordion-id3098_6ec6d6-90:not( .kt-accodion-icon-style-basic ):not( .kt-accodion-icon-style-xclose ):not( .kt-accodion-icon-style-arrow ) .kt-accordion-header-wrap .kt-blocks-accordion-header:focus-visible .kt-blocks-accordion-icon-trigger{background:#404248;}.kt-accordion-id3098_6ec6d6-90:not( .kt-accodion-icon-style-basic ):not( .kt-accodion-icon-style-xclose ):not( .kt-accodion-icon-style-arrow ) .kt-accordion-header-wrap .kt-blocks-accordion-header:hover .kt-blocks-accordion-icon-trigger:after, .kt-accordion-id3098_6ec6d6-90:not( .kt-accodion-icon-style-basic ):not( .kt-accodion-icon-style-xclose ):not( .kt-accodion-icon-style-arrow ) .kt-accordion-header-wrap .kt-blocks-accordion-header:hover .kt-blocks-accordion-icon-trigger:before, body:not(.hide-focus-outline) .kt-accordion-id3098_6ec6d6-90:not( .kt-accodion-icon-style-basic ):not( .kt-accodion-icon-style-xclose ):not( .kt-accodion-icon-style-arrow ) .kt-accordion-header-wrap .kt-blocks-accordion-header:focus-visible .kt-blocks-accordion-icon-trigger:after, body:not(.hide-focus-outline) .kt-accordion-id3098_6ec6d6-90:not( .kt-accodion-icon-style-basic ):not( .kt-accodion-icon-style-xclose ):not( .kt-accodion-icon-style-arrow ) .kt-accordion-header-wrap .kt-blocks-accordion-header:focus-visible .kt-blocks-accordion-icon-trigger:before{background:#f2f2f2;}.kt-accordion-id3098_6ec6d6-90 .kt-accordion-header-wrap .kt-blocks-accordion-header:focus-visible,\n\t\t\t\t.kt-accordion-id3098_6ec6d6-90 > .kt-accordion-inner-wrap > .wp-block-kadence-pane > .kt-accordion-header-wrap > .kt-blocks-accordion-header.kt-accordion-panel-active{color:#404248;background:#f2f2f2;border-top-color:#f3690e;border-top-style:solid;border-right-color:#f3690e;border-right-style:solid;border-bottom-color:#f3690e;border-bottom-style:solid;border-left-color:#f3690e;border-left-style:solid;}.kt-accordion-id3098_6ec6d6-90:not( .kt-accodion-icon-style-basiccircle ):not( .kt-accodion-icon-style-xclosecircle ):not( .kt-accodion-icon-style-arrowcircle )  > .kt-accordion-inner-wrap > .wp-block-kadence-pane > .kt-accordion-header-wrap > .kt-blocks-accordion-header.kt-accordion-panel-active .kt-blocks-accordion-icon-trigger:after, .kt-accordion-id3098_6ec6d6-90:not( .kt-accodion-icon-style-basiccircle ):not( .kt-accodion-icon-style-xclosecircle ):not( .kt-accodion-icon-style-arrowcircle )  > .kt-accordion-inner-wrap > .wp-block-kadence-pane > .kt-accordion-header-wrap > .kt-blocks-accordion-header.kt-accordion-panel-active .kt-blocks-accordion-icon-trigger:before{background:#404248;}.kt-accordion-id3098_6ec6d6-90:not( .kt-accodion-icon-style-basic ):not( .kt-accodion-icon-style-xclose ):not( .kt-accodion-icon-style-arrow ) .kt-blocks-accordion-header.kt-accordion-panel-active .kt-blocks-accordion-icon-trigger{background:#404248;}.kt-accordion-id3098_6ec6d6-90:not( .kt-accodion-icon-style-basic ):not( .kt-accodion-icon-style-xclose ):not( .kt-accodion-icon-style-arrow ) .kt-blocks-accordion-header.kt-accordion-panel-active .kt-blocks-accordion-icon-trigger:after, .kt-accordion-id3098_6ec6d6-90:not( .kt-accodion-icon-style-basic ):not( .kt-accodion-icon-style-xclose ):not( .kt-accodion-icon-style-arrow ) .kt-blocks-accordion-header.kt-accordion-panel-active .kt-blocks-accordion-icon-trigger:before{background:#f2f2f2;}@media all and (max-width: 1024px){.kt-accordion-id3098_6ec6d6-90 .kt-accordion-panel-inner{border-top:0px solid transparent;border-right:0px solid transparent;border-bottom:0px solid transparent;border-left:0px solid transparent;}}@media all and (max-width: 1024px){.kt-accordion-id3098_6ec6d6-90 > .kt-accordion-inner-wrap > .wp-block-kadence-pane > .kt-accordion-header-wrap > .kt-blocks-accordion-header{border-top-color:#555555;border-top-style:solid;border-right-color:#555555;border-right-style:solid;border-bottom-color:#555555;border-bottom-style:solid;border-left-color:#555555;border-left-style:solid;}}@media all and (max-width: 1024px){.kt-accordion-id3098_6ec6d6-90 > .kt-accordion-inner-wrap > .wp-block-kadence-pane > .kt-accordion-header-wrap > .kt-blocks-accordion-header:hover, \n\t\t\t\tbody:not(.hide-focus-outline) .kt-accordion-id3098_6ec6d6-90 .kt-blocks-accordion-header:focus-visible{border-top-color:#eeeeee;border-top-style:solid;border-right-color:#eeeeee;border-right-style:solid;border-bottom-color:#eeeeee;border-bottom-style:solid;border-left-color:#eeeeee;border-left-style:solid;}}@media all and (max-width: 1024px){.kt-accordion-id3098_6ec6d6-90 .kt-accordion-header-wrap .kt-blocks-accordion-header:focus-visible,\n\t\t\t\t.kt-accordion-id3098_6ec6d6-90 > .kt-accordion-inner-wrap > .wp-block-kadence-pane > .kt-accordion-header-wrap > .kt-blocks-accordion-header.kt-accordion-panel-active{border-top-color:#f3690e;border-top-style:solid;border-right-color:#f3690e;border-right-style:solid;border-bottom-color:#f3690e;border-bottom-style:solid;border-left-color:#f3690e;border-left-style:solid;}}@media all and (max-width: 767px){.kt-accordion-id3098_6ec6d6-90 .kt-accordion-inner-wrap{display:block;}.kt-accordion-id3098_6ec6d6-90 .kt-accordion-inner-wrap .kt-accordion-pane:not(:first-child){margin-top:10px;}.kt-accordion-id3098_6ec6d6-90 .kt-accordion-panel-inner{border-top:0px solid transparent;border-right:0px solid transparent;border-bottom:0px solid transparent;border-left:0px solid transparent;}.kt-accordion-id3098_6ec6d6-90 > .kt-accordion-inner-wrap > .wp-block-kadence-pane > .kt-accordion-header-wrap > .kt-blocks-accordion-header{border-top-color:#555555;border-top-style:solid;border-right-color:#555555;border-right-style:solid;border-bottom-color:#555555;border-bottom-style:solid;border-left-color:#555555;border-left-style:solid;}.kt-accordion-id3098_6ec6d6-90 > .kt-accordion-inner-wrap > .wp-block-kadence-pane > .kt-accordion-header-wrap > .kt-blocks-accordion-header:hover, \n\t\t\t\tbody:not(.hide-focus-outline) .kt-accordion-id3098_6ec6d6-90 .kt-blocks-accordion-header:focus-visible{border-top-color:#eeeeee;border-top-style:solid;border-right-color:#eeeeee;border-right-style:solid;border-bottom-color:#eeeeee;border-bottom-style:solid;border-left-color:#eeeeee;border-left-style:solid;}.kt-accordion-id3098_6ec6d6-90 .kt-accordion-header-wrap .kt-blocks-accordion-header:focus-visible,\n\t\t\t\t.kt-accordion-id3098_6ec6d6-90 > .kt-accordion-inner-wrap > .wp-block-kadence-pane > .kt-accordion-header-wrap > .kt-blocks-accordion-header.kt-accordion-panel-active{border-top-color:#f3690e;border-top-style:solid;border-right-color:#f3690e;border-right-style:solid;border-bottom-color:#f3690e;border-bottom-style:solid;border-left-color:#f3690e;border-left-style:solid;}}<\/style>","protected":false},"excerpt":{"rendered":"<p>Parmi les dessins r\u00e9alis\u00e9s chaque jour pendant 4 ans et 5 mois, j&rsquo;en ai s\u00e9lectionn\u00e9 100. Si vous souhaitez en voir davantage, n&rsquo;h\u00e9sitez pas \u00e0 m&rsquo;en faire la demande via la page contact.<\/p>\n","protected":false},"author":1,"featured_media":0,"parent":0,"menu_order":0,"comment_status":"closed","ping_status":"closed","template":"","meta":{"advgb_blocks_editor_width":"","advgb_blocks_columns_visual_guide":"","neve_meta_sidebar":"default","neve_meta_container":"default","neve_meta_enable_content_width":"off","neve_meta_content_width":100,"neve_meta_title_alignment":"","neve_meta_author_avatar":"","neve_post_elements_order":"","neve_meta_disable_header":"off","neve_meta_disable_footer":"off","neve_meta_disable_title":"off","_themeisle_gutenberg_block_has_review":false,"_vp_format_video_url":"","_vp_image_focal_point":[],"footnotes":""},"class_list":["post-3098","page","type-page","status-publish","hentry"],"coauthors":[],"author_meta":{"author_link":"http:\/\/laurencekahn.be\/index.php\/author\/admin8756\/","display_name":"admin8756"},"relative_dates":{"created":"Publi\u00e9 6 ans il y a","modified":"Mis \u00e0 jour 8 mois il y a"},"absolute_dates":{"created":"Publi\u00e9 le 24 septembre 2020","modified":"Mise \u00e0 jour le 12 septembre 2025"},"absolute_dates_time":{"created":"Publi\u00e9 le 24 septembre 2020 21 h 14 min","modified":"Mise \u00e0 jour le 12 septembre 2025 11 h 28 min"},"featured_img_caption":"","featured_img":false,"series_order":"","_links":{"self":[{"href":"http:\/\/laurencekahn.be\/index.php\/wp-json\/wp\/v2\/pages\/3098"}],"collection":[{"href":"http:\/\/laurencekahn.be\/index.php\/wp-json\/wp\/v2\/pages"}],"about":[{"href":"http:\/\/laurencekahn.be\/index.php\/wp-json\/wp\/v2\/types\/page"}],"author":[{"embeddable":true,"href":"http:\/\/laurencekahn.be\/index.php\/wp-json\/wp\/v2\/users\/1"}],"replies":[{"embeddable":true,"href":"http:\/\/laurencekahn.be\/index.php\/wp-json\/wp\/v2\/comments?post=3098"}],"version-history":[{"count":1,"href":"http:\/\/laurencekahn.be\/index.php\/wp-json\/wp\/v2\/pages\/3098\/revisions"}],"predecessor-version":[{"id":4461,"href":"http:\/\/laurencekahn.be\/index.php\/wp-json\/wp\/v2\/pages\/3098\/revisions\/4461"}],"wp:attachment":[{"href":"http:\/\/laurencekahn.be\/index.php\/wp-json\/wp\/v2\/media?parent=3098"}],"curies":[{"name":"wp","href":"https:\/\/api.w.org\/{rel}","templated":true}]}}