{"id":2802,"date":"2020-09-24T10:52:41","date_gmt":"2020-09-24T08:52:41","guid":{"rendered":"http:\/\/laurencekahn.be\/?page_id=2802"},"modified":"2025-09-14T20:39:10","modified_gmt":"2025-09-14T18:39:10","slug":"photos","status":"publish","type":"page","link":"http:\/\/laurencekahn.be\/index.php\/photos\/","title":{"rendered":"Photos"},"content":{"rendered":"","protected":false},"excerpt":{"rendered":"","protected":false},"author":1,"featured_media":0,"parent":0,"menu_order":0,"comment_status":"closed","ping_status":"closed","template":"","meta":{"advgb_blocks_editor_width":"","advgb_blocks_columns_visual_guide":"","neve_meta_sidebar":"default","neve_meta_container":"default","neve_meta_enable_content_width":"off","neve_meta_content_width":100,"neve_meta_title_alignment":"","neve_meta_author_avatar":"","neve_post_elements_order":"","neve_meta_disable_header":"off","neve_meta_disable_footer":"off","neve_meta_disable_title":"off","_themeisle_gutenberg_block_has_review":false,"_vp_format_video_url":"","_vp_image_focal_point":[],"footnotes":""},"class_list":["post-2802","page","type-page","status-publish","hentry"],"coauthors":[],"author_meta":{"author_link":"http:\/\/laurencekahn.be\/index.php\/author\/admin8756\/","display_name":"admin8756"},"relative_dates":{"created":"Publi\u00e9 6 ans il y a","modified":"Mis \u00e0 jour 7 mois il y a"},"absolute_dates":{"created":"Publi\u00e9 le 24 septembre 2020","modified":"Mise \u00e0 jour le 14 septembre 2025"},"absolute_dates_time":{"created":"Publi\u00e9 le 24 septembre 2020 10 h 52 min","modified":"Mise \u00e0 jour le 14 septembre 2025 20 h 39 min"},"featured_img_caption":"","featured_img":false,"series_order":"","_links":{"self":[{"href":"http:\/\/laurencekahn.be\/index.php\/wp-json\/wp\/v2\/pages\/2802"}],"collection":[{"href":"http:\/\/laurencekahn.be\/index.php\/wp-json\/wp\/v2\/pages"}],"about":[{"href":"http:\/\/laurencekahn.be\/index.php\/wp-json\/wp\/v2\/types\/page"}],"author":[{"embeddable":true,"href":"http:\/\/laurencekahn.be\/index.php\/wp-json\/wp\/v2\/users\/1"}],"replies":[{"embeddable":true,"href":"http:\/\/laurencekahn.be\/index.php\/wp-json\/wp\/v2\/comments?post=2802"}],"version-history":[{"count":2,"href":"http:\/\/laurencekahn.be\/index.php\/wp-json\/wp\/v2\/pages\/2802\/revisions"}],"predecessor-version":[{"id":4468,"href":"http:\/\/laurencekahn.be\/index.php\/wp-json\/wp\/v2\/pages\/2802\/revisions\/4468"}],"wp:attachment":[{"href":"http:\/\/laurencekahn.be\/index.php\/wp-json\/wp\/v2\/media?parent=2802"}],"curies":[{"name":"wp","href":"https:\/\/api.w.org\/{rel}","templated":true}]}}