{"id":2550,"date":"2020-09-24T10:46:40","date_gmt":"2020-09-24T08:46:40","guid":{"rendered":"http:\/\/laurencekahn.be\/?page_id=2550"},"modified":"2025-09-12T11:27:05","modified_gmt":"2025-09-12T09:27:05","slug":"dessins-photos","status":"publish","type":"page","link":"http:\/\/laurencekahn.be\/index.php\/dessins-photos\/","title":{"rendered":"Dessins &#038; photos"},"content":{"rendered":"\n<figure class=\"wp-block-image size-large\"><img loading=\"lazy\" decoding=\"async\" width=\"1024\" height=\"682\" src=\"http:\/\/laurencekahn.be\/wp-content\/uploads\/2022\/04\/IMG_8464-1024x682.jpg\" alt=\"\" class=\"wp-image-4362\" srcset=\"http:\/\/laurencekahn.be\/wp-content\/uploads\/2022\/04\/IMG_8464-1024x682.jpg 1024w, http:\/\/laurencekahn.be\/wp-content\/uploads\/2022\/04\/IMG_8464-300x200.jpg 300w, http:\/\/laurencekahn.be\/wp-content\/uploads\/2022\/04\/IMG_8464-768x511.jpg 768w, http:\/\/laurencekahn.be\/wp-content\/uploads\/2022\/04\/IMG_8464-1536x1023.jpg 1536w, http:\/\/laurencekahn.be\/wp-content\/uploads\/2022\/04\/IMG_8464-2048x1364.jpg 2048w, http:\/\/laurencekahn.be\/wp-content\/uploads\/2022\/04\/IMG_8464-500x333.jpg 500w, http:\/\/laurencekahn.be\/wp-content\/uploads\/2022\/04\/IMG_8464-800x533.jpg 800w, http:\/\/laurencekahn.be\/wp-content\/uploads\/2022\/04\/IMG_8464-1280x852.jpg 1280w, http:\/\/laurencekahn.be\/wp-content\/uploads\/2022\/04\/IMG_8464-1920x1279.jpg 1920w, http:\/\/laurencekahn.be\/wp-content\/uploads\/2022\/04\/IMG_8464-930x620.jpg 930w\" sizes=\"(max-width: 1024px) 100vw, 1024px\" \/><\/figure>\n\n\n\n<div style=\"height:40px\" aria-hidden=\"true\" class=\"wp-block-spacer\"><\/div>\n\n\n\n<p class=\"has-text-align-left\">\u00c0 ce postulat de base, j&rsquo;ajouterai deux aphorismes du m\u00eame auteur : <\/p>\n\n\n\n<div id=\"wp-block-themeisle-blocks-advanced-columns-30c9e67c\" class=\"wp-block-themeisle-blocks-advanced-columns has-1-columns has-desktop-equal-layout has-tablet-equal-layout has-mobile-equal-layout has-vertical-unset\"><div class=\"wp-block-themeisle-blocks-advanced-columns-overlay\"><\/div><div class=\"innerblocks-wrap\">\n<div id=\"wp-block-themeisle-blocks-advanced-column-4468ebb4\" class=\"wp-block-themeisle-blocks-advanced-column animated swing\">\n<p class=\"has-text-align-center has-medium-font-size\"><strong>Le po\u00e8te s\u2019amuse.<\/strong><br><br><strong>Si, si, il y a une question \u00e0 se poser : merde, ou merde ?<\/strong><br><br>Louis Scutenaire<\/p>\n<\/div>\n<\/div><\/div>\n\n\n\n<p>Parmi les mots qui m&rsquo;importent, me portent, ceux de Louis Scutenaire et Jean Dubuffet ont \u00e9t\u00e9 des soutiens importants dans <strong>la possibilit\u00e9 de dire merde<\/strong>. Merde \u00e0 ce qui enserre, \u00e9touffe, entrave, emp\u00eache le d\u00e9sir d&rsquo;exister. D\u00e9sir de dessiner ? Dessine ! D\u00e9sir de photographier ? Photographie !<\/p>\n\n\n\n<div style=\"height:40px\" aria-hidden=\"true\" class=\"wp-block-spacer\"><\/div>\n\n\n\n\n\n<p><\/p>\n","protected":false},"excerpt":{"rendered":"<p>\u00c0 ce postulat de base, j&rsquo;ajouterai deux aphorismes du m\u00eame auteur : Parmi les mots qui m&rsquo;importent, me portent, ceux de Louis Scutenaire et Jean Dubuffet ont \u00e9t\u00e9 des soutiens importants dans la possibilit\u00e9 de dire merde. Merde \u00e0 ce qui enserre, \u00e9touffe, entrave, emp\u00eache le d\u00e9sir d&rsquo;exister. D\u00e9sir de dessiner ? Dessine ! D\u00e9sir&hellip;&nbsp;<a href=\"http:\/\/laurencekahn.be\/index.php\/dessins-photos\/\" class=\"\" rel=\"bookmark\">Lire la suite &raquo;<span class=\"screen-reader-text\">Dessins &#038; photos<\/span><\/a><\/p>\n","protected":false},"author":1,"featured_media":0,"parent":0,"menu_order":0,"comment_status":"closed","ping_status":"closed","template":"","meta":{"advgb_blocks_editor_width":"","advgb_blocks_columns_visual_guide":"","neve_meta_sidebar":"full-width","neve_meta_container":"default","neve_meta_enable_content_width":"off","neve_meta_content_width":100,"neve_meta_title_alignment":"left","neve_meta_author_avatar":"","neve_post_elements_order":"","neve_meta_disable_header":"off","neve_meta_disable_footer":"off","neve_meta_disable_title":"off","_themeisle_gutenberg_block_has_review":false,"_vp_format_video_url":"","_vp_image_focal_point":[],"footnotes":""},"class_list":["post-2550","page","type-page","status-publish","hentry"],"coauthors":[],"author_meta":{"author_link":"http:\/\/laurencekahn.be\/index.php\/author\/admin8756\/","display_name":"admin8756"},"relative_dates":{"created":"Publi\u00e9 6 ans il y a","modified":"Mis \u00e0 jour 8 mois il y a"},"absolute_dates":{"created":"Publi\u00e9 le 24 septembre 2020","modified":"Mise \u00e0 jour le 12 septembre 2025"},"absolute_dates_time":{"created":"Publi\u00e9 le 24 septembre 2020 10 h 46 min","modified":"Mise \u00e0 jour le 12 septembre 2025 11 h 27 min"},"featured_img_caption":"","featured_img":false,"series_order":"","_links":{"self":[{"href":"http:\/\/laurencekahn.be\/index.php\/wp-json\/wp\/v2\/pages\/2550"}],"collection":[{"href":"http:\/\/laurencekahn.be\/index.php\/wp-json\/wp\/v2\/pages"}],"about":[{"href":"http:\/\/laurencekahn.be\/index.php\/wp-json\/wp\/v2\/types\/page"}],"author":[{"embeddable":true,"href":"http:\/\/laurencekahn.be\/index.php\/wp-json\/wp\/v2\/users\/1"}],"replies":[{"embeddable":true,"href":"http:\/\/laurencekahn.be\/index.php\/wp-json\/wp\/v2\/comments?post=2550"}],"version-history":[{"count":1,"href":"http:\/\/laurencekahn.be\/index.php\/wp-json\/wp\/v2\/pages\/2550\/revisions"}],"predecessor-version":[{"id":4460,"href":"http:\/\/laurencekahn.be\/index.php\/wp-json\/wp\/v2\/pages\/2550\/revisions\/4460"}],"wp:attachment":[{"href":"http:\/\/laurencekahn.be\/index.php\/wp-json\/wp\/v2\/media?parent=2550"}],"curies":[{"name":"wp","href":"https:\/\/api.w.org\/{rel}","templated":true}]}}