{"id":2535,"date":"2020-08-28T18:34:01","date_gmt":"2020-08-28T16:34:01","guid":{"rendered":"http:\/\/laurencekahn.be\/?page_id=2535"},"modified":"2025-09-12T11:54:39","modified_gmt":"2025-09-12T09:54:39","slug":"ostende-a-la-parr","status":"publish","type":"page","link":"http:\/\/laurencekahn.be\/index.php\/ostende-a-la-parr\/","title":{"rendered":"Ostende \u00e0 la Parr"},"content":{"rendered":"\n\n\n<div style=\"height:40px\" aria-hidden=\"true\" class=\"wp-block-spacer\"><\/div>\n\n\n\n<figure class=\"wp-block-gallery aligncenter has-nested-images columns-2 wp-block-gallery-1 is-layout-flex wp-block-gallery-is-layout-flex\">\n<figure class=\"wp-block-image\"><img loading=\"lazy\" decoding=\"async\" width=\"1024\" height=\"768\" data-id=\"2538\" src=\"https:\/\/laurencekahn.be\/wp-content\/uploads\/2020\/08\/Ostende-23.07.13-3-1024x768.jpg\" alt=\"\" class=\"wp-image-2538\" srcset=\"http:\/\/laurencekahn.be\/wp-content\/uploads\/2020\/08\/Ostende-23.07.13-3-1024x768.jpg 1024w, http:\/\/laurencekahn.be\/wp-content\/uploads\/2020\/08\/Ostende-23.07.13-3-300x225.jpg 300w, http:\/\/laurencekahn.be\/wp-content\/uploads\/2020\/08\/Ostende-23.07.13-3-768x576.jpg 768w, http:\/\/laurencekahn.be\/wp-content\/uploads\/2020\/08\/Ostende-23.07.13-3-500x375.jpg 500w, http:\/\/laurencekahn.be\/wp-content\/uploads\/2020\/08\/Ostende-23.07.13-3-800x600.jpg 800w, http:\/\/laurencekahn.be\/wp-content\/uploads\/2020\/08\/Ostende-23.07.13-3-1280x960.jpg 1280w, http:\/\/laurencekahn.be\/wp-content\/uploads\/2020\/08\/Ostende-23.07.13-3-1920x1440.jpg 1920w, http:\/\/laurencekahn.be\/wp-content\/uploads\/2020\/08\/Ostende-23.07.13-3-1536x1152.jpg 1536w, http:\/\/laurencekahn.be\/wp-content\/uploads\/2020\/08\/Ostende-23.07.13-3-2048x1536.jpg 2048w\" sizes=\"(max-width: 1024px) 100vw, 1024px\" \/><\/figure>\n\n\n\n<figure class=\"wp-block-image\"><img loading=\"lazy\" decoding=\"async\" width=\"1024\" height=\"768\" data-id=\"2539\" src=\"https:\/\/laurencekahn.be\/wp-content\/uploads\/2020\/08\/Ostende-23.07.13-4-1024x768.jpg\" alt=\"\" class=\"wp-image-2539\" srcset=\"http:\/\/laurencekahn.be\/wp-content\/uploads\/2020\/08\/Ostende-23.07.13-4-1024x768.jpg 1024w, http:\/\/laurencekahn.be\/wp-content\/uploads\/2020\/08\/Ostende-23.07.13-4-300x225.jpg 300w, http:\/\/laurencekahn.be\/wp-content\/uploads\/2020\/08\/Ostende-23.07.13-4-768x576.jpg 768w, http:\/\/laurencekahn.be\/wp-content\/uploads\/2020\/08\/Ostende-23.07.13-4-500x375.jpg 500w, http:\/\/laurencekahn.be\/wp-content\/uploads\/2020\/08\/Ostende-23.07.13-4-800x600.jpg 800w, http:\/\/laurencekahn.be\/wp-content\/uploads\/2020\/08\/Ostende-23.07.13-4-1280x960.jpg 1280w, http:\/\/laurencekahn.be\/wp-content\/uploads\/2020\/08\/Ostende-23.07.13-4-1920x1440.jpg 1920w, http:\/\/laurencekahn.be\/wp-content\/uploads\/2020\/08\/Ostende-23.07.13-4-1536x1152.jpg 1536w, http:\/\/laurencekahn.be\/wp-content\/uploads\/2020\/08\/Ostende-23.07.13-4-2048x1536.jpg 2048w\" sizes=\"(max-width: 1024px) 100vw, 1024px\" \/><\/figure>\n<\/figure>\n\n\n\n<div style=\"height:40px\" aria-hidden=\"true\" class=\"wp-block-spacer\"><\/div>\n\n\n\n<figure class=\"wp-block-gallery aligncenter has-nested-images columns-default is-cropped wp-block-gallery-2 is-layout-flex wp-block-gallery-is-layout-flex\">\n<figure class=\"wp-block-image size-large\"><img loading=\"lazy\" decoding=\"async\" width=\"768\" height=\"1024\" data-id=\"2540\" src=\"https:\/\/laurencekahn.be\/wp-content\/uploads\/2020\/08\/Ostende-23.07.13-5-768x1024.jpg\" alt=\"\" class=\"wp-image-2540\" srcset=\"http:\/\/laurencekahn.be\/wp-content\/uploads\/2020\/08\/Ostende-23.07.13-5-768x1024.jpg 768w, http:\/\/laurencekahn.be\/wp-content\/uploads\/2020\/08\/Ostende-23.07.13-5-225x300.jpg 225w, http:\/\/laurencekahn.be\/wp-content\/uploads\/2020\/08\/Ostende-23.07.13-5-375x500.jpg 375w, http:\/\/laurencekahn.be\/wp-content\/uploads\/2020\/08\/Ostende-23.07.13-5-600x800.jpg 600w, http:\/\/laurencekahn.be\/wp-content\/uploads\/2020\/08\/Ostende-23.07.13-5-960x1280.jpg 960w, http:\/\/laurencekahn.be\/wp-content\/uploads\/2020\/08\/Ostende-23.07.13-5-1440x1920.jpg 1440w, http:\/\/laurencekahn.be\/wp-content\/uploads\/2020\/08\/Ostende-23.07.13-5-1152x1536.jpg 1152w, http:\/\/laurencekahn.be\/wp-content\/uploads\/2020\/08\/Ostende-23.07.13-5-1536x2048.jpg 1536w, http:\/\/laurencekahn.be\/wp-content\/uploads\/2020\/08\/Ostende-23.07.13-5-scaled.jpg 1920w\" sizes=\"(max-width: 768px) 100vw, 768px\" \/><\/figure>\n<\/figure>\n\n\n\n<div style=\"height:40px\" aria-hidden=\"true\" class=\"wp-block-spacer\"><\/div>\n\n\n\n<figure class=\"wp-block-image size-large\"><img loading=\"lazy\" decoding=\"async\" width=\"1024\" height=\"768\" src=\"http:\/\/laurencekahn.be\/wp-content\/uploads\/2020\/08\/Ostende-23.07.13-9-1024x768.jpg\" alt=\"\" class=\"wp-image-2541\" srcset=\"http:\/\/laurencekahn.be\/wp-content\/uploads\/2020\/08\/Ostende-23.07.13-9-1024x768.jpg 1024w, http:\/\/laurencekahn.be\/wp-content\/uploads\/2020\/08\/Ostende-23.07.13-9-300x225.jpg 300w, http:\/\/laurencekahn.be\/wp-content\/uploads\/2020\/08\/Ostende-23.07.13-9-768x576.jpg 768w, http:\/\/laurencekahn.be\/wp-content\/uploads\/2020\/08\/Ostende-23.07.13-9-500x375.jpg 500w, http:\/\/laurencekahn.be\/wp-content\/uploads\/2020\/08\/Ostende-23.07.13-9-800x600.jpg 800w, http:\/\/laurencekahn.be\/wp-content\/uploads\/2020\/08\/Ostende-23.07.13-9-1280x960.jpg 1280w, http:\/\/laurencekahn.be\/wp-content\/uploads\/2020\/08\/Ostende-23.07.13-9-1920x1440.jpg 1920w, http:\/\/laurencekahn.be\/wp-content\/uploads\/2020\/08\/Ostende-23.07.13-9-1536x1152.jpg 1536w, http:\/\/laurencekahn.be\/wp-content\/uploads\/2020\/08\/Ostende-23.07.13-9-2048x1536.jpg 2048w\" sizes=\"(max-width: 1024px) 100vw, 1024px\" \/><\/figure>\n\n\n\n<div style=\"height:40px\" aria-hidden=\"true\" class=\"wp-block-spacer\"><\/div>\n\n\n\n<figure class=\"wp-block-gallery has-nested-images columns-default wp-block-gallery-3 is-layout-flex wp-block-gallery-is-layout-flex\">\n<figure class=\"wp-block-image size-large\"><img loading=\"lazy\" decoding=\"async\" width=\"1024\" height=\"768\" data-id=\"2542\" src=\"https:\/\/laurencekahn.be\/wp-content\/uploads\/2020\/08\/Ostende-23.07.13-10-1024x768.jpg\" alt=\"\" class=\"wp-image-2542\" srcset=\"http:\/\/laurencekahn.be\/wp-content\/uploads\/2020\/08\/Ostende-23.07.13-10-1024x768.jpg 1024w, http:\/\/laurencekahn.be\/wp-content\/uploads\/2020\/08\/Ostende-23.07.13-10-300x225.jpg 300w, http:\/\/laurencekahn.be\/wp-content\/uploads\/2020\/08\/Ostende-23.07.13-10-768x576.jpg 768w, http:\/\/laurencekahn.be\/wp-content\/uploads\/2020\/08\/Ostende-23.07.13-10-500x375.jpg 500w, http:\/\/laurencekahn.be\/wp-content\/uploads\/2020\/08\/Ostende-23.07.13-10-800x600.jpg 800w, http:\/\/laurencekahn.be\/wp-content\/uploads\/2020\/08\/Ostende-23.07.13-10-1280x960.jpg 1280w, http:\/\/laurencekahn.be\/wp-content\/uploads\/2020\/08\/Ostende-23.07.13-10-1920x1440.jpg 1920w, http:\/\/laurencekahn.be\/wp-content\/uploads\/2020\/08\/Ostende-23.07.13-10-1536x1152.jpg 1536w, http:\/\/laurencekahn.be\/wp-content\/uploads\/2020\/08\/Ostende-23.07.13-10-2048x1536.jpg 2048w\" sizes=\"(max-width: 1024px) 100vw, 1024px\" \/><\/figure>\n\n\n\n<figure class=\"wp-block-image size-large\"><img loading=\"lazy\" decoding=\"async\" width=\"1024\" height=\"768\" data-id=\"2543\" src=\"https:\/\/laurencekahn.be\/wp-content\/uploads\/2020\/08\/Ostende-23.07.13-12-1024x768.jpg\" alt=\"\" class=\"wp-image-2543\" srcset=\"http:\/\/laurencekahn.be\/wp-content\/uploads\/2020\/08\/Ostende-23.07.13-12-1024x768.jpg 1024w, http:\/\/laurencekahn.be\/wp-content\/uploads\/2020\/08\/Ostende-23.07.13-12-300x225.jpg 300w, http:\/\/laurencekahn.be\/wp-content\/uploads\/2020\/08\/Ostende-23.07.13-12-768x576.jpg 768w, http:\/\/laurencekahn.be\/wp-content\/uploads\/2020\/08\/Ostende-23.07.13-12-500x375.jpg 500w, http:\/\/laurencekahn.be\/wp-content\/uploads\/2020\/08\/Ostende-23.07.13-12-800x600.jpg 800w, http:\/\/laurencekahn.be\/wp-content\/uploads\/2020\/08\/Ostende-23.07.13-12-1280x960.jpg 1280w, http:\/\/laurencekahn.be\/wp-content\/uploads\/2020\/08\/Ostende-23.07.13-12-1920x1440.jpg 1920w, http:\/\/laurencekahn.be\/wp-content\/uploads\/2020\/08\/Ostende-23.07.13-12-1536x1152.jpg 1536w, http:\/\/laurencekahn.be\/wp-content\/uploads\/2020\/08\/Ostende-23.07.13-12-2048x1536.jpg 2048w\" sizes=\"(max-width: 1024px) 100vw, 1024px\" \/><\/figure>\n<\/figure>\n\n\n\n<div style=\"height:40px\" aria-hidden=\"true\" class=\"wp-block-spacer\"><\/div>\n\n\n\n<figure class=\"wp-block-gallery has-nested-images columns-2 wp-block-gallery-4 is-layout-flex wp-block-gallery-is-layout-flex\">\n<figure class=\"wp-block-image size-large\"><img loading=\"lazy\" decoding=\"async\" width=\"768\" height=\"1024\" data-id=\"2545\" src=\"https:\/\/laurencekahn.be\/wp-content\/uploads\/2020\/08\/Ostende-23.07.13-17-768x1024.jpg\" alt=\"\" class=\"wp-image-2545\" srcset=\"http:\/\/laurencekahn.be\/wp-content\/uploads\/2020\/08\/Ostende-23.07.13-17-768x1024.jpg 768w, http:\/\/laurencekahn.be\/wp-content\/uploads\/2020\/08\/Ostende-23.07.13-17-225x300.jpg 225w, http:\/\/laurencekahn.be\/wp-content\/uploads\/2020\/08\/Ostende-23.07.13-17-375x500.jpg 375w, http:\/\/laurencekahn.be\/wp-content\/uploads\/2020\/08\/Ostende-23.07.13-17-600x800.jpg 600w, http:\/\/laurencekahn.be\/wp-content\/uploads\/2020\/08\/Ostende-23.07.13-17-960x1280.jpg 960w, http:\/\/laurencekahn.be\/wp-content\/uploads\/2020\/08\/Ostende-23.07.13-17-1440x1920.jpg 1440w, http:\/\/laurencekahn.be\/wp-content\/uploads\/2020\/08\/Ostende-23.07.13-17-1152x1536.jpg 1152w, http:\/\/laurencekahn.be\/wp-content\/uploads\/2020\/08\/Ostende-23.07.13-17-1536x2048.jpg 1536w, http:\/\/laurencekahn.be\/wp-content\/uploads\/2020\/08\/Ostende-23.07.13-17-scaled.jpg 1920w\" sizes=\"(max-width: 768px) 100vw, 768px\" \/><\/figure>\n\n\n\n<figure class=\"wp-block-image size-large\"><img loading=\"lazy\" decoding=\"async\" width=\"768\" height=\"1024\" data-id=\"2546\" src=\"https:\/\/laurencekahn.be\/wp-content\/uploads\/2020\/08\/Ostende-23.07.13-18-768x1024.jpg\" alt=\"\" class=\"wp-image-2546\" srcset=\"http:\/\/laurencekahn.be\/wp-content\/uploads\/2020\/08\/Ostende-23.07.13-18-768x1024.jpg 768w, http:\/\/laurencekahn.be\/wp-content\/uploads\/2020\/08\/Ostende-23.07.13-18-225x300.jpg 225w, http:\/\/laurencekahn.be\/wp-content\/uploads\/2020\/08\/Ostende-23.07.13-18-375x500.jpg 375w, http:\/\/laurencekahn.be\/wp-content\/uploads\/2020\/08\/Ostende-23.07.13-18-600x800.jpg 600w, http:\/\/laurencekahn.be\/wp-content\/uploads\/2020\/08\/Ostende-23.07.13-18-960x1280.jpg 960w, http:\/\/laurencekahn.be\/wp-content\/uploads\/2020\/08\/Ostende-23.07.13-18-1440x1920.jpg 1440w, http:\/\/laurencekahn.be\/wp-content\/uploads\/2020\/08\/Ostende-23.07.13-18-1152x1536.jpg 1152w, http:\/\/laurencekahn.be\/wp-content\/uploads\/2020\/08\/Ostende-23.07.13-18-1536x2048.jpg 1536w, http:\/\/laurencekahn.be\/wp-content\/uploads\/2020\/08\/Ostende-23.07.13-18-scaled.jpg 1920w\" sizes=\"(max-width: 768px) 100vw, 768px\" \/><\/figure>\n\n\n\n<figure class=\"wp-block-image size-large\"><img loading=\"lazy\" decoding=\"async\" width=\"1024\" height=\"768\" data-id=\"2544\" src=\"https:\/\/laurencekahn.be\/wp-content\/uploads\/2020\/08\/Ostende-23.07.13-13-1024x768.jpg\" alt=\"\" class=\"wp-image-2544\" srcset=\"http:\/\/laurencekahn.be\/wp-content\/uploads\/2020\/08\/Ostende-23.07.13-13-1024x768.jpg 1024w, http:\/\/laurencekahn.be\/wp-content\/uploads\/2020\/08\/Ostende-23.07.13-13-300x225.jpg 300w, http:\/\/laurencekahn.be\/wp-content\/uploads\/2020\/08\/Ostende-23.07.13-13-768x576.jpg 768w, http:\/\/laurencekahn.be\/wp-content\/uploads\/2020\/08\/Ostende-23.07.13-13-500x375.jpg 500w, http:\/\/laurencekahn.be\/wp-content\/uploads\/2020\/08\/Ostende-23.07.13-13-800x600.jpg 800w, http:\/\/laurencekahn.be\/wp-content\/uploads\/2020\/08\/Ostende-23.07.13-13-1280x960.jpg 1280w, http:\/\/laurencekahn.be\/wp-content\/uploads\/2020\/08\/Ostende-23.07.13-13-1920x1440.jpg 1920w, http:\/\/laurencekahn.be\/wp-content\/uploads\/2020\/08\/Ostende-23.07.13-13-1536x1152.jpg 1536w, http:\/\/laurencekahn.be\/wp-content\/uploads\/2020\/08\/Ostende-23.07.13-13-2048x1536.jpg 2048w\" sizes=\"(max-width: 1024px) 100vw, 1024px\" \/><\/figure>\n<\/figure>\n\n\n\n<div style=\"height:40px\" aria-hidden=\"true\" class=\"wp-block-spacer\"><\/div>\n\n\n\n<figure class=\"wp-block-image size-large\"><img loading=\"lazy\" decoding=\"async\" width=\"1024\" height=\"768\" src=\"http:\/\/laurencekahn.be\/wp-content\/uploads\/2020\/08\/Ostende-23.07.13-20-1024x768.jpg\" alt=\"\" class=\"wp-image-2547\" srcset=\"http:\/\/laurencekahn.be\/wp-content\/uploads\/2020\/08\/Ostende-23.07.13-20-1024x768.jpg 1024w, http:\/\/laurencekahn.be\/wp-content\/uploads\/2020\/08\/Ostende-23.07.13-20-300x225.jpg 300w, http:\/\/laurencekahn.be\/wp-content\/uploads\/2020\/08\/Ostende-23.07.13-20-768x576.jpg 768w, http:\/\/laurencekahn.be\/wp-content\/uploads\/2020\/08\/Ostende-23.07.13-20-500x375.jpg 500w, http:\/\/laurencekahn.be\/wp-content\/uploads\/2020\/08\/Ostende-23.07.13-20-800x600.jpg 800w, http:\/\/laurencekahn.be\/wp-content\/uploads\/2020\/08\/Ostende-23.07.13-20-1280x960.jpg 1280w, http:\/\/laurencekahn.be\/wp-content\/uploads\/2020\/08\/Ostende-23.07.13-20-1920x1440.jpg 1920w, http:\/\/laurencekahn.be\/wp-content\/uploads\/2020\/08\/Ostende-23.07.13-20-1536x1152.jpg 1536w, http:\/\/laurencekahn.be\/wp-content\/uploads\/2020\/08\/Ostende-23.07.13-20-2048x1536.jpg 2048w\" sizes=\"(max-width: 1024px) 100vw, 1024px\" \/><\/figure>\n","protected":false},"excerpt":{"rendered":"","protected":false},"author":1,"featured_media":0,"parent":0,"menu_order":0,"comment_status":"closed","ping_status":"closed","template":"","meta":{"advgb_blocks_editor_width":"","advgb_blocks_columns_visual_guide":"","neve_meta_sidebar":"default","neve_meta_container":"default","neve_meta_enable_content_width":"off","neve_meta_content_width":100,"neve_meta_title_alignment":"","neve_meta_author_avatar":"","neve_post_elements_order":"","neve_meta_disable_header":"off","neve_meta_disable_footer":"off","neve_meta_disable_title":"off","_themeisle_gutenberg_block_has_review":false,"_vp_format_video_url":"","_vp_image_focal_point":[],"footnotes":""},"class_list":["post-2535","page","type-page","status-publish","hentry"],"coauthors":[],"author_meta":{"author_link":"http:\/\/laurencekahn.be\/index.php\/author\/admin8756\/","display_name":"admin8756"},"relative_dates":{"created":"Publi\u00e9 6 ans il y a","modified":"Mis \u00e0 jour 7 mois il y a"},"absolute_dates":{"created":"Publi\u00e9 le 28 ao\u00fbt 2020","modified":"Mise \u00e0 jour le 12 septembre 2025"},"absolute_dates_time":{"created":"Publi\u00e9 le 28 ao\u00fbt 2020 18 h 34 min","modified":"Mise \u00e0 jour le 12 septembre 2025 11 h 54 min"},"featured_img_caption":"","featured_img":false,"series_order":"","_links":{"self":[{"href":"http:\/\/laurencekahn.be\/index.php\/wp-json\/wp\/v2\/pages\/2535"}],"collection":[{"href":"http:\/\/laurencekahn.be\/index.php\/wp-json\/wp\/v2\/pages"}],"about":[{"href":"http:\/\/laurencekahn.be\/index.php\/wp-json\/wp\/v2\/types\/page"}],"author":[{"embeddable":true,"href":"http:\/\/laurencekahn.be\/index.php\/wp-json\/wp\/v2\/users\/1"}],"replies":[{"embeddable":true,"href":"http:\/\/laurencekahn.be\/index.php\/wp-json\/wp\/v2\/comments?post=2535"}],"version-history":[{"count":1,"href":"http:\/\/laurencekahn.be\/index.php\/wp-json\/wp\/v2\/pages\/2535\/revisions"}],"predecessor-version":[{"id":4462,"href":"http:\/\/laurencekahn.be\/index.php\/wp-json\/wp\/v2\/pages\/2535\/revisions\/4462"}],"wp:attachment":[{"href":"http:\/\/laurencekahn.be\/index.php\/wp-json\/wp\/v2\/media?parent=2535"}],"curies":[{"name":"wp","href":"https:\/\/api.w.org\/{rel}","templated":true}]}}