{"id":2322,"date":"2020-09-24T21:18:08","date_gmt":"2020-09-24T19:18:08","guid":{"rendered":"http:\/\/laurencekahn.be\/?page_id=2322"},"modified":"2022-04-07T11:10:25","modified_gmt":"2022-04-07T09:10:25","slug":"poemes-chansons","status":"publish","type":"page","link":"http:\/\/laurencekahn.be\/index.php\/poemes-chansons\/","title":{"rendered":"Po\u00e8mes, chansons\u2026"},"content":{"rendered":"\n<figure class=\"wp-block-image size-large\"><img loading=\"lazy\" decoding=\"async\" width=\"1024\" height=\"682\" src=\"http:\/\/laurencekahn.be\/wp-content\/uploads\/2020\/03\/26.01.20-copie-1024x682.jpg\" alt=\"\" class=\"wp-image-2114\" srcset=\"http:\/\/laurencekahn.be\/wp-content\/uploads\/2020\/03\/26.01.20-copie-1024x682.jpg 1024w, http:\/\/laurencekahn.be\/wp-content\/uploads\/2020\/03\/26.01.20-copie-300x200.jpg 300w, http:\/\/laurencekahn.be\/wp-content\/uploads\/2020\/03\/26.01.20-copie-768x511.jpg 768w, http:\/\/laurencekahn.be\/wp-content\/uploads\/2020\/03\/26.01.20-copie-500x333.jpg 500w, http:\/\/laurencekahn.be\/wp-content\/uploads\/2020\/03\/26.01.20-copie-800x533.jpg 800w, http:\/\/laurencekahn.be\/wp-content\/uploads\/2020\/03\/26.01.20-copie-1280x852.jpg 1280w, http:\/\/laurencekahn.be\/wp-content\/uploads\/2020\/03\/26.01.20-copie-1920x1279.jpg 1920w, http:\/\/laurencekahn.be\/wp-content\/uploads\/2020\/03\/26.01.20-copie-1536x1023.jpg 1536w, http:\/\/laurencekahn.be\/wp-content\/uploads\/2020\/03\/26.01.20-copie-2048x1364.jpg 2048w, http:\/\/laurencekahn.be\/wp-content\/uploads\/2020\/03\/26.01.20-copie-930x620.jpg 930w\" sizes=\"(max-width: 1024px) 100vw, 1024px\" \/><\/figure>\n\n\n\n<div style=\"height:40px\" aria-hidden=\"true\" class=\"wp-block-spacer\"><\/div>\n\n\n\n<p class=\"has-text-color\" style=\"color:#f3690e;font-size:25px\"><strong>Chansons<\/strong><\/p>\n\n\n\n<p>J&rsquo;ai \u00e9crit de nombreuses <strong>chansons<\/strong> dont certaines ont \u00e9t\u00e9 mises en musique lors de collaborations comme ce fut le cas avec le musicien Philippe Reul ou avec la chanteuse Barbara d&rsquo;Alcantara. Sur son disque \u00e9ponyme, Barbara chante \u00ab\u00a0La princesse au grand poids\u00a0\u00bb mise en musique par Julos Beaucarne et sur son disque <em>Une petite brise<\/em> elle interpr\u00e8te \u00ab\u00a0Il faut\u00a0\u00bb sur une musique d&rsquo;Ariane de Bi\u00e8vre.<\/p>\n\n\n\n<div style=\"height:20px\" aria-hidden=\"true\" class=\"wp-block-spacer\"><\/div>\n\n\n\n<p class=\"has-text-color\" style=\"color:#f3690e;font-size:25px\"><strong>Aphorismes et po\u00e8mes<\/strong><\/p>\n\n\n\n<p>\u00c0 cot\u00e9 des chansons, j&rsquo;ai d\u00e9velopp\u00e9 l&rsquo;\u00e9criture d&rsquo;<strong>aphorismes<\/strong> et <strong>po\u00e8mes<\/strong>. J&rsquo;ai r\u00e9alis\u00e9 manuellement des petits recueils reprenant des s\u00e9lections de ceux-ci accompagn\u00e9s de certains de mes dessins et peintures. Les aphorismes ont \u00e9t\u00e9 pr\u00e9sent\u00e9s sous la forme de trois recueils appel\u00e9s <em>Courtes br\u00e8ves<\/em> et les po\u00e8mes ont \u00e9t\u00e9 r\u00e9unis dans <em>Vois la fum\u00e9e sans cage<\/em>. Ces livres d&rsquo;artiste ont \u00e9t\u00e9 vendus dans des librairies bruxelloises et pr\u00e9sent\u00e9s \u00e0 l&rsquo;exposition \u00ab\u00a0Univers singuliers \u2014 Livres d&rsquo;artistes\u00a0\u00bb \u00e0 la galerie Espace Beau Site \u00e0 Arlon.<\/p>\n\n\n\n<p class=\"has-text-align-center has-medium-font-size\"><strong>Courtes br\u00e8ves<\/strong><\/p>\n\n\n\n<figure class=\"wp-block-gallery has-nested-images columns-3 wp-block-gallery-1 is-layout-flex wp-block-gallery-is-layout-flex\">\n<figure class=\"wp-block-image size-large\"><img loading=\"lazy\" decoding=\"async\" width=\"1024\" height=\"768\" data-id=\"2442\" src=\"http:\/\/laurencekahn.be\/wp-content\/uploads\/2020\/07\/9.07.11-2-1024x768.jpg\" alt=\"\" class=\"wp-image-2442\" srcset=\"http:\/\/laurencekahn.be\/wp-content\/uploads\/2020\/07\/9.07.11-2-1024x768.jpg 1024w, http:\/\/laurencekahn.be\/wp-content\/uploads\/2020\/07\/9.07.11-2-300x225.jpg 300w, http:\/\/laurencekahn.be\/wp-content\/uploads\/2020\/07\/9.07.11-2-768x576.jpg 768w, http:\/\/laurencekahn.be\/wp-content\/uploads\/2020\/07\/9.07.11-2-500x375.jpg 500w, http:\/\/laurencekahn.be\/wp-content\/uploads\/2020\/07\/9.07.11-2-800x600.jpg 800w, http:\/\/laurencekahn.be\/wp-content\/uploads\/2020\/07\/9.07.11-2-1280x960.jpg 1280w, http:\/\/laurencekahn.be\/wp-content\/uploads\/2020\/07\/9.07.11-2-1920x1440.jpg 1920w, http:\/\/laurencekahn.be\/wp-content\/uploads\/2020\/07\/9.07.11-2-1536x1152.jpg 1536w, http:\/\/laurencekahn.be\/wp-content\/uploads\/2020\/07\/9.07.11-2-2048x1536.jpg 2048w\" sizes=\"(max-width: 1024px) 100vw, 1024px\" \/><\/figure>\n\n\n\n<figure class=\"wp-block-image size-large\"><img loading=\"lazy\" decoding=\"async\" width=\"768\" height=\"1024\" data-id=\"2441\" src=\"http:\/\/laurencekahn.be\/wp-content\/uploads\/2020\/07\/9.07.11-1-768x1024.jpg\" alt=\"\" class=\"wp-image-2441\" srcset=\"http:\/\/laurencekahn.be\/wp-content\/uploads\/2020\/07\/9.07.11-1-768x1024.jpg 768w, http:\/\/laurencekahn.be\/wp-content\/uploads\/2020\/07\/9.07.11-1-225x300.jpg 225w, http:\/\/laurencekahn.be\/wp-content\/uploads\/2020\/07\/9.07.11-1-375x500.jpg 375w, http:\/\/laurencekahn.be\/wp-content\/uploads\/2020\/07\/9.07.11-1-600x800.jpg 600w, http:\/\/laurencekahn.be\/wp-content\/uploads\/2020\/07\/9.07.11-1-960x1280.jpg 960w, http:\/\/laurencekahn.be\/wp-content\/uploads\/2020\/07\/9.07.11-1-1440x1920.jpg 1440w, http:\/\/laurencekahn.be\/wp-content\/uploads\/2020\/07\/9.07.11-1-1152x1536.jpg 1152w, http:\/\/laurencekahn.be\/wp-content\/uploads\/2020\/07\/9.07.11-1-1536x2048.jpg 1536w, http:\/\/laurencekahn.be\/wp-content\/uploads\/2020\/07\/9.07.11-1-scaled.jpg 1920w\" sizes=\"(max-width: 768px) 100vw, 768px\" \/><\/figure>\n\n\n\n<figure class=\"wp-block-image size-large\"><img loading=\"lazy\" decoding=\"async\" width=\"1024\" height=\"768\" data-id=\"2443\" src=\"http:\/\/laurencekahn.be\/wp-content\/uploads\/2020\/07\/9.07.11-3-1024x768.jpg\" alt=\"\" class=\"wp-image-2443\" srcset=\"http:\/\/laurencekahn.be\/wp-content\/uploads\/2020\/07\/9.07.11-3-1024x768.jpg 1024w, http:\/\/laurencekahn.be\/wp-content\/uploads\/2020\/07\/9.07.11-3-300x225.jpg 300w, http:\/\/laurencekahn.be\/wp-content\/uploads\/2020\/07\/9.07.11-3-768x576.jpg 768w, http:\/\/laurencekahn.be\/wp-content\/uploads\/2020\/07\/9.07.11-3-500x375.jpg 500w, http:\/\/laurencekahn.be\/wp-content\/uploads\/2020\/07\/9.07.11-3-800x600.jpg 800w, http:\/\/laurencekahn.be\/wp-content\/uploads\/2020\/07\/9.07.11-3-1280x960.jpg 1280w, http:\/\/laurencekahn.be\/wp-content\/uploads\/2020\/07\/9.07.11-3-1920x1440.jpg 1920w, http:\/\/laurencekahn.be\/wp-content\/uploads\/2020\/07\/9.07.11-3-1536x1152.jpg 1536w, http:\/\/laurencekahn.be\/wp-content\/uploads\/2020\/07\/9.07.11-3-2048x1536.jpg 2048w\" sizes=\"(max-width: 1024px) 100vw, 1024px\" \/><\/figure>\n\n\n\n<figure class=\"wp-block-image size-large\"><img loading=\"lazy\" decoding=\"async\" width=\"1024\" height=\"768\" data-id=\"2444\" src=\"http:\/\/laurencekahn.be\/wp-content\/uploads\/2020\/07\/9.07.11-4-1024x768.jpg\" alt=\"\" class=\"wp-image-2444\" srcset=\"http:\/\/laurencekahn.be\/wp-content\/uploads\/2020\/07\/9.07.11-4-1024x768.jpg 1024w, http:\/\/laurencekahn.be\/wp-content\/uploads\/2020\/07\/9.07.11-4-300x225.jpg 300w, http:\/\/laurencekahn.be\/wp-content\/uploads\/2020\/07\/9.07.11-4-768x576.jpg 768w, http:\/\/laurencekahn.be\/wp-content\/uploads\/2020\/07\/9.07.11-4-500x375.jpg 500w, http:\/\/laurencekahn.be\/wp-content\/uploads\/2020\/07\/9.07.11-4-800x600.jpg 800w, http:\/\/laurencekahn.be\/wp-content\/uploads\/2020\/07\/9.07.11-4-1280x960.jpg 1280w, http:\/\/laurencekahn.be\/wp-content\/uploads\/2020\/07\/9.07.11-4-1920x1440.jpg 1920w, http:\/\/laurencekahn.be\/wp-content\/uploads\/2020\/07\/9.07.11-4-1536x1152.jpg 1536w, http:\/\/laurencekahn.be\/wp-content\/uploads\/2020\/07\/9.07.11-4-2048x1536.jpg 2048w\" sizes=\"(max-width: 1024px) 100vw, 1024px\" \/><\/figure>\n\n\n\n<figure class=\"wp-block-image size-large\"><img loading=\"lazy\" decoding=\"async\" width=\"1024\" height=\"768\" data-id=\"2470\" src=\"http:\/\/laurencekahn.be\/wp-content\/uploads\/2020\/07\/14.01.11-1-1024x768.jpg\" alt=\"\" class=\"wp-image-2470\" srcset=\"http:\/\/laurencekahn.be\/wp-content\/uploads\/2020\/07\/14.01.11-1-1024x768.jpg 1024w, http:\/\/laurencekahn.be\/wp-content\/uploads\/2020\/07\/14.01.11-1-300x225.jpg 300w, http:\/\/laurencekahn.be\/wp-content\/uploads\/2020\/07\/14.01.11-1-768x576.jpg 768w, http:\/\/laurencekahn.be\/wp-content\/uploads\/2020\/07\/14.01.11-1-500x375.jpg 500w, http:\/\/laurencekahn.be\/wp-content\/uploads\/2020\/07\/14.01.11-1-800x600.jpg 800w, http:\/\/laurencekahn.be\/wp-content\/uploads\/2020\/07\/14.01.11-1-1280x960.jpg 1280w, http:\/\/laurencekahn.be\/wp-content\/uploads\/2020\/07\/14.01.11-1-1920x1440.jpg 1920w, http:\/\/laurencekahn.be\/wp-content\/uploads\/2020\/07\/14.01.11-1-1536x1152.jpg 1536w, http:\/\/laurencekahn.be\/wp-content\/uploads\/2020\/07\/14.01.11-1-2048x1536.jpg 2048w\" sizes=\"(max-width: 1024px) 100vw, 1024px\" \/><\/figure>\n\n\n\n<figure class=\"wp-block-image size-large\"><img loading=\"lazy\" decoding=\"async\" width=\"1024\" height=\"768\" data-id=\"2445\" src=\"http:\/\/laurencekahn.be\/wp-content\/uploads\/2020\/07\/9.07.11-5-1024x768.jpg\" alt=\"\" class=\"wp-image-2445\" srcset=\"http:\/\/laurencekahn.be\/wp-content\/uploads\/2020\/07\/9.07.11-5-1024x768.jpg 1024w, http:\/\/laurencekahn.be\/wp-content\/uploads\/2020\/07\/9.07.11-5-300x225.jpg 300w, http:\/\/laurencekahn.be\/wp-content\/uploads\/2020\/07\/9.07.11-5-768x576.jpg 768w, http:\/\/laurencekahn.be\/wp-content\/uploads\/2020\/07\/9.07.11-5-500x375.jpg 500w, http:\/\/laurencekahn.be\/wp-content\/uploads\/2020\/07\/9.07.11-5-800x600.jpg 800w, http:\/\/laurencekahn.be\/wp-content\/uploads\/2020\/07\/9.07.11-5-1280x960.jpg 1280w, http:\/\/laurencekahn.be\/wp-content\/uploads\/2020\/07\/9.07.11-5-1920x1440.jpg 1920w, http:\/\/laurencekahn.be\/wp-content\/uploads\/2020\/07\/9.07.11-5-1536x1152.jpg 1536w, http:\/\/laurencekahn.be\/wp-content\/uploads\/2020\/07\/9.07.11-5-2048x1536.jpg 2048w\" sizes=\"(max-width: 1024px) 100vw, 1024px\" \/><\/figure>\n<\/figure>\n\n\n\n<div style=\"height:40px\" aria-hidden=\"true\" class=\"wp-block-spacer\"><\/div>\n\n\n\n<p class=\"has-text-align-center has-medium-font-size\"><strong>Vois la fum\u00e9e sans cage<\/strong><\/p>\n\n\n\n<figure class=\"wp-block-gallery has-nested-images columns-default wp-block-gallery-2 is-layout-flex wp-block-gallery-is-layout-flex\">\n<figure class=\"wp-block-image size-large\"><img loading=\"lazy\" decoding=\"async\" width=\"1024\" height=\"768\" data-id=\"2448\" src=\"http:\/\/laurencekahn.be\/wp-content\/uploads\/2020\/07\/20.12.11-1-1024x768.jpg\" alt=\"\" class=\"wp-image-2448\" srcset=\"http:\/\/laurencekahn.be\/wp-content\/uploads\/2020\/07\/20.12.11-1-1024x768.jpg 1024w, http:\/\/laurencekahn.be\/wp-content\/uploads\/2020\/07\/20.12.11-1-300x225.jpg 300w, http:\/\/laurencekahn.be\/wp-content\/uploads\/2020\/07\/20.12.11-1-768x576.jpg 768w, http:\/\/laurencekahn.be\/wp-content\/uploads\/2020\/07\/20.12.11-1-500x375.jpg 500w, http:\/\/laurencekahn.be\/wp-content\/uploads\/2020\/07\/20.12.11-1-800x600.jpg 800w, http:\/\/laurencekahn.be\/wp-content\/uploads\/2020\/07\/20.12.11-1-1280x960.jpg 1280w, http:\/\/laurencekahn.be\/wp-content\/uploads\/2020\/07\/20.12.11-1-1920x1440.jpg 1920w, http:\/\/laurencekahn.be\/wp-content\/uploads\/2020\/07\/20.12.11-1-1536x1152.jpg 1536w, http:\/\/laurencekahn.be\/wp-content\/uploads\/2020\/07\/20.12.11-1-2048x1536.jpg 2048w\" sizes=\"(max-width: 1024px) 100vw, 1024px\" \/><\/figure>\n\n\n\n<figure class=\"wp-block-image size-large\"><img loading=\"lazy\" decoding=\"async\" width=\"768\" height=\"1024\" data-id=\"2452\" src=\"http:\/\/laurencekahn.be\/wp-content\/uploads\/2020\/07\/20.12.11-5-768x1024.jpg\" alt=\"\" class=\"wp-image-2452\" srcset=\"http:\/\/laurencekahn.be\/wp-content\/uploads\/2020\/07\/20.12.11-5-768x1024.jpg 768w, http:\/\/laurencekahn.be\/wp-content\/uploads\/2020\/07\/20.12.11-5-225x300.jpg 225w, http:\/\/laurencekahn.be\/wp-content\/uploads\/2020\/07\/20.12.11-5-375x500.jpg 375w, http:\/\/laurencekahn.be\/wp-content\/uploads\/2020\/07\/20.12.11-5-600x800.jpg 600w, http:\/\/laurencekahn.be\/wp-content\/uploads\/2020\/07\/20.12.11-5-960x1280.jpg 960w, http:\/\/laurencekahn.be\/wp-content\/uploads\/2020\/07\/20.12.11-5-1440x1920.jpg 1440w, http:\/\/laurencekahn.be\/wp-content\/uploads\/2020\/07\/20.12.11-5-1152x1536.jpg 1152w, http:\/\/laurencekahn.be\/wp-content\/uploads\/2020\/07\/20.12.11-5-1536x2048.jpg 1536w, http:\/\/laurencekahn.be\/wp-content\/uploads\/2020\/07\/20.12.11-5-scaled.jpg 1920w\" sizes=\"(max-width: 768px) 100vw, 768px\" \/><\/figure>\n\n\n\n<figure class=\"wp-block-image size-large\"><img loading=\"lazy\" decoding=\"async\" width=\"1024\" height=\"768\" data-id=\"2450\" src=\"http:\/\/laurencekahn.be\/wp-content\/uploads\/2020\/07\/20.12.11-3-1024x768.jpg\" alt=\"\" class=\"wp-image-2450\" srcset=\"http:\/\/laurencekahn.be\/wp-content\/uploads\/2020\/07\/20.12.11-3-1024x768.jpg 1024w, http:\/\/laurencekahn.be\/wp-content\/uploads\/2020\/07\/20.12.11-3-300x225.jpg 300w, http:\/\/laurencekahn.be\/wp-content\/uploads\/2020\/07\/20.12.11-3-768x576.jpg 768w, http:\/\/laurencekahn.be\/wp-content\/uploads\/2020\/07\/20.12.11-3-500x375.jpg 500w, http:\/\/laurencekahn.be\/wp-content\/uploads\/2020\/07\/20.12.11-3-800x600.jpg 800w, http:\/\/laurencekahn.be\/wp-content\/uploads\/2020\/07\/20.12.11-3-1280x960.jpg 1280w, http:\/\/laurencekahn.be\/wp-content\/uploads\/2020\/07\/20.12.11-3-1920x1440.jpg 1920w, http:\/\/laurencekahn.be\/wp-content\/uploads\/2020\/07\/20.12.11-3-1536x1152.jpg 1536w, http:\/\/laurencekahn.be\/wp-content\/uploads\/2020\/07\/20.12.11-3-2048x1536.jpg 2048w\" sizes=\"(max-width: 1024px) 100vw, 1024px\" \/><\/figure>\n\n\n\n<figure class=\"wp-block-image size-large\"><img loading=\"lazy\" decoding=\"async\" width=\"768\" height=\"1024\" data-id=\"2451\" src=\"http:\/\/laurencekahn.be\/wp-content\/uploads\/2020\/07\/20.12.11-4-768x1024.jpg\" alt=\"\" class=\"wp-image-2451\" srcset=\"http:\/\/laurencekahn.be\/wp-content\/uploads\/2020\/07\/20.12.11-4-768x1024.jpg 768w, http:\/\/laurencekahn.be\/wp-content\/uploads\/2020\/07\/20.12.11-4-225x300.jpg 225w, http:\/\/laurencekahn.be\/wp-content\/uploads\/2020\/07\/20.12.11-4-375x500.jpg 375w, http:\/\/laurencekahn.be\/wp-content\/uploads\/2020\/07\/20.12.11-4-600x800.jpg 600w, http:\/\/laurencekahn.be\/wp-content\/uploads\/2020\/07\/20.12.11-4-960x1280.jpg 960w, http:\/\/laurencekahn.be\/wp-content\/uploads\/2020\/07\/20.12.11-4-1440x1920.jpg 1440w, http:\/\/laurencekahn.be\/wp-content\/uploads\/2020\/07\/20.12.11-4-1152x1536.jpg 1152w, http:\/\/laurencekahn.be\/wp-content\/uploads\/2020\/07\/20.12.11-4-1536x2048.jpg 1536w, http:\/\/laurencekahn.be\/wp-content\/uploads\/2020\/07\/20.12.11-4-scaled.jpg 1920w\" sizes=\"(max-width: 768px) 100vw, 768px\" \/><\/figure>\n\n\n\n<figure class=\"wp-block-image size-large\"><img loading=\"lazy\" decoding=\"async\" width=\"768\" height=\"1024\" data-id=\"2449\" src=\"http:\/\/laurencekahn.be\/wp-content\/uploads\/2020\/07\/20.12.11-2-768x1024.jpg\" alt=\"\" class=\"wp-image-2449\" srcset=\"http:\/\/laurencekahn.be\/wp-content\/uploads\/2020\/07\/20.12.11-2-768x1024.jpg 768w, http:\/\/laurencekahn.be\/wp-content\/uploads\/2020\/07\/20.12.11-2-225x300.jpg 225w, http:\/\/laurencekahn.be\/wp-content\/uploads\/2020\/07\/20.12.11-2-375x500.jpg 375w, http:\/\/laurencekahn.be\/wp-content\/uploads\/2020\/07\/20.12.11-2-600x800.jpg 600w, http:\/\/laurencekahn.be\/wp-content\/uploads\/2020\/07\/20.12.11-2-960x1280.jpg 960w, http:\/\/laurencekahn.be\/wp-content\/uploads\/2020\/07\/20.12.11-2-1440x1920.jpg 1440w, http:\/\/laurencekahn.be\/wp-content\/uploads\/2020\/07\/20.12.11-2-1152x1536.jpg 1152w, http:\/\/laurencekahn.be\/wp-content\/uploads\/2020\/07\/20.12.11-2-1536x2048.jpg 1536w, http:\/\/laurencekahn.be\/wp-content\/uploads\/2020\/07\/20.12.11-2-scaled.jpg 1920w\" sizes=\"(max-width: 768px) 100vw, 768px\" \/><\/figure>\n<\/figure>\n\n\n\n<div style=\"height:40px\" aria-hidden=\"true\" class=\"wp-block-spacer\"><\/div>\n\n\n\n<p class=\"has-text-color\" style=\"color:#f3690e;font-size:25px\"><strong>\u00c9crits m\u00eal\u00e9s \u00e0 des dessins<\/strong><\/p>\n\n\n\n<p>Durant quatre ans et demi, je me suis donn\u00e9 comme fil conducteur d&rsquo;effectuer au minimum un passage par jour dans <a rel=\"noreferrer noopener\" aria-label=\"un carnet \u00e0 dessins (s\u2019ouvre dans un nouvel onglet)\" href=\"http:\/\/laurencekahn.be\/?page_id=3098&amp;preview=true\" target=\"_blank\">un carnet \u00e0 dessins<\/a>. Parmi les explorations effectu\u00e9es durant cette p\u00e9riode, j&rsquo;ai, entre autres, exp\u00e9riment\u00e9 des formes o\u00f9 \u00e9crits et dessins se m\u00ealent.<\/p>\n\n\n\n<p><\/p>\n","protected":false},"excerpt":{"rendered":"<p>Chansons J&rsquo;ai \u00e9crit de nombreuses chansons dont certaines ont \u00e9t\u00e9 mises en musique lors de collaborations comme ce fut le cas avec le musicien Philippe Reul ou avec la chanteuse Barbara d&rsquo;Alcantara. Sur son disque \u00e9ponyme, Barbara chante \u00ab\u00a0La princesse au grand poids\u00a0\u00bb mise en musique par Julos Beaucarne et sur son disque Une petite&hellip;&nbsp;<a href=\"http:\/\/laurencekahn.be\/index.php\/poemes-chansons\/\" class=\"\" rel=\"bookmark\">Lire la suite &raquo;<span class=\"screen-reader-text\">Po\u00e8mes, chansons\u2026<\/span><\/a><\/p>\n","protected":false},"author":1,"featured_media":0,"parent":0,"menu_order":0,"comment_status":"closed","ping_status":"closed","template":"","meta":{"advgb_blocks_editor_width":"","advgb_blocks_columns_visual_guide":"","neve_meta_sidebar":"default","neve_meta_container":"default","neve_meta_enable_content_width":"off","neve_meta_content_width":100,"neve_meta_title_alignment":"","neve_meta_author_avatar":"","neve_post_elements_order":"","neve_meta_disable_header":"off","neve_meta_disable_footer":"off","neve_meta_disable_title":"off","_themeisle_gutenberg_block_has_review":false,"_vp_format_video_url":"","_vp_image_focal_point":[],"footnotes":""},"class_list":["post-2322","page","type-page","status-publish","hentry"],"coauthors":[],"author_meta":{"author_link":"http:\/\/laurencekahn.be\/index.php\/author\/admin8756\/","display_name":"admin8756"},"relative_dates":{"created":"Publi\u00e9 6 ans il y a","modified":"Mis \u00e0 jour 4 ans il y a"},"absolute_dates":{"created":"Publi\u00e9 le 24 septembre 2020","modified":"Mise \u00e0 jour le 7 avril 2022"},"absolute_dates_time":{"created":"Publi\u00e9 le 24 septembre 2020 21 h 18 min","modified":"Mise \u00e0 jour le 7 avril 2022 11 h 10 min"},"featured_img_caption":"","featured_img":false,"series_order":"","_links":{"self":[{"href":"http:\/\/laurencekahn.be\/index.php\/wp-json\/wp\/v2\/pages\/2322"}],"collection":[{"href":"http:\/\/laurencekahn.be\/index.php\/wp-json\/wp\/v2\/pages"}],"about":[{"href":"http:\/\/laurencekahn.be\/index.php\/wp-json\/wp\/v2\/types\/page"}],"author":[{"embeddable":true,"href":"http:\/\/laurencekahn.be\/index.php\/wp-json\/wp\/v2\/users\/1"}],"replies":[{"embeddable":true,"href":"http:\/\/laurencekahn.be\/index.php\/wp-json\/wp\/v2\/comments?post=2322"}],"version-history":[{"count":0,"href":"http:\/\/laurencekahn.be\/index.php\/wp-json\/wp\/v2\/pages\/2322\/revisions"}],"wp:attachment":[{"href":"http:\/\/laurencekahn.be\/index.php\/wp-json\/wp\/v2\/media?parent=2322"}],"curies":[{"name":"wp","href":"https:\/\/api.w.org\/{rel}","templated":true}]}}