{"id":2075,"date":"2020-09-24T18:12:33","date_gmt":"2020-09-24T16:12:33","guid":{"rendered":"http:\/\/laurencekahn.be\/?page_id=2075"},"modified":"2023-11-06T11:49:13","modified_gmt":"2023-11-06T10:49:13","slug":"redaction","status":"publish","type":"page","link":"http:\/\/laurencekahn.be\/index.php\/redaction\/","title":{"rendered":"R\u00e9daction"},"content":{"rendered":"\n<figure class=\"wp-block-image size-large\"><img loading=\"lazy\" decoding=\"async\" width=\"1024\" height=\"682\" src=\"http:\/\/laurencekahn.be\/wp-content\/uploads\/2020\/07\/28.12.14-4-1024x682.jpg\" alt=\"\" class=\"wp-image-2378\" srcset=\"http:\/\/laurencekahn.be\/wp-content\/uploads\/2020\/07\/28.12.14-4-1024x682.jpg 1024w, http:\/\/laurencekahn.be\/wp-content\/uploads\/2020\/07\/28.12.14-4-300x200.jpg 300w, http:\/\/laurencekahn.be\/wp-content\/uploads\/2020\/07\/28.12.14-4-768x511.jpg 768w, http:\/\/laurencekahn.be\/wp-content\/uploads\/2020\/07\/28.12.14-4-500x333.jpg 500w, http:\/\/laurencekahn.be\/wp-content\/uploads\/2020\/07\/28.12.14-4-800x533.jpg 800w, http:\/\/laurencekahn.be\/wp-content\/uploads\/2020\/07\/28.12.14-4-1280x852.jpg 1280w, http:\/\/laurencekahn.be\/wp-content\/uploads\/2020\/07\/28.12.14-4-1920x1279.jpg 1920w, http:\/\/laurencekahn.be\/wp-content\/uploads\/2020\/07\/28.12.14-4-1536x1023.jpg 1536w, http:\/\/laurencekahn.be\/wp-content\/uploads\/2020\/07\/28.12.14-4-2048x1364.jpg 2048w, http:\/\/laurencekahn.be\/wp-content\/uploads\/2020\/07\/28.12.14-4-930x620.jpg 930w\" sizes=\"(max-width: 1024px) 100vw, 1024px\" \/><\/figure>\n\n\n\n<p><\/p>\n\n\n\n<p>Quelques-unes de mes exp\u00e9riences de r\u00e9daction :<br><br>\u25cf des articles d&rsquo;<strong>information culturelle<\/strong> pour le magazine <em>Avanc\u00e9es<\/em> ;<br><br>\u25cf la <strong>plaquette de pr\u00e9sentation<\/strong> des artistes nomin\u00e9s pour le Prix Oc\u00e9 des Arts de la Sc\u00e8ne ;<br><br>\u25cf en tant qu&rsquo;attach\u00e9e de presse du GrrrAAl pour l\u2019action \u00e0 l\u2019ONEM de l\u2019autrice Pascale Fonteneau, des articles d\u00e9taillant<strong> le d\u00e9roulement et les enjeux<\/strong> de cette action ; <br><br>\u25cf des articles <strong>th\u00e9matiques et d&rsquo;entretiens avec des artistes<\/strong> pour le magazine <em>Sc\u00e8nes <\/em>de la Maison du Spectacle-la Bellone ;<br><br>\u25cf des articles de <strong>pr\u00e9sentation des spectacles <\/strong>programm\u00e9s pour le journal trimestriel du Th\u00e9\u00e2tre Oc\u00e9an Nord ;<br><br>\u25cf des <strong>dossiers p\u00e9dagogiques<\/strong> consacr\u00e9s \u00e0 des spectacles sp\u00e9cifiques ainsi que des <strong>brochures p\u00e9dagogiques de saison<\/strong> pour le Th\u00e9\u00e2tre Les Tanneurs ;<br><br>\u25cf des <strong>chroniques<\/strong> en lien avec des spectacles programm\u00e9s aux Halles pour le <a rel=\"noreferrer noopener\" href=\"https:\/\/www.halles.be\/fr\/stories\" target=\"_blank\">Journal<\/a> en ligne (les liens vers tous les textes sont rassembl\u00e9s sur ma page du <a href=\"https:\/\/bela.be\/auteur\/laurence-kahn\" target=\"_blank\" rel=\"noreferrer noopener\">site Bela<\/a>).<br><\/p>\n\n\n\n<p>Exemples de textes r\u00e9dig\u00e9s : <a rel=\"noreferrer noopener\" aria-label=\"un article (s\u2019ouvre dans un nouvel onglet)\" href=\"http:\/\/laurencekahn.be\/wp-content\/uploads\/2020\/05\/Les-mains-de-Figaro.pdf\" target=\"_blank\">un article<\/a> sur le spectacle <em>Les noces de Figaro <\/em>r\u00e9alis\u00e9 pour la revue <em>Sc\u00e8nes<\/em> de La Bellone, <a rel=\"noreferrer noopener\" aria-label=\"le dossier p\u00e9dagogique (s\u2019ouvre dans un nouvel onglet)\" href=\"http:\/\/laurencekahn.be\/wp-content\/uploads\/2020\/05\/Dossier-pe\u0301dago-King-Lear-2.0-copie-2.pdf\" target=\"_blank\">le dossier p\u00e9dagogique<\/a> du spectacle <em>King Lear 2.0<\/em> ainsi que <a rel=\"noreferrer noopener\" aria-label=\"la brochure p\u00e9dagogique (s\u2019ouvre dans un nouvel onglet)\" href=\"http:\/\/laurencekahn.be\/wp-content\/uploads\/2020\/05\/Brochure-pe\u0301dagogique-1516-copie.pdf\" target=\"_blank\">la brochure p\u00e9dagogique<\/a> de la saison 2015-2016 au Th\u00e9\u00e2tre Les Tanneurs.<\/p>\n\n\n\n<div style=\"height:20px\" aria-hidden=\"true\" class=\"wp-block-spacer advgb-dyn-af21a01c\"><\/div>\n\n\n\n<p>J&rsquo;effectue \u00e9galement des <strong>relectures de textes<\/strong> (surtitres de th\u00e9\u00e2tre, sous-titres de films, magazines culturels, dossiers, outils p\u00e9dagogiques, colloques, conf\u00e9rences) et des <strong>accompagnements \u00e0 l&rsquo;\u00e9criture\/aides \u00e0 la dramaturgie<\/strong>.<\/p>\n\n\n\n<div style=\"height:30px\" aria-hidden=\"true\" class=\"wp-block-spacer advgb-dyn-afe3be10\"><\/div>\n\n\n\n<figure class=\"wp-block-image size-large\"><img loading=\"lazy\" decoding=\"async\" width=\"768\" height=\"1024\" src=\"http:\/\/laurencekahn.be\/wp-content\/uploads\/2020\/05\/Rome-8.04.11-1-768x1024.jpg\" alt=\"\" class=\"wp-image-2313\" srcset=\"http:\/\/laurencekahn.be\/wp-content\/uploads\/2020\/05\/Rome-8.04.11-1-768x1024.jpg 768w, http:\/\/laurencekahn.be\/wp-content\/uploads\/2020\/05\/Rome-8.04.11-1-225x300.jpg 225w, http:\/\/laurencekahn.be\/wp-content\/uploads\/2020\/05\/Rome-8.04.11-1-375x500.jpg 375w, http:\/\/laurencekahn.be\/wp-content\/uploads\/2020\/05\/Rome-8.04.11-1-600x800.jpg 600w, http:\/\/laurencekahn.be\/wp-content\/uploads\/2020\/05\/Rome-8.04.11-1-960x1280.jpg 960w, http:\/\/laurencekahn.be\/wp-content\/uploads\/2020\/05\/Rome-8.04.11-1-1440x1920.jpg 1440w, http:\/\/laurencekahn.be\/wp-content\/uploads\/2020\/05\/Rome-8.04.11-1-1152x1536.jpg 1152w, http:\/\/laurencekahn.be\/wp-content\/uploads\/2020\/05\/Rome-8.04.11-1-1536x2048.jpg 1536w, http:\/\/laurencekahn.be\/wp-content\/uploads\/2020\/05\/Rome-8.04.11-1-scaled.jpg 1920w\" sizes=\"(max-width: 768px) 100vw, 768px\" \/><\/figure>\n\n\n\n<p><\/p>\n","protected":false},"excerpt":{"rendered":"<p>Quelques-unes de mes exp\u00e9riences de r\u00e9daction : \u25cf des articles d&rsquo;information culturelle pour le magazine Avanc\u00e9es ; \u25cf la plaquette de pr\u00e9sentation des artistes nomin\u00e9s pour le Prix Oc\u00e9 des Arts de la Sc\u00e8ne ; \u25cf en tant qu&rsquo;attach\u00e9e de presse du GrrrAAl pour l\u2019action \u00e0 l\u2019ONEM de l\u2019autrice Pascale Fonteneau, des articles d\u00e9taillant le&hellip;&nbsp;<a href=\"http:\/\/laurencekahn.be\/index.php\/redaction\/\" class=\"\" rel=\"bookmark\">Lire la suite &raquo;<span class=\"screen-reader-text\">R\u00e9daction<\/span><\/a><\/p>\n","protected":false},"author":1,"featured_media":0,"parent":0,"menu_order":0,"comment_status":"closed","ping_status":"closed","template":"","meta":{"advgb_blocks_editor_width":"","advgb_blocks_columns_visual_guide":"","neve_meta_sidebar":"default","neve_meta_container":"default","neve_meta_enable_content_width":"off","neve_meta_content_width":100,"neve_meta_title_alignment":"","neve_meta_author_avatar":"","neve_post_elements_order":"","neve_meta_disable_header":"off","neve_meta_disable_footer":"off","neve_meta_disable_title":"off","_themeisle_gutenberg_block_has_review":false,"_vp_format_video_url":"","_vp_image_focal_point":[],"footnotes":""},"class_list":["post-2075","page","type-page","status-publish","hentry"],"coauthors":[],"author_meta":{"author_link":"http:\/\/laurencekahn.be\/index.php\/author\/admin8756\/","display_name":"admin8756"},"relative_dates":{"created":"Publi\u00e9 6 ans il y a","modified":"Mis \u00e0 jour 2 ans il y a"},"absolute_dates":{"created":"Publi\u00e9 le 24 septembre 2020","modified":"Mise \u00e0 jour le 6 novembre 2023"},"absolute_dates_time":{"created":"Publi\u00e9 le 24 septembre 2020 18 h 12 min","modified":"Mise \u00e0 jour le 6 novembre 2023 11 h 49 min"},"featured_img_caption":"","featured_img":false,"series_order":"","_links":{"self":[{"href":"http:\/\/laurencekahn.be\/index.php\/wp-json\/wp\/v2\/pages\/2075"}],"collection":[{"href":"http:\/\/laurencekahn.be\/index.php\/wp-json\/wp\/v2\/pages"}],"about":[{"href":"http:\/\/laurencekahn.be\/index.php\/wp-json\/wp\/v2\/types\/page"}],"author":[{"embeddable":true,"href":"http:\/\/laurencekahn.be\/index.php\/wp-json\/wp\/v2\/users\/1"}],"replies":[{"embeddable":true,"href":"http:\/\/laurencekahn.be\/index.php\/wp-json\/wp\/v2\/comments?post=2075"}],"version-history":[{"count":0,"href":"http:\/\/laurencekahn.be\/index.php\/wp-json\/wp\/v2\/pages\/2075\/revisions"}],"wp:attachment":[{"href":"http:\/\/laurencekahn.be\/index.php\/wp-json\/wp\/v2\/media?parent=2075"}],"curies":[{"name":"wp","href":"https:\/\/api.w.org\/{rel}","templated":true}]}}