{"id":151,"date":"2020-09-17T13:54:42","date_gmt":"2020-09-17T11:54:42","guid":{"rendered":"http:\/\/laurencekahn.be\/?page_id=151"},"modified":"2020-09-25T15:12:05","modified_gmt":"2020-09-25T13:12:05","slug":"parole-sciolte-improvvisazione-scritta","status":"publish","type":"page","link":"http:\/\/laurencekahn.be\/index.php\/parole-sciolte-improvvisazione-scritta\/","title":{"rendered":"PAROLE SCIOLTE &#8211; Improvvisazione scritta"},"content":{"rendered":"\n<p>De 2007 \u00e0 2013 j&rsquo;ai propos\u00e9 en Italie <strong><em>PAROLE SCIOLTE &#8211; Improvvisazione scritta<\/em>, <\/strong>des<strong> ateliers d&rsquo;improvisation \u00e9crite en italien<\/strong>.<\/p>\n\n\n\n<div class=\"wp-block-image\"><figure class=\"aligncenter size-large\"><img loading=\"lazy\" decoding=\"async\" width=\"1024\" height=\"768\" src=\"http:\/\/laurencekahn.be\/wp-content\/uploads\/2019\/11\/Sardaigne-23.08.07-2-1-1024x768.jpg\" alt=\"\" class=\"wp-image-406\" srcset=\"http:\/\/laurencekahn.be\/wp-content\/uploads\/2019\/11\/Sardaigne-23.08.07-2-1-1024x768.jpg 1024w, http:\/\/laurencekahn.be\/wp-content\/uploads\/2019\/11\/Sardaigne-23.08.07-2-1-300x225.jpg 300w, http:\/\/laurencekahn.be\/wp-content\/uploads\/2019\/11\/Sardaigne-23.08.07-2-1-768x576.jpg 768w\" sizes=\"(max-width: 1024px) 100vw, 1024px\" \/><figcaption><em><strong>Le r\u00eave ne fait pas partie du sommeil, il appartient r\u00e9solument \u00e0 l&rsquo;\u00e9tat de veille<\/strong><\/em><\/figcaption><\/figure><\/div>\n\n\n\n<div style=\"height:20px\" aria-hidden=\"true\" class=\"wp-block-spacer\"><\/div>\n\n\n\n<p style=\"color:#0077aa\" class=\"has-text-color has-text-align-center has-medium-font-size\">&#8211; <strong>Pr\u00e9sentation de l&rsquo;atelier<\/strong> &#8211;<\/p>\n\n\n\n<p style=\"background-color:#fee94e\" class=\"has-text-color has-background has-normal-font-size has-very-dark-gray-color\"><em>PAROLE SCIOLTE \u00e8 un laboratorio in linea con i surrealisti belgi: invece di provare a domare le parole, i surrealisti belgi hanno preferito seguirle in una danza libera. Come si improvvisa con la scrittura? Improvvisare con la scrittura consiste nel dare la possibilit\u00e0 alle parole di sorgere, di guidarci e di sorprenderci\u2026 rendersi disponibile alle associazioni, ai suoni, alle immagini e seguirli\u2026 scoprire dei modi di creare che non hanno niente a che fare con una controllata volont\u00e0.<\/em><\/p>\n\n\n\n<p style=\"background-color:#fce744\" class=\"has-text-color has-background has-very-dark-gray-color\"><em>Si proporr\u00e0 ai partecipanti di sperimentare la scrittura automatica e di utilizzare diverse fonti (la musica, la pittura, la voce\u2026), di avvicinarsi alle parole in diversi modi (con l\u2019attenzione puntata sui suoni, sulle immagini\u2026) e di approfittare dell\u2019esperienza in comune per scambiare le impressioni.<\/em><\/p>\n\n\n\n<p>\u00ab\u00a0<em>PAROLE SCIOLTE<\/em> est un atelier d\u2019\u00e9criture dans la lign\u00e9e des surr\u00e9alistes belges&nbsp;: au lieu de chercher \u00e0 dompter les mots, les surr\u00e9alistes belges ont pr\u00e9f\u00e9r\u00e9 les suivre dans une danse sauvage. Comment improviser dans l\u2019\u00e9criture&nbsp;? Improviser en \u00e9criture c\u2019est ouvrir la possibilit\u00e9 aux mots de surgir, de nous guider et de nous surprendre\u2026 se rendre disponible aux associations, aux sons, aux images et les suivre\u2026 approcher des fa\u00e7ons de cr\u00e9er qui n\u2019ont rien \u00e0 voir avec le contr\u00f4le et la volont\u00e9.<\/p>\n\n\n\n<p>Il sera propos\u00e9 d\u2019exp\u00e9rimenter l\u2019\u00e9criture automatique et le rapport \u00e0 diff\u00e9rentes sources (la musique, la peinture, la voix\u2026), d\u2019explorer plusieurs fa\u00e7ons d\u2019aborder les mots (le son, l\u2019image\u2026) et de profiter de l\u2019exp\u00e9rience en commun pour \u00e9changer ses impressions.\u00a0\u00bb<\/p>\n\n\n\n<div style=\"height:20px\" aria-hidden=\"true\" class=\"wp-block-spacer\"><\/div>\n\n\n\n<p style=\"color:#0077aa\" class=\"has-text-color has-text-align-center has-medium-font-size\">&#8211; <strong>Deux formes<\/strong> &#8211;<\/p>\n\n\n\n<p>Les ateliers <em>PAROLE SCIOLTE<\/em> se sont d\u00e9roul\u00e9s <strong>sous deux formes<\/strong> : <\/p>\n\n\n\n<p><strong>\u00b7 <\/strong> l&rsquo;une, <strong>uniquement centr\u00e9e sur l&rsquo;\u00e9criture<\/strong> : r\u00e9parties sur deux journ\u00e9es successives, 2 rencontres de 3 heures constituent un cheminement progressif dans l\u2019univers de l\u2019improvisation \u00e9crite. Ces ateliers ont \u00e9t\u00e9 organis\u00e9s \u00e0 diverses occasions dans la ville de Bologne par les associations culturelles Bologna-Bruxelles A\/R et Oltre ainsi qu&rsquo;\u00e0 Cerveteri par l\u2019Agriturismo Oliveto dei Monti. <br><br> <strong>\u00b7<\/strong>  l&rsquo;autre, <strong>associ\u00e9e au travail d&rsquo;un\u00b7e com\u00e9dien\u00b7ne italien\u00b7ne<\/strong> : le temps d&rsquo;un week-end ou d&rsquo;une semaine, l&rsquo;alternance d&rsquo;ateliers d&rsquo;\u00e9criture et de th\u00e9\u00e2tre permet un prolongement mutuel des approches. Ces ateliers ont eu lieu avec Marco Cupellari \u00e0 Benevento (dans le cadre du festival La Soglia Onirica) et avec Ketty Di Porto \u00e0 Sambuco et \u00e0 Cerveteri (organis\u00e9s par l\u2019Agriturismo Oliveto dei Monti).<\/p>\n\n\n\n<div style=\"height:20px\" aria-hidden=\"true\" class=\"wp-block-spacer\"><\/div>\n\n\n\n<figure class=\"wp-block-image size-large\"><img loading=\"lazy\" decoding=\"async\" width=\"1024\" height=\"682\" src=\"http:\/\/laurencekahn.be\/wp-content\/uploads\/2020\/01\/Pouilles-26.09.14-1-1024x682.jpg\" alt=\"\" class=\"wp-image-1157\" srcset=\"http:\/\/laurencekahn.be\/wp-content\/uploads\/2020\/01\/Pouilles-26.09.14-1-1024x682.jpg 1024w, http:\/\/laurencekahn.be\/wp-content\/uploads\/2020\/01\/Pouilles-26.09.14-1-300x200.jpg 300w, http:\/\/laurencekahn.be\/wp-content\/uploads\/2020\/01\/Pouilles-26.09.14-1-768x511.jpg 768w, http:\/\/laurencekahn.be\/wp-content\/uploads\/2020\/01\/Pouilles-26.09.14-1-1536x1023.jpg 1536w, http:\/\/laurencekahn.be\/wp-content\/uploads\/2020\/01\/Pouilles-26.09.14-1-2048x1364.jpg 2048w, http:\/\/laurencekahn.be\/wp-content\/uploads\/2020\/01\/Pouilles-26.09.14-1-930x620.jpg 930w\" sizes=\"(max-width: 1024px) 100vw, 1024px\" \/><\/figure>\n\n\n\n<p><\/p>\n","protected":false},"excerpt":{"rendered":"<p>De 2007 \u00e0 2013 j&rsquo;ai propos\u00e9 en Italie PAROLE SCIOLTE &#8211; Improvvisazione scritta, des ateliers d&rsquo;improvisation \u00e9crite en italien. &#8211; Pr\u00e9sentation de l&rsquo;atelier &#8211; PAROLE SCIOLTE \u00e8 un laboratorio in linea con i surrealisti belgi: invece di provare a domare le parole, i surrealisti belgi hanno preferito seguirle in una danza libera. Come si improvvisa&hellip;&nbsp;<a href=\"http:\/\/laurencekahn.be\/index.php\/parole-sciolte-improvvisazione-scritta\/\" class=\"\" rel=\"bookmark\">Lire la suite &raquo;<span class=\"screen-reader-text\">PAROLE SCIOLTE &#8211; Improvvisazione scritta<\/span><\/a><\/p>\n","protected":false},"author":1,"featured_media":0,"parent":0,"menu_order":0,"comment_status":"closed","ping_status":"closed","template":"","meta":{"advgb_blocks_editor_width":"","advgb_blocks_columns_visual_guide":"","neve_meta_sidebar":"default","neve_meta_container":"default","neve_meta_enable_content_width":"off","neve_meta_content_width":70,"neve_meta_title_alignment":"","neve_meta_author_avatar":"","neve_post_elements_order":"","neve_meta_disable_header":"off","neve_meta_disable_footer":"off","neve_meta_disable_title":"off","_themeisle_gutenberg_block_has_review":false,"_vp_format_video_url":"","_vp_image_focal_point":[],"footnotes":""},"class_list":["post-151","page","type-page","status-publish","hentry"],"coauthors":[],"author_meta":{"author_link":"http:\/\/laurencekahn.be\/index.php\/author\/admin8756\/","display_name":"admin8756"},"relative_dates":{"created":"Publi\u00e9 6 ans il y a","modified":"Mis \u00e0 jour 6 ans il y a"},"absolute_dates":{"created":"Publi\u00e9 le 17 septembre 2020","modified":"Mise \u00e0 jour le 25 septembre 2020"},"absolute_dates_time":{"created":"Publi\u00e9 le 17 septembre 2020 13 h 54 min","modified":"Mise \u00e0 jour le 25 septembre 2020 15 h 12 min"},"featured_img_caption":"","featured_img":false,"series_order":"","_links":{"self":[{"href":"http:\/\/laurencekahn.be\/index.php\/wp-json\/wp\/v2\/pages\/151"}],"collection":[{"href":"http:\/\/laurencekahn.be\/index.php\/wp-json\/wp\/v2\/pages"}],"about":[{"href":"http:\/\/laurencekahn.be\/index.php\/wp-json\/wp\/v2\/types\/page"}],"author":[{"embeddable":true,"href":"http:\/\/laurencekahn.be\/index.php\/wp-json\/wp\/v2\/users\/1"}],"replies":[{"embeddable":true,"href":"http:\/\/laurencekahn.be\/index.php\/wp-json\/wp\/v2\/comments?post=151"}],"version-history":[{"count":0,"href":"http:\/\/laurencekahn.be\/index.php\/wp-json\/wp\/v2\/pages\/151\/revisions"}],"wp:attachment":[{"href":"http:\/\/laurencekahn.be\/index.php\/wp-json\/wp\/v2\/media?parent=151"}],"curies":[{"name":"wp","href":"https:\/\/api.w.org\/{rel}","templated":true}]}}