{"id":130,"date":"2020-09-17T14:07:30","date_gmt":"2020-09-17T12:07:30","guid":{"rendered":"http:\/\/laurencekahn.be\/?page_id=130"},"modified":"2026-01-14T11:40:58","modified_gmt":"2026-01-14T10:40:58","slug":"ateliers-thematiques","status":"publish","type":"page","link":"http:\/\/laurencekahn.be\/index.php\/ateliers-thematiques\/","title":{"rendered":"Ateliers th\u00e9matiques"},"content":{"rendered":"<div class=\"wp-block-image\">\n<figure class=\"aligncenter\"><img loading=\"lazy\" decoding=\"async\" width=\"1024\" height=\"768\" src=\"http:\/\/laurencekahn.be\/wp-content\/uploads\/2019\/10\/7.02.11-6.2-1024x768.jpg\" alt=\"\" class=\"wp-image-148\" srcset=\"http:\/\/laurencekahn.be\/wp-content\/uploads\/2019\/10\/7.02.11-6.2-1024x768.jpg 1024w, http:\/\/laurencekahn.be\/wp-content\/uploads\/2019\/10\/7.02.11-6.2-300x225.jpg 300w, http:\/\/laurencekahn.be\/wp-content\/uploads\/2019\/10\/7.02.11-6.2-768x576.jpg 768w\" sizes=\"(max-width: 1024px) 100vw, 1024px\" \/><\/figure><\/div>\n\n\n<p class=\"has-normal-font-size\"><strong>Ateliers \u00ab\u00a0th\u00e9matiques\u00a0\u00bb ? Ouh, que je n&rsquo;aime pas ce mot ! <\/strong>Mais je ne vois pas quel autre utiliser pour qualifier ces ateliers associ\u00e9s \u00e0 un sujet de d\u00e9part. Car pour moi, un \u00ab\u00a0th\u00e8me\u00a0\u00bb n&rsquo;est pas plus que cela : une porte d&rsquo;entr\u00e9e. Un terrain de jeu o\u00f9 se balader.  Dont on peut s&rsquo;\u00e9loigner, que l&rsquo;on peut contourner ou prendre \u00e0 contre-sens. <strong>Un point de partance, une suggestion<\/strong>. Sans aucune obligation de rester dans un sillon. <\/p>\n\n\n\n<div style=\"height:50px\" aria-hidden=\"true\" class=\"wp-block-spacer\"><\/div>\n\n\n\n<p class=\"has-text-align-center has-text-color has-medium-font-size\" style=\"color:#0077aa\">&#8211; <strong>Focus sur trois ateliers<\/strong> &#8211;<\/p>\n\n\n\n<div style=\"height:30px\" aria-hidden=\"true\" class=\"wp-block-spacer\"><\/div>\n\n\n<div class=\"kb-gallery-wrap-id-130_dcc7cc-a5 alignnone wp-block-kadence-advancedgallery\"><ul class=\"kb-gallery-ul kb-gallery-non-static kb-gallery-type-grid kb-gallery-id-130_dcc7cc-a5 kb-gallery-caption-style-cover-hover kb-gallery-filter-none\" data-image-filter=\"none\" data-item-selector=\".kadence-blocks-gallery-item\" data-lightbox-caption=\"true\" data-columns-xxl=\"3\" data-columns-xl=\"3\" data-columns-md=\"3\" data-columns-sm=\"2\" data-columns-xs=\"1\" data-columns-ss=\"1\"><li class=\"kadence-blocks-gallery-item\"><div class=\"kadence-blocks-gallery-item-inner\"><figure class=\"kb-gallery-figure kb-gallery-item-has-link kadence-blocks-gallery-item-has-caption\"><a href=\"http:\/\/laurencekahn.be\/?page_id=521&#038;preview=true\" class=\"kb-gallery-item-link\" target=\"_blank\" rel=\"noopener noreferrer\"><div class=\"kb-gal-image-radius\"><div class=\"kb-gallery-image-contain kadence-blocks-gallery-intrinsic kb-gallery-image-ratio-port23 kb-has-image-ratio-port23\" ><img loading=\"lazy\" decoding=\"async\" src=\"http:\/\/laurencekahn.be\/wp-content\/uploads\/2020\/01\/Affiche-spectacle-2-copie.png\" width=\"338\" height=\"670\" alt=\"\" data-full-image=\"http:\/\/laurencekahn.be\/wp-content\/uploads\/2020\/01\/Affiche-spectacle-2-copie.png\" data-light-image=\"http:\/\/laurencekahn.be\/wp-content\/uploads\/2020\/01\/Affiche-spectacle-2-copie.png\" data-id=\"1034\" class=\"wp-image-1034\" srcset=\"http:\/\/laurencekahn.be\/wp-content\/uploads\/2020\/01\/Affiche-spectacle-2-copie.png 338w, http:\/\/laurencekahn.be\/wp-content\/uploads\/2020\/01\/Affiche-spectacle-2-copie-151x300.png 151w\" sizes=\"(max-width: 338px) 100vw, 338px\" \/><\/div><div class=\"kadence-blocks-gallery-item__caption\"> Le spectacle \u00ab\u00a0Tout le monde s&rsquo;appelle Martine\u00a0\u00bb<\/div><\/div><\/a><\/figure><\/div><\/li><li class=\"kadence-blocks-gallery-item\"><div class=\"kadence-blocks-gallery-item-inner\"><figure class=\"kb-gallery-figure kb-gallery-item-has-link kadence-blocks-gallery-item-has-caption\"><a href=\"http:\/\/laurencekahn.be\/?page_id=595&#038;preview=true\" class=\"kb-gallery-item-link\" target=\"_blank\" rel=\"noopener noreferrer\"><div class=\"kb-gal-image-radius\"><div class=\"kb-gallery-image-contain kadence-blocks-gallery-intrinsic kb-gallery-image-ratio-port23 kb-has-image-ratio-port23\" ><img loading=\"lazy\" decoding=\"async\" src=\"http:\/\/laurencekahn.be\/wp-content\/uploads\/2020\/01\/2.02.14-2-copie-1-scaled.jpg\" width=\"1438\" height=\"2560\" alt=\"\" data-full-image=\"http:\/\/laurencekahn.be\/wp-content\/uploads\/2020\/01\/2.02.14-2-copie-1-scaled.jpg\" data-light-image=\"http:\/\/laurencekahn.be\/wp-content\/uploads\/2020\/01\/2.02.14-2-copie-1-scaled.jpg\" data-id=\"1033\" class=\"wp-image-1033\" srcset=\"http:\/\/laurencekahn.be\/wp-content\/uploads\/2020\/01\/2.02.14-2-copie-1-scaled.jpg 1438w, http:\/\/laurencekahn.be\/wp-content\/uploads\/2020\/01\/2.02.14-2-copie-1-168x300.jpg 168w, http:\/\/laurencekahn.be\/wp-content\/uploads\/2020\/01\/2.02.14-2-copie-1-575x1024.jpg 575w, http:\/\/laurencekahn.be\/wp-content\/uploads\/2020\/01\/2.02.14-2-copie-1-768x1367.jpg 768w, http:\/\/laurencekahn.be\/wp-content\/uploads\/2020\/01\/2.02.14-2-copie-1-863x1536.jpg 863w, http:\/\/laurencekahn.be\/wp-content\/uploads\/2020\/01\/2.02.14-2-copie-1-1150x2048.jpg 1150w\" sizes=\"(max-width: 1438px) 100vw, 1438px\" \/><\/div><div class=\"kadence-blocks-gallery-item__caption\">Saint-Gilles, \u00eele des mots<\/div><\/div><\/a><\/figure><\/div><\/li><li class=\"kadence-blocks-gallery-item\"><div class=\"kadence-blocks-gallery-item-inner\"><figure class=\"kb-gallery-figure kb-gallery-item-has-link kadence-blocks-gallery-item-has-caption\"><a href=\"http:\/\/laurencekahn.be\/?page_id=626&#038;preview=true\" class=\"kb-gallery-item-link\" target=\"_blank\" rel=\"noopener noreferrer\"><div class=\"kb-gal-image-radius\"><div class=\"kb-gallery-image-contain kadence-blocks-gallery-intrinsic kb-gallery-image-ratio-port23 kb-has-image-ratio-port23\" ><img loading=\"lazy\" decoding=\"async\" src=\"http:\/\/laurencekahn.be\/wp-content\/uploads\/2020\/01\/5.04.14-1-copie-scaled.jpg\" width=\"2560\" height=\"2318\" alt=\"\" data-full-image=\"http:\/\/laurencekahn.be\/wp-content\/uploads\/2020\/01\/5.04.14-1-copie-scaled.jpg\" data-light-image=\"http:\/\/laurencekahn.be\/wp-content\/uploads\/2020\/01\/5.04.14-1-copie-scaled.jpg\" data-id=\"1037\" class=\"wp-image-1037\" srcset=\"http:\/\/laurencekahn.be\/wp-content\/uploads\/2020\/01\/5.04.14-1-copie-scaled.jpg 2560w, http:\/\/laurencekahn.be\/wp-content\/uploads\/2020\/01\/5.04.14-1-copie-300x272.jpg 300w, http:\/\/laurencekahn.be\/wp-content\/uploads\/2020\/01\/5.04.14-1-copie-1024x927.jpg 1024w, http:\/\/laurencekahn.be\/wp-content\/uploads\/2020\/01\/5.04.14-1-copie-768x695.jpg 768w, http:\/\/laurencekahn.be\/wp-content\/uploads\/2020\/01\/5.04.14-1-copie-1536x1391.jpg 1536w, http:\/\/laurencekahn.be\/wp-content\/uploads\/2020\/01\/5.04.14-1-copie-2048x1854.jpg 2048w\" sizes=\"(max-width: 2560px) 100vw, 2560px\" \/><\/div><div class=\"kadence-blocks-gallery-item__caption\">La for\u00eat se raconte<\/div><\/div><\/a><\/figure><\/div><\/li><\/ul><\/div>\n\n\n<div style=\"height:100px\" aria-hidden=\"true\" class=\"wp-block-spacer\"><\/div>\n\n\n\n<p class=\"has-text-align-center has-text-color has-medium-font-size\" style=\"color:#0077aa\">&#8211; <strong>Pr\u00e9sentation succincte des ateliers th\u00e9matiques r\u00e9alis\u00e9s<\/strong> &#8211;<\/p>\n\n\n\n<p class=\"has-text-align-center\">Parmi les associations et les lieux avec lesquels j&rsquo;ai travaill\u00e9, je peux citer :<\/p>\n\n\n\n<p class=\"has-text-align-center has-text-color\" style=\"color:#f3690e\"><strong>LE TH\u00c9\u00c2TRE LES TANNEURS<\/strong><\/p>\n\n\n\n<p class=\"has-text-align-center\">Autour du spectacle <em>Contes d&rsquo;automne<\/em> : \u00e9criture de <strong>contes<\/strong> selon la forme adopt\u00e9e par Gr\u00e9goire Solotareff (courts, mettant en sc\u00e8ne des animaux).<br>&#8212;&#8212;<br>Projet-Quartier avec des habitants ou habitu\u00e9s du quartier des Marolles : cr\u00e9ation de textes pour former le <strong>spectacle<\/strong> <a rel=\"noreferrer noopener\" aria-label=\"le spectacle Tout le monde s'appelle Martine (s\u2019ouvre dans un nouvel onglet)\" href=\"http:\/\/laurencekahn.be\/?page_id=521&amp;preview=true\" target=\"_blank\"><em>Tout le monde s&rsquo;appelle Martine<\/em><\/a>.<br>&#8212;&#8212;<br>Autour du spectacle<em> Tout le monde s&rsquo;appelle Martine <\/em>:<em> <\/em>invention d&rsquo;<strong>histoires<\/strong> ayant la petite Martine des livres pour enfants comme personnage principal.<br>&#8212;&#8212;<br><strong>&nbsp;<\/strong><em>Marolles, ma DiverCit\u00e9 ! <\/em>: \u00e9criture de <strong>fragments<\/strong> (textes courts) sur le quartier des Marolles.<br>&#8212;&#8212;<br>Atelier de <strong>textes sur la famille<\/strong> pour nourrir le processus de cr\u00e9ation du spectacle <em>Valses de famille<\/em>.<br>&#8212;&#8212;<br>Autour du spectacle <em>Les mari\u00e9s de la Tour Eiffel<\/em> : \u00e9criture de <strong>t\u00e9l\u00e9grammes de f\u00e9licitations<\/strong> dans l\u2019esprit de Cocteau (cr\u00e9er la surprise en partant de lieux communs) associ\u00e9e \u00e0 un atelier de mise en page de Michel Li\u00e9geois.<br>&#8212;&#8212;<br>Atelier <em>Traces<\/em> : <strong>recueil d&rsquo;impressions<\/strong> avec le comit\u00e9 des spectateur\u00b7rice\u00b7s suite \u00e0 la vision des spectacles <em>La trag\u00e9die comique<\/em> et <em>Une soci\u00e9t\u00e9 de services<\/em>.<br>&#8212;&#8212;<br>Autour du spectacle <em>Jojo au bord du monde <\/em>:<em>&nbsp;<\/em>invention d&rsquo;<strong>histoires<\/strong> ayant le jeune Jojo comme personnage principal. <\/p>\n\n\n\n<p class=\"has-text-align-center has-black-color has-text-color has-normal-font-size\">  <strong>\u2022<\/strong>   <\/p>\n\n\n\n<p class=\"has-text-align-center has-text-color\" style=\"color:#f3690e\"><strong>LE CARIA<\/strong><\/p>\n\n\n\n<p class=\"has-text-align-center\">R\u00e9alisation de textes en lien avec <strong>les droits des femmes<\/strong>.<\/p>\n\n\n\n<p class=\"has-text-align-center has-black-color has-text-color\"> <strong>\u2022<\/strong>   <\/p>\n\n\n\n<p class=\"has-text-align-center has-text-color\" style=\"color:#f3690e\"><strong>EYAD<\/strong><\/p>\n\n\n\n<p class=\"has-text-align-center\">Ateliers li\u00e9s au th\u00e8me <strong>\u00ab\u00a0Eau, source de vie\u00a0\u00bb<\/strong>.<\/p>\n\n\n\n<p class=\"has-text-align-center has-black-color has-text-color\"> <strong>\u2022<\/strong> <\/p>\n\n\n\n<p class=\"has-text-align-center has-text-color\" style=\"color:#f3690e\"><strong>LE COMIT\u00c9 CULTUREL DU CPAS DE SAINT-GILLES<\/strong><\/p>\n\n\n\n<p class=\"has-text-align-center\"><strong>Recueil de souvenirs<\/strong> suite aux sorties du comit\u00e9 culturel.<\/p>\n\n\n\n<p class=\"has-text-align-center has-black-color has-text-color\"><strong>\u2022<\/strong><\/p>\n\n\n\n<p class=\"has-text-align-center has-text-color\" style=\"color:#f3690e\"><strong>LE CPAS D&rsquo;UCCLE et ARTICLE 27<\/strong><\/p>\n\n\n\n<p class=\"has-text-align-center\"><strong>\u00c9criture de chansons<\/strong> et mise en musique en collaboration avec le musicien Philippe Van Bellinghen.<\/p>\n\n\n\n<p class=\"has-text-align-center has-black-color has-text-color\"><strong>\u2022<\/strong><\/p>\n\n\n\n<p class=\"has-text-align-center has-text-color\" style=\"color:#f3690e\"><strong>LE CENTRE VID\u00c9O DE BRUXELLES et PLUS T\u00d4T TE LAAT<\/strong><\/p>\n\n\n\n<p class=\"has-text-align-center\">Divers ateliers th\u00e9matiques pour les <a rel=\"noreferrer noopener\" aria-label=\"Ateliers urbains  (s\u2019ouvre dans un nouvel onglet)\" href=\"http:\/\/www.mondequibouge.be\/index.php\/2013\/02\/les-ateliers-urbains-a-bruxelles-une-reflexion-sur-la-ville\/\" target=\"_blank\">Ateliers urbains <\/a>:<br><br>Pour <a rel=\"noreferrer noopener\" aria-label=\"l'exposition \u00e9volutive (s\u2019ouvre dans un nouvel onglet)\" href=\"http:\/\/www.ieb.be\/Ateliers-urbains-3-Bxxl\" target=\"_blank\">l&rsquo;exposition \u00e9volutive<\/a> au Pianofabriek : ateliers <strong>\u00ab\u00a0L&rsquo;eau dans la ville\u00a0\u00bb<\/strong><em> <\/em>et <strong>\u00ab\u00a0Toponymie\u00a0\u00bb<\/strong>.<br>&#8212;&#8212;<br>Pour le film <em><a rel=\"noreferrer noopener\" aria-label=\"Goujons 59\/63 (s\u2019ouvre dans un nouvel onglet)\" href=\"https:\/\/vimeo.com\/122083667\" target=\"_blank\">Goujons 59\/63<\/a><\/em> : atelier sur <strong>la vie quotidienne dans les logements sociaux<\/strong> <strong>des Goujons<\/strong> \u00e0 Anderlecht.<br>&#8212;&#8212;<br>Pour la r\u00e9alisation du journal <a rel=\"noreferrer noopener\" aria-label=\"Banc public (s\u2019ouvre dans un nouvel onglet)\" href=\"http:\/\/www.ieb.be\/IMG\/pdf\/banc_publiek_2014.pdf\" target=\"_blank\"><em>Banc public<\/em><\/a> : ateliers sur <strong>le mobilier urbain<\/strong>.<\/p>\n\n\n\n<p class=\"has-text-align-center has-black-color has-text-color\"><strong>\u2022<\/strong><\/p>\n\n\n\n<p class=\"has-text-align-center has-text-color\" style=\"color:#f3690e\"><strong>LA MAISON DU LIVRE<\/strong><\/p>\n\n\n\n<p class=\"has-text-align-center\"><em><a rel=\"noreferrer noopener\" aria-label=\"Un temps pour savourer (s\u2019ouvre dans un nouvel onglet)\" href=\"http:\/\/www.lamaisondulivre.be\/spip.php?rubrique86\" target=\"_blank\">Un temps pour savourer<\/a> <\/em>:<em> <\/em>atelier bas\u00e9 sur <strong>la fl\u00e2nerie<\/strong>.<br>&#8212;&#8212;<br><em>Regard(s) <\/em>: <strong>recueil d&rsquo;impressions<\/strong> suite \u00e0 l&rsquo;exposition <em>Ribambelles <\/em>de Lo\u00efc Gaume.<br>&#8212;&#8212;<br><em><a rel=\"noreferrer noopener\" aria-label=\"Saint-Gilles, \u00eele des mots (s\u2019ouvre dans un nouvel onglet)\" href=\"http:\/\/www.lamaisondulivre.be\/spip.php?rubrique101\" target=\"_blank\">Saint-Gilles, \u00eele des mots<\/a><\/em> : ateliers d&rsquo;<strong>exploration de la commune<\/strong> dans le cadre de \u00ab Saint-Gilles, Ville des Mots 2015 \u00bb prolong\u00e9s par la r\u00e9alisation d\u2019affiches (encadr\u00e9e par Axel Claes de Plus T\u00f4t Te Laat) et une lecture publique \u00e0 la librairie C\u00e9pages.<\/p>\n\n\n\n<p class=\"has-text-align-center has-black-color has-text-color\"><strong>\u2022<\/strong><\/p>\n\n\n\n<p class=\"has-text-align-center has-text-color\" style=\"color:#f3690e\"><strong>LA BIBLIOTH\u00c8QUE DES RICHES CLAIRES<\/strong><\/p>\n\n\n\n<p class=\"has-text-align-center\"><em><a rel=\"noreferrer noopener\" aria-label=\"La langue fran\u00e7aise festiboule (s\u2019ouvre dans un nouvel onglet)\" href=\"http:\/\/www.brunette.brucity.be\/bib\/bibp1\/2016%20pdf\/2016%20La%20langue%20fran%C3%A7aise%20festiboule.pdf\" target=\"_blank\">La langue fran\u00e7aise festiboule<\/a><\/em> : invitation \u00e0 jouer avec la langue fran\u00e7aise, \u00e0 <strong>inventer des mots et des expressions<\/strong>, dans le cadre des activit\u00e9s programm\u00e9es par <em>La langue fran\u00e7aise en f\u00eate<\/em>.<\/p>\n\n\n\n<p class=\"has-text-align-center has-black-color has-text-color\"><strong>\u2022<\/strong><\/p>\n\n\n\n<p class=\"has-text-align-center has-text-color\" style=\"color:#f3690e\"><strong>LA ROSERAIE<\/strong><\/p>\n\n\n\n<p class=\"has-text-align-center\">Autour du spectacle <em>La convivialit\u00e9 <\/em>: atelier de <strong>jeux avec les mots<\/strong> pour des enfants de 5\u00e8me et 6\u00e8me primaires.<br>&#8212;&#8212;<br><strong>en partenariat avec LA V\u00c9NERIE<\/strong><br><em><a href=\"http:\/\/laurencekahn.be\/?page_id=626&amp;preview=true\" target=\"_blank\" rel=\"noreferrer noopener\">La for\u00eat se raconte<\/a><\/em> : ateliers sur <strong>la for\u00eat<\/strong> pour deux classes de 4\u00e8me primaire comprenant des promenades en for\u00eat de Soignes, des ateliers de science (Fran\u00e7ois Chamaraux), de danse (Federica Antonnelli) et d&rsquo;\u00e9criture.<br>&#8212;&#8212;<br><strong>en partenariat avec<\/strong> <strong>LE CENTRE CULTUREL JACQUES FRANCK<\/strong><br><em>La danse des mots<\/em> : ateliers d&rsquo;<strong>\u00e9criture et danse<\/strong> (Federica Antonnelli) sur <strong>le voyage<\/strong> avec une classe de 4\u00e8me primaire de l&rsquo;Ath\u00e9n\u00e9e Royal Victor Horta.<br>&#8212;&#8212;<br><em>Inventer un nouveau monde<\/em> : ateliers de <strong>cr\u00e9ation d&rsquo;univers<\/strong> <strong>imaginaires<\/strong> avec une classe de 6\u00e8me primaire \u00e0 l&rsquo;\u00e9cole Sainte-Al\u00e8ne dans le cadre des <a href=\"https:\/\/roseraie.org\/bulle-dart\/\" target=\"_blank\" rel=\"noreferrer noopener\">\u00ab\u00a0bulles d&rsquo;art \u00e0 l&rsquo;\u00e9cole\u00a0\u00bb<\/a>.<br>&#8212;&#8212;<br><strong>en partenariat avec<\/strong> <strong>LE CENTRE CULTUREL JACQUES FRANCK<\/strong><br><em>La danse des mots<\/em> <em>2<\/em> : ateliers d&rsquo;<strong>improvisation avec les mots et danse<\/strong> (Federica Antonnelli) sur <strong>le voyage<\/strong> avec une classe de 3\u00e8me primaire de l&rsquo;Ath\u00e9n\u00e9e Royal Victor Horta.<\/p>\n\n\n\n<p class=\"has-text-align-center\"><strong>\u2022<\/strong><\/p>\n\n\n\n<p class=\"has-text-align-center has-text-color\" style=\"color:#f3690e\"><strong>ATELIER GRAFFITI<\/strong><\/p>\n\n\n\n<p class=\"has-text-align-center\">Ateliers d\u2019<strong>improvisation \u00e9crite, th\u00e9\u00e2tre et illustration<\/strong> avec des enfants de 5 \u00e0 12 ans en collaboration avec Lo\u00efc Holzemer, David Caryn et Thomas Vermeire.<\/p>\n\n\n\n<p class=\"has-text-align-center has-black-color has-text-color\"><strong>\u2022<\/strong><\/p>\n\n\n\n<p class=\"has-text-align-center has-text-color\" style=\"color:#f3690e\"><strong>CEC LES ATELIERS LA T\u00caTE EN L&rsquo;AIR\/CENTRAL<\/strong><\/p>\n\n\n\n<p class=\"has-text-align-center\"><strong>en partenariat avec<\/strong> <strong>LA LIGUE DES FAMILLES DE LA LOUVI\u00c8RE<\/strong><br><em>De l\u2019oralit\u00e9 au plaisir d\u2019\u00e9crire<\/em> : ateliers d\u2019<strong>\u00e9criture et th\u00e9\u00e2tre<\/strong> avec un groupe d\u2019adultes suivant des cours de FLE.<br>&#8212;&#8212;<br><strong>en partenariat avec<\/strong> <strong>LA LIGUE DES FAMILLES DE LA LOUVI\u00c8RE<\/strong><br><em>Au bout du fil<\/em> : ateliers d\u2019<strong>\u00e9criture et th\u00e9\u00e2tre<\/strong> avec un groupe d\u2019adultes suivant des cours de FLE dans le cadre de la cr\u00e9ation collective <em>Au bout du fil<\/em> pr\u00e9sent\u00e9e au Th\u00e9\u00e2tre de La Louvi\u00e8re.<br>&#8212;&#8212;<br><strong>en partenariat avec ARTICLE 27<\/strong><br><em>Parade<\/em> : ateliers d\u2019<strong>\u00e9criture et danse <\/strong>(Alexis Tomasello) avec des jeunes de 12 \u00e0 16 ans en vue de participer \u00e0 la parade de la Journ\u00e9e mondiale du louvi\u00e9rois le 18 mai 2024 dans les rues de La Louvi\u00e8re.<\/p>\n\n\n\n<p class=\"has-text-align-center\"><strong>\u2022<\/strong><\/p>\n\n\n\n<p class=\"has-text-align-center has-text-color advgb-dyn-16cdcea0\" style=\"color:#f3690e\"><strong>LE MUS\u00c9E D&rsquo;IXELLES<\/strong><\/p>\n\n\n\n<p class=\"has-text-align-center\">Ateliers r\u00e9alis\u00e9s \u00e0 partir de quatre \u0153uvres du Mus\u00e9e d&rsquo;Ixelles dans le but de cr\u00e9er des <strong>cartels sensibles<\/strong>, courts textes en lien avec ces \u0153uvres.<\/p>\n\n\n\n<p class=\"has-text-align-center\"><strong>\u2022<\/strong><\/p>\n\n\n\n<p class=\"has-text-align-center has-text-color has-link-color wp-elements-057949e8cc3c4c5670692742d351388a advgb-dyn-b632c371\" style=\"color:#f3690e\"><strong>LE CPAS D&rsquo;UCCLE et ARTICLE 27<\/strong><\/p>\n\n\n\n<p class=\"has-text-align-center\"><em>Le droit de choisir<\/em> : ateliers d&rsquo;<strong>\u00e9criture et improvisation th\u00e9\u00e2trale<\/strong> avec des usag\u00e8res du CPAS d\u2019Ixelles afin de r\u00e9aliser un podcast.<\/p>\n\n\n\n<p class=\"has-text-align-center\"><strong>\u2022<\/strong><\/p>\n\n\n\n<p class=\"has-text-align-center has-text-color has-link-color wp-elements-9e2d92e4e8136523a4af154e2e614687 advgb-dyn-3496c0c1\" style=\"color:#f3690e\"><strong>SOS JEUNES et ARTICLE 27<\/strong><\/p>\n\n\n\n<p><em>\u00c9criture et voix <\/em>: ateliers avec des usager\u00b7\u00e8res de SOS jeunes afin de permettre <strong>l&rsquo;expression \u00e9crite puis l&rsquo;enregistrement des voix<\/strong> (R\u00e9mi Pons).<\/p>\n\n\n\n<p class=\"has-text-align-center\"><strong>\u2022<\/strong><\/p>\n\n\n\n<p><\/p>\n<style class=\"advgb-styles-renderer\">.wp-block-kadence-advancedgallery .kb-gallery-type-grid.kb-gallery-id-130_dcc7cc-a5{margin:-8px;}.kb-gallery-type-grid.kb-gallery-id-130_dcc7cc-a5 .kadence-blocks-gallery-item{padding:8px;}.kb-gallery-id-130_dcc7cc-a5 .kadence-blocks-gallery-item .kb-gal-image-radius, .kb-gallery-id-130_dcc7cc-a5 .kb-slide-item .kb-gal-image-radius img{border-radius:0px 0px 0px 0px;;}.kb-gallery-id-130_dcc7cc-a5 .kadence-blocks-gallery-item .kadence-blocks-gallery-item-inner .kadence-blocks-gallery-item__caption{font-size:18px;letter-spacing:1.3px;font-weight:bold;}.kb-gallery-caption-style-cover-hover.kb-gallery-id-130_dcc7cc-a5 .kadence-blocks-gallery-item .kadence-blocks-gallery-item-inner .kadence-blocks-gallery-item__caption, .kb-gallery-caption-style-below.kb-gallery-id-130_dcc7cc-a5 .kadence-blocks-gallery-item .kadence-blocks-gallery-item-inner .kadence-blocks-gallery-item__caption{background:rgba(243, 105, 14, 0.85);}<\/style>","protected":false},"excerpt":{"rendered":"<p>Ateliers \u00ab\u00a0th\u00e9matiques\u00a0\u00bb ? Ouh, que je n&rsquo;aime pas ce mot ! Mais je ne vois pas quel autre utiliser pour qualifier ces ateliers associ\u00e9s \u00e0 un sujet de d\u00e9part. Car pour moi, un \u00ab\u00a0th\u00e8me\u00a0\u00bb n&rsquo;est pas plus que cela : une porte d&rsquo;entr\u00e9e. Un terrain de jeu o\u00f9 se balader. Dont on peut s&rsquo;\u00e9loigner, que&hellip;&nbsp;<a href=\"http:\/\/laurencekahn.be\/index.php\/ateliers-thematiques\/\" class=\"\" rel=\"bookmark\">Lire la suite &raquo;<span class=\"screen-reader-text\">Ateliers th\u00e9matiques<\/span><\/a><\/p>\n","protected":false},"author":1,"featured_media":0,"parent":0,"menu_order":0,"comment_status":"closed","ping_status":"closed","template":"","meta":{"advgb_blocks_editor_width":"","advgb_blocks_columns_visual_guide":"","neve_meta_sidebar":"default","neve_meta_container":"default","neve_meta_enable_content_width":"off","neve_meta_content_width":70,"neve_meta_title_alignment":"","neve_meta_author_avatar":"","neve_post_elements_order":"","neve_meta_disable_header":"off","neve_meta_disable_footer":"off","neve_meta_disable_title":"off","_themeisle_gutenberg_block_has_review":false,"_vp_format_video_url":"","_vp_image_focal_point":[],"footnotes":""},"class_list":["post-130","page","type-page","status-publish","hentry"],"coauthors":[],"author_meta":{"author_link":"http:\/\/laurencekahn.be\/index.php\/author\/admin8756\/","display_name":"admin8756"},"relative_dates":{"created":"Publi\u00e9 6 ans il y a","modified":"Mis \u00e0 jour 3 mois il y a"},"absolute_dates":{"created":"Publi\u00e9 le 17 septembre 2020","modified":"Mise \u00e0 jour le 14 janvier 2026"},"absolute_dates_time":{"created":"Publi\u00e9 le 17 septembre 2020 14 h 07 min","modified":"Mise \u00e0 jour le 14 janvier 2026 11 h 40 min"},"featured_img_caption":"","featured_img":false,"series_order":"","_links":{"self":[{"href":"http:\/\/laurencekahn.be\/index.php\/wp-json\/wp\/v2\/pages\/130"}],"collection":[{"href":"http:\/\/laurencekahn.be\/index.php\/wp-json\/wp\/v2\/pages"}],"about":[{"href":"http:\/\/laurencekahn.be\/index.php\/wp-json\/wp\/v2\/types\/page"}],"author":[{"embeddable":true,"href":"http:\/\/laurencekahn.be\/index.php\/wp-json\/wp\/v2\/users\/1"}],"replies":[{"embeddable":true,"href":"http:\/\/laurencekahn.be\/index.php\/wp-json\/wp\/v2\/comments?post=130"}],"version-history":[{"count":5,"href":"http:\/\/laurencekahn.be\/index.php\/wp-json\/wp\/v2\/pages\/130\/revisions"}],"predecessor-version":[{"id":4476,"href":"http:\/\/laurencekahn.be\/index.php\/wp-json\/wp\/v2\/pages\/130\/revisions\/4476"}],"wp:attachment":[{"href":"http:\/\/laurencekahn.be\/index.php\/wp-json\/wp\/v2\/media?parent=130"}],"curies":[{"name":"wp","href":"https:\/\/api.w.org\/{rel}","templated":true}]}}