{"id":128,"date":"2020-09-16T18:40:58","date_gmt":"2020-09-16T16:40:58","guid":{"rendered":"http:\/\/laurencekahn.be\/?page_id=128"},"modified":"2026-04-16T09:42:40","modified_gmt":"2026-04-16T07:42:40","slug":"ateliers-decriture","status":"publish","type":"page","link":"http:\/\/laurencekahn.be\/index.php\/ateliers-decriture\/","title":{"rendered":"Ateliers d&rsquo;\u00e9criture"},"content":{"rendered":"\n<p class=\"has-black-color has-text-color\">Les ateliers d&rsquo;\u00e9criture que je propose ont des contenus variables selon l&rsquo;objectif recherch\u00e9. Ils peuvent \u00eatre \u00ab\u00a0<strong>th\u00e9matiques<\/strong>\u00a0\u00bb quand ils invitent \u00e0 approfondir un sujet particulier. Par contre, je les intitule \u00ab\u00a0ateliers <strong>d&rsquo;improvisation \u00e9crite<\/strong>\u00a0\u00bb quand il s&rsquo;agit d&rsquo;explorer l&rsquo;\u00e9criture pour elle-m\u00eame, en tant que mati\u00e8re faite de sons, d&rsquo;images et de rythmes.<\/p>\n\n\n\n<p class=\"has-black-color has-text-color\">Dans tous les cas, les ateliers sont <strong>des espaces de jeu<\/strong>. Avec tout ce que le jeu comporte de risques s\u00e9curis\u00e9s, de tentatives palpitantes, d&rsquo;engagement, de plaisir et de profondeur sous-jacente. <a href=\"http:\/\/laurencekahn.be\/?page_id=4397&amp;preview=true\" data-type=\"link\" data-id=\"http:\/\/laurencekahn.be\/?page_id=4397&amp;preview=true\" target=\"_blank\" rel=\"noreferrer noopener\">Liste<\/a> des ateliers r\u00e9alis\u00e9s.<\/p>\n\n\n\n<div style=\"height:0px\" aria-hidden=\"true\" class=\"wp-block-spacer\"><\/div>\n\n\n\n<div class=\"wp-block-columns has-2-columns is-layout-flex wp-container-core-columns-is-layout-1 wp-block-columns-is-layout-flex\">\n<div class=\"wp-block-column is-layout-flow wp-block-column-is-layout-flow\">\n<p class=\"has-text-align-center\"><a rel=\"noreferrer noopener\" aria-label=\"Ateliers th\u00e9matiques (s\u2019ouvre dans un nouvel onglet)\" href=\"http:\/\/laurencekahn.be\/?page_id=130&amp;preview=true\" target=\"_blank\"><strong>Ateliers th\u00e9matiques<\/strong><\/a><\/p>\n\n\n\n<figure class=\"wp-block-image\"><a href=\"http:\/\/laurencekahn.be\/?page_id=130&amp;preview=true\" target=\"_blank\" rel=\"noreferrer noopener\"><img loading=\"lazy\" decoding=\"async\" width=\"1024\" height=\"768\" src=\"http:\/\/laurencekahn.be\/wp-content\/uploads\/2019\/10\/7.02.11-6.2-1024x768.jpg\" alt=\"\" class=\"wp-image-148\" srcset=\"http:\/\/laurencekahn.be\/wp-content\/uploads\/2019\/10\/7.02.11-6.2-1024x768.jpg 1024w, http:\/\/laurencekahn.be\/wp-content\/uploads\/2019\/10\/7.02.11-6.2-300x225.jpg 300w, http:\/\/laurencekahn.be\/wp-content\/uploads\/2019\/10\/7.02.11-6.2-768x576.jpg 768w\" sizes=\"(max-width: 1024px) 100vw, 1024px\" \/><\/a><\/figure>\n<\/div>\n\n\n\n<div class=\"wp-block-column is-layout-flow wp-block-column-is-layout-flow\">\n<p class=\"has-text-align-center\"><a rel=\"noreferrer noopener\" aria-label=\"Ateliers d'improvisation \u00e9crite (s\u2019ouvre dans un nouvel onglet)\" href=\"http:\/\/laurencekahn.be\/?page_id=129&amp;preview=true\" target=\"_blank\"><strong>Ateliers d&rsquo;improvisation \u00e9crite<\/strong><\/a><\/p>\n\n\n\n<figure class=\"wp-block-image\"><a href=\"http:\/\/laurencekahn.be\/?page_id=129&amp;preview=true\" target=\"_blank\" rel=\"noreferrer noopener\"><img loading=\"lazy\" decoding=\"async\" width=\"1024\" height=\"768\" src=\"http:\/\/laurencekahn.be\/wp-content\/uploads\/2019\/10\/7.02.11-4-1024x768.jpg\" alt=\"\" class=\"wp-image-142\" srcset=\"http:\/\/laurencekahn.be\/wp-content\/uploads\/2019\/10\/7.02.11-4-1024x768.jpg 1024w, http:\/\/laurencekahn.be\/wp-content\/uploads\/2019\/10\/7.02.11-4-300x225.jpg 300w, http:\/\/laurencekahn.be\/wp-content\/uploads\/2019\/10\/7.02.11-4-768x576.jpg 768w\" sizes=\"(max-width: 1024px) 100vw, 1024px\" \/><\/a><\/figure>\n<\/div>\n<\/div>\n\n\n\n<p><\/p>\n\n\n\n<p><\/p>\n","protected":false},"excerpt":{"rendered":"<p>Les ateliers d&rsquo;\u00e9criture que je propose ont des contenus variables selon l&rsquo;objectif recherch\u00e9. Ils peuvent \u00eatre \u00ab\u00a0th\u00e9matiques\u00a0\u00bb quand ils invitent \u00e0 approfondir un sujet particulier. Par contre, je les intitule \u00ab\u00a0ateliers d&rsquo;improvisation \u00e9crite\u00a0\u00bb quand il s&rsquo;agit d&rsquo;explorer l&rsquo;\u00e9criture pour elle-m\u00eame, en tant que mati\u00e8re faite de sons, d&rsquo;images et de rythmes. Dans tous les cas,&hellip;&nbsp;<a href=\"http:\/\/laurencekahn.be\/index.php\/ateliers-decriture\/\" class=\"\" rel=\"bookmark\">Lire la suite &raquo;<span class=\"screen-reader-text\">Ateliers d&rsquo;\u00e9criture<\/span><\/a><\/p>\n","protected":false},"author":1,"featured_media":0,"parent":0,"menu_order":0,"comment_status":"closed","ping_status":"closed","template":"","meta":{"advgb_blocks_editor_width":"","advgb_blocks_columns_visual_guide":"","neve_meta_sidebar":"full-width","neve_meta_container":"default","neve_meta_enable_content_width":"off","neve_meta_content_width":70,"neve_meta_title_alignment":"","neve_meta_author_avatar":"","neve_post_elements_order":"","neve_meta_disable_header":"off","neve_meta_disable_footer":"off","neve_meta_disable_title":"off","_themeisle_gutenberg_block_has_review":false,"_vp_format_video_url":"","_vp_image_focal_point":[],"footnotes":""},"class_list":["post-128","page","type-page","status-publish","hentry"],"coauthors":[],"author_meta":{"author_link":"http:\/\/laurencekahn.be\/index.php\/author\/admin8756\/","display_name":"admin8756"},"relative_dates":{"created":"Publi\u00e9 6 ans il y a","modified":"Mis \u00e0 jour 2 semaines il y a"},"absolute_dates":{"created":"Publi\u00e9 le 16 septembre 2020","modified":"Mise \u00e0 jour le 16 avril 2026"},"absolute_dates_time":{"created":"Publi\u00e9 le 16 septembre 2020 18 h 40 min","modified":"Mise \u00e0 jour le 16 avril 2026 9 h 42 min"},"featured_img_caption":"","featured_img":false,"series_order":"","_links":{"self":[{"href":"http:\/\/laurencekahn.be\/index.php\/wp-json\/wp\/v2\/pages\/128"}],"collection":[{"href":"http:\/\/laurencekahn.be\/index.php\/wp-json\/wp\/v2\/pages"}],"about":[{"href":"http:\/\/laurencekahn.be\/index.php\/wp-json\/wp\/v2\/types\/page"}],"author":[{"embeddable":true,"href":"http:\/\/laurencekahn.be\/index.php\/wp-json\/wp\/v2\/users\/1"}],"replies":[{"embeddable":true,"href":"http:\/\/laurencekahn.be\/index.php\/wp-json\/wp\/v2\/comments?post=128"}],"version-history":[{"count":5,"href":"http:\/\/laurencekahn.be\/index.php\/wp-json\/wp\/v2\/pages\/128\/revisions"}],"predecessor-version":[{"id":4480,"href":"http:\/\/laurencekahn.be\/index.php\/wp-json\/wp\/v2\/pages\/128\/revisions\/4480"}],"wp:attachment":[{"href":"http:\/\/laurencekahn.be\/index.php\/wp-json\/wp\/v2\/media?parent=128"}],"curies":[{"name":"wp","href":"https:\/\/api.w.org\/{rel}","templated":true}]}}